{"id":2550,"date":"2024-12-21T13:55:54","date_gmt":"2024-12-21T13:55:54","guid":{"rendered":"http:\/\/elitesoftkeys.com\/?product=windows-server-2025-standard-16-core"},"modified":"2025-07-06T14:07:04","modified_gmt":"2025-07-06T14:07:04","slug":"windows-server-2025-standard-16-core","status":"publish","type":"product","link":"https:\/\/elitesoftkeys.com\/es\/producto\/windows-server-2025-standard-16-core\/","title":{"rendered":"Windows Server 2025 Standard (16 n\u00facleos)"},"content":{"rendered":"<p>Windows Server 2025 est\u00e1 dise\u00f1ado para empresas con m\u00e1s de 25 usuarios y 50 dispositivos, y ofrece una plataforma s\u00f3lida para ejecutar cargas de trabajo cr\u00edticas para el negocio en el centro de datos, la nube y la red perimetral.<\/p>\n<p>Caracter\u00edsticas principales:<\/p>\n<p>Seguridad avanzada multinivel: protecci\u00f3n contra amenazas con capacidades avanzadas.<\/p>\n<p>Gesti\u00f3n h\u00edbrida mejorada: herramientas mejoradas para gestionar servidores h\u00edbridos.<\/p>\n<p>Paquete de licencias: incluye 16 licencias principales y CAL (licencias de acceso de cliente) adicionales.<\/p>\n<p>Soporte multiling\u00fce: disponible en chino (simplificado), ingl\u00e9s, franc\u00e9s, alem\u00e1n, italiano, japon\u00e9s, ruso y espa\u00f1ol.<\/p>\n<p>Innovaciones de Windows Server 2025:<\/p>\n<p>Windows Server 2025 se basa en la base s\u00f3lida de Windows Server 2022 y aporta numerosas innovaciones en tres \u00e1reas clave: seguridad de m\u00faltiples capas, capacidades h\u00edbridas con Azure y una plataforma de aplicaciones flexible.<\/p>\n<p>Seguridad avanzada:<\/p>\n<p>Almacenamiento central protegido: protege el hardware, el firmware y el sistema operativo contra amenazas avanzadas.<\/p>\n<p>Tecnolog\u00edas de protecci\u00f3n: Incluye Windows Defender y seguridad basada en virtualizaci\u00f3n para minimizar los riesgos de vulnerabilidades de firmware y malware avanzado.<\/p>\n<p>Conectividad segura: presenta conexiones HTTPS cifradas m\u00e1s r\u00e1pidas y seguras, cifrado SMB AES 256 y m\u00e1s.<\/p>\n<p>Gesti\u00f3n mejorada:<\/p>\n<p>Administraci\u00f3n de servidores h\u00edbridos: mejoras significativas en la administraci\u00f3n de m\u00e1quinas virtuales, visor de eventos optimizado y nuevas funciones en Windows Admin Center.<\/p>\n<p>Contenedores de Windows: im\u00e1genes m\u00e1s peque\u00f1as para descargas r\u00e1pidas, herramientas de contenedorizaci\u00f3n y pol\u00edticas de red simplificadas para aplicaciones .NET.<\/p>\n<p>Edici\u00f3n de centro de datos:<\/p>\n<p>Windows Server 2025 es la edici\u00f3n Datacenter m\u00e1s completa e incluye nuevas caracter\u00edsticas espec\u00edficas del centro de datos, como m\u00e1quinas virtuales protegidas, almacenamiento directo y redes definidas por software, as\u00ed como virtualizaci\u00f3n de servidores ilimitada.<\/p>\n<p>\u00bfC\u00f3mo es posible que las licencias de Windows Server 2025 tengan un precio tan bajo?<\/p>\n<p>Ofrecemos licencias minoristas utilizadas y descontinuadas por el anterior propietario, de conformidad con la Directiva CE C-128\/2011. Por ello, puede adquirir la licencia oficial de Windows Server 2025 en nuestra web a un precio asequible.<\/p>\n<p>\u00bfC\u00f3mo recibo mi licencia despu\u00e9s de comprar Windows Server 2025?<\/p>\n<p>Despu\u00e9s de completar su compra, le enviaremos una clave de activaci\u00f3n de licencia por correo electr\u00f3nico.<\/p>\n<p>\u00bfC\u00f3mo descargo, instalo y activo Windows Server 2025?<\/p>\n<p>\u00a1Le proporcionaremos todo lo que necesita! Tras adquirir su licencia, recibir\u00e1 su clave digital y manuales ilustrativos con instrucciones sencillas. Si tiene alguna pregunta, le ofrecemos soporte t\u00e9cnico gratuito a trav\u00e9s de los contactos que encontrar\u00e1 en www.EliteSoftKeys.com.<\/p>\n<p>\u00bfQu\u00e9 puedo hacer si no puedo activar mi licencia de Windows Server 2025?<\/p>\n<p>No hay problema, \u00a1siempre estamos disponibles para ayudarte! Si no puedes activar tu licencia de Windows Server 2025, contacta con nuestro soporte t\u00e9cnico gratuito en el sitio web y proporciona detalles y capturas de pantalla del problema. Te ayudaremos de inmediato.<\/p>","protected":false},"excerpt":{"rendered":"<table style='border-collapse: collapse; width: 100%;'>\n<tr>\n<th>Propiedad<\/th>\n<th>Valor<\/th>\n<\/tr>\n<tr>\n<td>Plataforma<\/td>\n<td>Ventanas<\/td>\n<\/tr>\n<tr>\n<td>Procesador<\/td>\n<td>M\u00ednimo: procesador de 64 bits a 1,4 GHz Compatible con el conjunto de instrucciones x64 Admite NX y DEP Admite CMPXCHG16b, LAHF\/SAHF y PrefetchW Admite traducci\u00f3n de direcciones de segundo nivel (EPT o NPT) Coreinfo, parte de Windows Sysinternals, es una herramienta que puede utilizar para confirmar cu\u00e1l de estas capacidades tiene su CPU.<\/td>\n<\/tr>\n<tr>\n<td>Disco duro<\/td>\n<td>Los equipos con Windows Server deben incluir un adaptador de almacenamiento compatible con la especificaci\u00f3n de arquitectura PCI Express. Los dispositivos de almacenamiento persistente en servidores clasificados como unidades de disco duro no deben ser PATA. Windows Server no permite ATA\/PATA\/IDE\/EIDE para unidades de arranque, paginaci\u00f3n o datos. A continuaci\u00f3n, se indican los requisitos m\u00ednimos estimados de espacio en disco para la partici\u00f3n del sistema. M\u00ednimo: 32 GB<\/td>\n<\/tr>\n<tr>\n<td>RAM<\/td>\n<td>M\u00ednimo: 512 MB (2 GB para la opci\u00f3n de instalaci\u00f3n de servidor con experiencia de escritorio) Tipo ECC (c\u00f3digo de correcci\u00f3n de errores) o tecnolog\u00eda similar, para implementaciones de host f\u00edsico<\/td>\n<\/tr>\n<tr>\n<td>Requisitos del adaptador de red<\/td>\n<td>Los adaptadores de red utilizados con esta versi\u00f3n deben incluir las siguientes caracter\u00edsticas: M\u00ednimo: Un adaptador Ethernet con capacidad de al menos 1 gigabit por segundo, compatible con la especificaci\u00f3n de arquitectura PCI Express. Un adaptador de red compatible con la depuraci\u00f3n de red (KDNet) es \u00fatil, pero no es un requisito m\u00ednimo. Un adaptador de red compatible con el entorno de ejecuci\u00f3n de prearranque (PXE) es \u00fatil, pero no es un requisito m\u00ednimo.<\/td>\n<\/tr>\n<tr>\n<td>Otros requisitos<\/td>\n<td>Las computadoras que ejecutan esta versi\u00f3n tambi\u00e9n deben tener lo siguiente: Unidad de DVD (si pretende instalar el sistema operativo desde un medio de DVD) Los siguientes elementos solo son necesarios para ciertas funciones: Sistema basado en UEFI 2.3.1c y firmware que admita arranque seguro M\u00f3dulo de plataforma confiable Dispositivo gr\u00e1fico y monitor compatible con Super VGA (1024 x 768) o una resoluci\u00f3n superior Teclado y mouse Microsoft (u otro dispositivo se\u00f1alador compatible) Acceso a Internet<\/td>\n<\/tr>\n<\/table>","protected":false},"featured_media":2923,"template":"","meta":{"inline_featured_image":false},"product_brand":[],"product_cat":[108],"product_tag":[],"class_list":{"0":"post-2550","1":"product","2":"type-product","3":"status-publish","4":"has-post-thumbnail","6":"product_cat-server-software","8":"first","9":"instock","10":"sale","11":"virtual","12":"taxable","13":"purchasable","14":"product-type-simple"},"_links":{"self":[{"href":"https:\/\/elitesoftkeys.com\/es\/wp-json\/wp\/v2\/product\/2550","targetHints":{"allow":["GET"]}}],"collection":[{"href":"https:\/\/elitesoftkeys.com\/es\/wp-json\/wp\/v2\/product"}],"about":[{"href":"https:\/\/elitesoftkeys.com\/es\/wp-json\/wp\/v2\/types\/product"}],"version-history":[{"count":0,"href":"https:\/\/elitesoftkeys.com\/es\/wp-json\/wp\/v2\/product\/2550\/revisions"}],"wp:featuredmedia":[{"embeddable":true,"href":"https:\/\/elitesoftkeys.com\/es\/wp-json\/wp\/v2\/media\/2923"}],"wp:attachment":[{"href":"https:\/\/elitesoftkeys.com\/es\/wp-json\/wp\/v2\/media?parent=2550"}],"wp:term":[{"taxonomy":"product_brand","embeddable":true,"href":"https:\/\/elitesoftkeys.com\/es\/wp-json\/wp\/v2\/product_brand?post=2550"},{"taxonomy":"product_cat","embeddable":true,"href":"https:\/\/elitesoftkeys.com\/es\/wp-json\/wp\/v2\/product_cat?post=2550"},{"taxonomy":"product_tag","embeddable":true,"href":"https:\/\/elitesoftkeys.com\/es\/wp-json\/wp\/v2\/product_tag?post=2550"}],"curies":[{"name":"gracias","href":"https:\/\/api.w.org\/{rel}","templated":true}]}}