{"id":2546,"date":"2024-12-21T13:55:50","date_gmt":"2024-12-21T13:55:50","guid":{"rendered":"http:\/\/elitesoftkeys.com\/?product=windows-sql-server-2022-standard-cal"},"modified":"2025-07-06T14:07:04","modified_gmt":"2025-07-06T14:07:04","slug":"windows-sql-server-2022-standard-cal","status":"publish","type":"product","link":"https:\/\/elitesoftkeys.com\/es\/producto\/windows-sql-server-2022-standard-cal\/","title":{"rendered":"Licencia de acceso de cliente (CAL) est\u00e1ndar de Windows SQL Server 2022"},"content":{"rendered":"<p>Este producto hace referencia a la CAL de servicio (licencia de acceso de cliente) para que los usuarios y dispositivos tengan el derecho de acceder al servidor l\u00f3gico de Microsoft instalado en una m\u00e1quina.<\/p>\n<p>SQL Server 2022 (15.x) se aplica a las versiones anteriores para desarrolladores de SQL Server y que la plataforma ofrece opciones para los idiomas de desarrollo, los tipos de datos, los entornos ubicados o las nubes y los sistemas de explotaci\u00f3n.<\/p>\n<p>Caracter\u00edsticas de SQL Server 2022:<\/p>\n<p>Motor base de datos SQL Server. El motor de base de datos SQL Server incluye el motor de base de datos, el servicio de base para el almacenamiento, el tratamiento y la protecci\u00f3n de datos, la r\u00e9plica, la b\u00fasqueda de textos completos, las herramientas de gesti\u00f3n de datos relacionados y XML, la integraci\u00f3n del an\u00e1lisis de las bases de datos y PolyBase para el acceso a fuentes de datos. donn\u00e9es h\u00e9t\u00e9rog\u00e8nes, et les service d&#039;apprentissage automatique pour l&#039;execution de scripts Python and R avec des donn\u00e9es Relationsnelles.<\/p>\n<p>Servicios de an\u00e1lisis. Los servicios de an\u00e1lisis incluyen herramientas que permiten crear y administrar aplicaciones de exploraci\u00f3n de datos y tratamiento anal\u00edtico en l\u00ednea (OLAP).<\/p>\n<p>Servicios de informes. Native Reporting Services incluye componentes cliente y servidor para la creaci\u00f3n, gesti\u00f3n y distribuci\u00f3n de informes tabulares, matrices, gr\u00e1ficos y formatos libres. Reporting Services es tambi\u00e9n una plataforma extensible para el desarrollo de aplicaciones de informes.<\/p>\n<p>Servicios de integraci\u00f3n. Los servicios de integraci\u00f3n son un conjunto de herramientas gr\u00e1ficas y objetos programables que permiten desplazar, copiar y transformar los donn\u00e9es. Incluye tambi\u00e9n el componente DQS (Servicios de calidad de datos) para los servicios de integraci\u00f3n.<\/p>\n<p>Servicios de donn\u00e9es de r\u00e9f\u00e9rence. Master Data Services (MDS) es una soluci\u00f3n SQL Server para la gesti\u00f3n de datos de referencia. MDS puede configurarse para administrar ning\u00fan dominio (productos, clientes, cuentas) y puede incluir jerarqu\u00edas, seguridad granular, transacciones, control de la versi\u00f3n de los donados y reglas comerciales, adem\u00e1s de un m\u00f3dulo complementario para Excel que se puede utilizar para administrar los donados.<\/p>\n<p>Servicios de aprendizaje autom\u00e1tico (en la base de donn\u00e9es). Los servicios de aprendizaje autom\u00e1tico (en la base de datos) se encargan de las soluciones de aprendizaje autom\u00e1tico distribuidas y evolucionadas que utilizan las fuentes de datos empresariales. En SQL Server 2016, el idioma R \u00e9tait pris en charge. SQL Server 2022 (16.x) admite R y Python.<\/p>\n<p>Virtualizaci\u00f3n de donn\u00e9es con PolyBase. Permite realizar solicitudes en diferentes tipos de donn\u00e9es y diferentes tipos de fuentes de donn\u00e9es a partir de SQL Server.<\/p>\n<p>Servicios conectados de Azure. SQL Server 2022 (16.x) incluye los servicios conectados y las funciones de Azure, y comprende la conexi\u00f3n Azure Synapse, la pol\u00edtica de acceso a Microsoft Purview, la extensi\u00f3n Azure para SQL Server, la facturaci\u00f3n por uso y la funci\u00f3n de conexi\u00f3n SQL Managed Instance.<\/p>\n<p>Las funciones siguientes se mejorar\u00e1n en SQL Server 2022:<\/p>\n<p>Analizar<\/p>\n<p>Disponibilidad<\/p>\n<p>Seguridad<\/p>\n<p>Actuaci\u00f3n<\/p>\n<p>Query Store y tratamiento inteligente de solicitudes<\/p>\n<p>Gesti\u00f3n de la informaci\u00f3n<\/p>\n<p>Placa en forma de<\/p>\n<p>Idioma<\/p>\n<p>La edici\u00f3n est\u00e1ndar de SQL Server 2022 proporciona una base de datos para la gesti\u00f3n de datos y la inteligencia econ\u00f3mica, lo que permite a los departamentos y a las peque\u00f1as organizaciones ejecutar aplicaciones y cargar herramientas de desarrollo comunes para entornos locales y nuages, lo que permite una gesti\u00f3n Efficace des bases de donn\u00e9es avec des resources informatiques minimales.<\/p>","protected":false},"excerpt":{"rendered":"<table style='border-collapse: collapse; width: 100%;'>\n<tr>\n<th>Propiedad<\/th>\n<th>Valor<\/th>\n<\/tr>\n<tr>\n<td>Placa en forma de<\/td>\n<td>Ventanas<\/td>\n<\/tr>\n<tr>\n<td>Procesador<\/td>\n<td>Procesador x64: AMD Opteron, AMD Athlon 64, Intel Xeon con soporte Intel EM64T, Intel Pentium IV con soporte EM64T \/<\/td>\n<\/tr>\n<tr>\n<td>Espacio disco<\/td>\n<td>Al menos 6 Go<\/td>\n<\/tr>\n<tr>\n<td>RAM<\/td>\n<td>M\u00ednimo: 1 Go Recomendado: al menos 4 Go, que debe ser aumentado au fur y a medida que la cola de la base de donn\u00e9es aumenta para garantizar un rendimiento \u00f3ptimo.<\/td>\n<\/tr>\n<tr>\n<td>Compatibilidad de sistemas<\/td>\n<td>Windows 10 TH1 1507 o versi\u00f3n anterior. Windows Server 2016 o superior.<\/td>\n<\/tr>\n<tr>\n<td>Exigencias en mati\u00e8re de r\u00e9seau<\/td>\n<td>Los sistemas de explotaci\u00f3n est\u00e1n a cargo de SQL Server y comprenden una red l\u00f3gica integrada. Las instancias nominales y por defecto de una instalaci\u00f3n aut\u00f3noma est\u00e1n cargadas de los protocolos de red siguientes: M\u00e9moire partag\u00e9e, tube nomm\u00e9 y TCP\/IP.<\/td>\n<\/tr>\n<tr>\n<td>Otras exigencias<\/td>\n<td>Los sistemas de explotaci\u00f3n deben comprender al menos .NET Framework.<\/td>\n<\/tr>\n<\/table>","protected":false},"featured_media":2925,"template":"","meta":{"inline_featured_image":false},"product_brand":[],"product_cat":[108],"product_tag":[],"class_list":{"0":"post-2546","1":"product","2":"type-product","3":"status-publish","4":"has-post-thumbnail","6":"product_cat-server-software","8":"first","9":"instock","10":"sale","11":"virtual","12":"taxable","13":"purchasable","14":"product-type-simple"},"_links":{"self":[{"href":"https:\/\/elitesoftkeys.com\/es\/wp-json\/wp\/v2\/product\/2546","targetHints":{"allow":["GET"]}}],"collection":[{"href":"https:\/\/elitesoftkeys.com\/es\/wp-json\/wp\/v2\/product"}],"about":[{"href":"https:\/\/elitesoftkeys.com\/es\/wp-json\/wp\/v2\/types\/product"}],"version-history":[{"count":0,"href":"https:\/\/elitesoftkeys.com\/es\/wp-json\/wp\/v2\/product\/2546\/revisions"}],"wp:featuredmedia":[{"embeddable":true,"href":"https:\/\/elitesoftkeys.com\/es\/wp-json\/wp\/v2\/media\/2925"}],"wp:attachment":[{"href":"https:\/\/elitesoftkeys.com\/es\/wp-json\/wp\/v2\/media?parent=2546"}],"wp:term":[{"taxonomy":"product_brand","embeddable":true,"href":"https:\/\/elitesoftkeys.com\/es\/wp-json\/wp\/v2\/product_brand?post=2546"},{"taxonomy":"product_cat","embeddable":true,"href":"https:\/\/elitesoftkeys.com\/es\/wp-json\/wp\/v2\/product_cat?post=2546"},{"taxonomy":"product_tag","embeddable":true,"href":"https:\/\/elitesoftkeys.com\/es\/wp-json\/wp\/v2\/product_tag?post=2546"}],"curies":[{"name":"gracias","href":"https:\/\/api.w.org\/{rel}","templated":true}]}}