{"id":2544,"date":"2024-12-21T13:55:48","date_gmt":"2024-12-21T13:55:48","guid":{"rendered":"http:\/\/elitesoftkeys.com\/?product=windows-sql-server-2019-standard-cal"},"modified":"2025-07-06T14:07:04","modified_gmt":"2025-07-06T14:07:04","slug":"windows-sql-server-2019-standard-cal","status":"publish","type":"product","link":"https:\/\/elitesoftkeys.com\/es\/producto\/windows-sql-server-2019-standard-cal\/","title":{"rendered":"Licencia de acceso de cliente (CAL) est\u00e1ndar de Windows SQL Server 2019"},"content":{"rendered":"<p>Este producto hace referencia a los servicios CAL (Licencias de acceso de cliente) para acordar con los usuarios y dispositivos el derecho de acceso al servidor l\u00f3gico de Microsoft instalado en una m\u00e1quina.<\/p>\n<p>SQL Server 2019 (15.x) se aplica a las versiones anteriores para hacer m\u00e1s grande SQL Server y que la plataforma ofrece una selecci\u00f3n de idiomas de desarrollo, tipos de dispositivos, entornos en el sitio o en la nube y sistemas de explotaci\u00f3n. SQL Server 2019 (15.x) introduce grupos de donaciones voluminosas para SQL Server. Tambi\u00e9n ofrece funciones complementarias y mejoras para el motor de base de datos de SQL Server, SQL Server Analysis Services, SQL Server Machine Learning Services, SQL Server en Linux y SQL Server Master Data Services.<\/p>\n<p>Funciones de SQL Server 2019:<\/p>\n<p>Motor base de datos SQL Server. SQL Server Database Engine incluye el motor de base de datos, el servicio principal de almacenamiento, el tratamiento y la protecci\u00f3n de datos, la replicaci\u00f3n, la b\u00fasqueda de textos completos, las herramientas de gesti\u00f3n de datos relacionados y XML, la integraci\u00f3n anal\u00edtica de bases de datos y la integraci\u00f3n PolyBase para acceder a Hadoop y a otras fuentes de Donn\u00e9es H\u00e9t\u00e9rog\u00e8nes, adem\u00e1s de Machine Learning Services para ejecutar scripts Python y R con las donn\u00e9es Relationsnelles.<\/p>\n<p>Servicios de an\u00e1lisis. Los servicios de an\u00e1lisis incluyen herramientas que permiten crear y administrar aplicaciones de tratamiento anal\u00edtico en l\u00ednea (OLAP) y exploraci\u00f3n de datos.<\/p>\n<p>Servicios de informes. Reporting Services comprende los componentes de servicio y cliente para crear, administrar y distribuir informes tabulares, matriciales, gr\u00e1ficos y de forma libre. Reporting Services es tambi\u00e9n una plataforma extensible que se puede utilizar para desarrollar aplicaciones de informes.<\/p>\n<p>Servicios de integraci\u00f3n. Los servicios de integraci\u00f3n son un conjunto de herramientas gr\u00e1ficas y objetos programables que permiten desplazar, copiar y transformar los datos. Incluye tambi\u00e9n el componente de servicios de calidad de datos (DQS) para los servicios de integraci\u00f3n.<\/p>\n<p>Servicios de donn\u00e9es de r\u00e9f\u00e9rence. Master Data Services (MDS) es la soluci\u00f3n de SQL Server para la gesti\u00f3n de datos de referencia. MDS puede configurarse para importar cualquier dominio (productos, clientes, cuentas) y comprender jerarqu\u00edas, seguridad granular, transacciones, versiones de donados y reglas de gesti\u00f3n, adem\u00e1s de ser un complemento para Excel, que se puede utilizar para administrar donantes.<\/p>\n<p>Servicios de aprendizaje autom\u00e1tico (en la base de donn\u00e9es) Servicios de aprendizaje autom\u00e1tico (en la base de datos) se encargan de las soluciones de aprendizaje autom\u00e1tico distribuidas y evolucionadas que utilizan las fuentes de donn\u00e9es d&#039;entreprise. En SQL Server 2016, el idioma R \u00e9tait pris en charge. SQL Server 2019 (15.x) admite R y Python.<\/p>\n<p>Serveur d&#039;apprentissage automatique (aut\u00f3nomo). Machine Learning Server (independiente) se encarga de la implementaci\u00f3n de soluciones de aprendizaje autom\u00e1tico distribuidas y evolucionadas en plataformas avanzadas y como ayuda a fuentes avanzadas de empresas, y que incluye Linux y Hadoop. En SQL Server 2016, el idioma R \u00e9tait pris en charge. SQL Server 2019 (15.x) admite R y Python.<\/p>\n<p>SQL Server 2019 Standard Edition proporciona una base de datos de gesti\u00f3n de datos y de inteligencia empresarial para los departamentos y peque\u00f1as organizaciones para ejecutar aplicaciones y cargar herramientas de desarrollo comunes para el entorno local y la nube, lo que permite una gesti\u00f3n eficaz de la base de datos con recursos inform\u00e1ticos. m\u00ednimos.<\/p>","protected":false},"excerpt":{"rendered":"<table style='border-collapse: collapse; width: 100%;'>\n<tr>\n<th>Propiedad<\/th>\n<th>Valor<\/th>\n<\/tr>\n<tr>\n<td>Placa en forma de<\/td>\n<td>Ventanas<\/td>\n<\/tr>\n<tr>\n<td>Procesador<\/td>\n<td>Procesador x64: AMD Opteron, AMD Athlon 64, Intel Xeon con soporte Intel EM64T, Intel Pentium IV con soporte EM64T \/<\/td>\n<\/tr>\n<tr>\n<td>Espacio disco<\/td>\n<td>Al menos 6 Go<\/td>\n<\/tr>\n<tr>\n<td>RAM<\/td>\n<td>M\u00ednimo: 1 Go Recomendado: al menos 4 Go, que debe ser aumentado au fur y a medida que la cola de la base de donn\u00e9es aumenta para garantizar un rendimiento \u00f3ptimo.<\/td>\n<\/tr>\n<tr>\n<td>Compatibilidad de sistemas<\/td>\n<td>Windows 10 TH1 1507 o versi\u00f3n anterior. Windows Server 2016 o superior.<\/td>\n<\/tr>\n<tr>\n<td>Exigencias en mati\u00e8re de r\u00e9seau<\/td>\n<td>Los sistemas de explotaci\u00f3n est\u00e1n a cargo de SQL Server y comprenden una red l\u00f3gica integrada. Las instancias nominales y por defecto de una instalaci\u00f3n aut\u00f3noma est\u00e1n cargadas de los protocolos de red siguientes: M\u00e9moire partag\u00e9e, tube nomm\u00e9 y TCP\/IP.<\/td>\n<\/tr>\n<tr>\n<td>Otras exigencias<\/td>\n<td>Los sistemas de explotaci\u00f3n deben comprender al menos .NET Framework.<\/td>\n<\/tr>\n<\/table>","protected":false},"featured_media":2926,"template":"","meta":{"inline_featured_image":false},"product_brand":[],"product_cat":[108],"product_tag":[],"class_list":{"0":"post-2544","1":"product","2":"type-product","3":"status-publish","4":"has-post-thumbnail","6":"product_cat-server-software","8":"first","9":"instock","10":"sale","11":"virtual","12":"taxable","13":"purchasable","14":"product-type-simple"},"_links":{"self":[{"href":"https:\/\/elitesoftkeys.com\/es\/wp-json\/wp\/v2\/product\/2544","targetHints":{"allow":["GET"]}}],"collection":[{"href":"https:\/\/elitesoftkeys.com\/es\/wp-json\/wp\/v2\/product"}],"about":[{"href":"https:\/\/elitesoftkeys.com\/es\/wp-json\/wp\/v2\/types\/product"}],"version-history":[{"count":0,"href":"https:\/\/elitesoftkeys.com\/es\/wp-json\/wp\/v2\/product\/2544\/revisions"}],"wp:featuredmedia":[{"embeddable":true,"href":"https:\/\/elitesoftkeys.com\/es\/wp-json\/wp\/v2\/media\/2926"}],"wp:attachment":[{"href":"https:\/\/elitesoftkeys.com\/es\/wp-json\/wp\/v2\/media?parent=2544"}],"wp:term":[{"taxonomy":"product_brand","embeddable":true,"href":"https:\/\/elitesoftkeys.com\/es\/wp-json\/wp\/v2\/product_brand?post=2544"},{"taxonomy":"product_cat","embeddable":true,"href":"https:\/\/elitesoftkeys.com\/es\/wp-json\/wp\/v2\/product_cat?post=2544"},{"taxonomy":"product_tag","embeddable":true,"href":"https:\/\/elitesoftkeys.com\/es\/wp-json\/wp\/v2\/product_tag?post=2544"}],"curies":[{"name":"gracias","href":"https:\/\/api.w.org\/{rel}","templated":true}]}}