{"id":2540,"date":"2024-12-21T13:55:43","date_gmt":"2024-12-21T13:55:43","guid":{"rendered":"http:\/\/elitesoftkeys.com\/?product=windows-server-2019-datacenter-16-core"},"modified":"2025-07-06T14:07:04","modified_gmt":"2025-07-06T14:07:04","slug":"windows-server-2019-datacenter-16-core","status":"publish","type":"product","link":"https:\/\/elitesoftkeys.com\/es\/producto\/windows-server-2019-datacenter-16-core\/","title":{"rendered":"Windows Server 2019 Datacenter (16 n\u00facleos)"},"content":{"rendered":"<p>Windows Server 2019 es el sistema de explotaci\u00f3n que conecta los entornos locales con los servicios Azure, permitiendo escenarios h\u00edbridos para optimizar las inversiones existentes. Refuerce la seguridad y reduzca los riesgos comerciales gracias a los sof\u00e1s de protecci\u00f3n integrados en el sistema de explotaci\u00f3n. Desarrollar la infraestructura de su centro de donaciones para obtener una mejor eficacia y una mejor adaptaci\u00f3n a la escuela con la infraestructura hiperconvergente. Windows Server 2019 tambi\u00e9n le permitir\u00e1 crear aplicaciones nativas de la nube y modernizar las aplicaciones tradicionales a trav\u00e9s de contenidos y microservicios.<\/p>\n<p>Adem\u00e1s de descargar el ISO, ejecute Windows Server en Azure. Azure ofrece un excelente probador de Windows Server 2019 con las im\u00e1genes predeterminadas.<\/p>\n<p>La edici\u00f3n Datacenter es m\u00e1s completa e incluye nuevas funciones espec\u00edficas en los centros de donn\u00e9es (m\u00e1quinas virtuales ciegas, almacenamiento directo y redes definidas por software), adem\u00e1s de una virtualizaci\u00f3n ilimitada de servidores. Una comparaci\u00f3n de ediciones est\u00e1 presente en ci-dessous.<\/p>\n<p>Est\u00e1ndar 2019<\/p>\n<p>Centro de datos 2019<\/p>\n<p>Ideal para<\/p>\n<p>Entornos f\u00edsicos o personas virtualizadas<\/p>\n<p>Nube y entornos de centros de donn\u00e9es altamente virtualizados<\/p>\n<p>Modelo de licencia<\/p>\n<p>Basado en el noyau<\/p>\n<p>Basado en el noyau<\/p>\n<p>Exigencias de la autoridad de certificaci\u00f3n<\/p>\n<p>Servidor de Windows CAL<\/p>\n<p>CAL de Windows Server<\/p>\n<p>Funciones disponibles en general<\/p>\n<p>Red definida por software<\/p>\n<p>No<\/p>\n<p>S\u00ed<\/p>\n<p>R\u00e9plica del archivado<\/p>\n<p>S\u00ed, (1 colaborador y 1 grupo de recursos con un solo volumen de 2 TB)<\/p>\n<p>S\u00ed, ilimitado<\/p>\n<p>Espacios de almacenamiento directo<\/p>\n<p>No<\/p>\n<p>S\u00ed<\/p>\n<p>Activaci\u00f3n del antiguo sistema<\/p>\n<p>En tant qu&#039;invit\u00e9 si h\u00e9berg\u00e9 dans un centre de donn\u00e9es<\/p>\n<p>Puede ser hu\u00e9sped o invitado<\/p>\n<p>Bloques y l\u00edmites<\/p>\n<p>Se puede utilizar como invitaci\u00f3n a la virtualizaci\u00f3n<\/p>\n<p>S\u00ed; Dos m\u00e1quinas virtuales, adem\u00e1s de un h\u00f4te Hyper-V por licencia.<\/p>\n<p>S\u00ed; un nombre ilimitado de m\u00e1quinas virtuales, adem\u00e1s de un hogar Hyper-V por licencia<\/p>\n<p>Funciones del servidor<\/p>\n<p>Controlador de red<\/p>\n<p>No<\/p>\n<p>S\u00ed<\/p>\n<p>Funcionalidad<\/p>\n<p>Contenedores<\/p>\n<p>Oui (nombre ilimitado de contenidos Windows; solo dos contenidos Hyper-V)<\/p>\n<p>Oui (nombre ilimitado de contenidos de Windows y Hyper-V)<\/p>\n<p>Premio a cargo de la vigilancia de hogares Hyper-V<\/p>\n<p>No<\/p>\n<p>S\u00ed<\/p>","protected":false},"excerpt":{"rendered":"<table style='border-collapse: collapse; width: 100%;'>\n<tr>\n<th>Propiedad<\/th>\n<th>Valor<\/th>\n<\/tr>\n<tr>\n<td>Placa en forma de<\/td>\n<td>Ventanas<\/td>\n<\/tr>\n<tr>\n<td>Procesador<\/td>\n<td>Procesador 64 bits 1,4 GHz Compatible con el juego de instrucciones x64 Premio a cargo de NX y de la protecci\u00f3n de la ejecuci\u00f3n de programas Premio a cargo de CMPXCHG16b, LAHF\/SAHF y Prefetch Premio a cargo de SLAT (Traducci\u00f3n de direcciones de segundo nivel) (EPT o NPT) Coreinfo, que es parte de Windows Sysinternals, es una herramienta que le gustar\u00e1 Puede utilizarlo para confirmar todas las caracter\u00edsticas de su procesador.<\/td>\n<\/tr>\n<tr>\n<td>Espacio disco<\/td>\n<td>Los ordenadores que funcionan con Windows Server deben llevar una tarjeta de almacenamiento conforme a las especificaciones de la arquitectura PCI Express. Los dispositivos de almacenamiento permanente del servidor que son clasificados como discos duros no deben ser de tipo PATA. Windows Server no autoriza el uso de ATA\/PATA\/IDE\/EIDE para discos de amor, p\u00e1ginas o donaciones. Las exigencias m\u00ednimas estimadas en el espacio del disco para la partici\u00f3n del sistema est\u00e1n indicadas all\u00ed. M\u00ednimo : 32 Ir<\/td>\n<\/tr>\n<tr>\n<td>RAM<\/td>\n<td>M\u00ednimo: 512 Mo (2 Ir para la opci\u00f3n de instalaci\u00f3n de Servidor con Experiencia de Escritorio) de tipo ECC (c\u00f3digo de correcci\u00f3n de errores) o tecnolog\u00eda similar, para implementaciones de hu\u00e9spedes f\u00edsicos.<\/td>\n<\/tr>\n<tr>\n<td>Exigencias en mati\u00e8re de r\u00e9seau<\/td>\n<td>Las tarjetas de red utilizadas con esta versi\u00f3n deben contener las siguientes caracter\u00edsticas: M\u00ednimo: tarjeta Ethernet con capacidad de una velocidad efectiva de al menos 1 gigabit por segundo. Conforme a la especificaci\u00f3n de arquitectura PCI Express. Una tarjeta de red prenant en charge le d\u00e9bogage du r\u00e9seau (KDNet) es \u00fatil, pero no se constituye bajo una exigencia m\u00ednima. Una tarjeta de red prenant en charge l&#039;environnement d&#039;ex\u00e9cution avant d\u00e9marrage (PXE) es \u00fatil, pero no es una exigencia m\u00ednima.<\/td>\n<\/tr>\n<tr>\n<td>Otras exigencias<\/td>\n<td>Los ordenadores que utilizan esta versi\u00f3n tambi\u00e9n deben eliminar los elementos siguientes: lector de DVD (si tiene la intenci\u00f3n de instalar el sistema de explotaci\u00f3n a partir de un DVD compatible) Los elementos siguientes son requisitos para ciertas funciones \u00fanicas: sistema y microprogramas basados en UEFI 2.3.1c. Prenant en charge the d\u00e9marrage securis\u00e9 du Trusted Platform Module Perif\u00e9rico gr\u00e1fico y pantalla compatible con una resoluci\u00f3n Super VGA (1024 x 768) o teclado superior y soporte Microsoft (o dispositivo de punto compatible) Acceso a Internet<\/td>\n<\/tr>\n<\/table>","protected":false},"featured_media":2930,"template":"","meta":{"inline_featured_image":false},"product_brand":[],"product_cat":[108],"product_tag":[],"class_list":{"0":"post-2540","1":"product","2":"type-product","3":"status-publish","4":"has-post-thumbnail","6":"product_cat-server-software","8":"first","9":"instock","10":"sale","11":"virtual","12":"taxable","13":"purchasable","14":"product-type-simple"},"_links":{"self":[{"href":"https:\/\/elitesoftkeys.com\/es\/wp-json\/wp\/v2\/product\/2540","targetHints":{"allow":["GET"]}}],"collection":[{"href":"https:\/\/elitesoftkeys.com\/es\/wp-json\/wp\/v2\/product"}],"about":[{"href":"https:\/\/elitesoftkeys.com\/es\/wp-json\/wp\/v2\/types\/product"}],"version-history":[{"count":0,"href":"https:\/\/elitesoftkeys.com\/es\/wp-json\/wp\/v2\/product\/2540\/revisions"}],"wp:featuredmedia":[{"embeddable":true,"href":"https:\/\/elitesoftkeys.com\/es\/wp-json\/wp\/v2\/media\/2930"}],"wp:attachment":[{"href":"https:\/\/elitesoftkeys.com\/es\/wp-json\/wp\/v2\/media?parent=2540"}],"wp:term":[{"taxonomy":"product_brand","embeddable":true,"href":"https:\/\/elitesoftkeys.com\/es\/wp-json\/wp\/v2\/product_brand?post=2540"},{"taxonomy":"product_cat","embeddable":true,"href":"https:\/\/elitesoftkeys.com\/es\/wp-json\/wp\/v2\/product_cat?post=2540"},{"taxonomy":"product_tag","embeddable":true,"href":"https:\/\/elitesoftkeys.com\/es\/wp-json\/wp\/v2\/product_tag?post=2540"}],"curies":[{"name":"gracias","href":"https:\/\/api.w.org\/{rel}","templated":true}]}}