{"id":2538,"date":"2024-12-21T13:55:41","date_gmt":"2024-12-21T13:55:41","guid":{"rendered":"http:\/\/elitesoftkeys.com\/?product=windows-sql-server-2019-standard"},"modified":"2025-07-06T14:07:04","modified_gmt":"2025-07-06T14:07:04","slug":"windows-sql-server-2019-standard","status":"publish","type":"product","link":"https:\/\/elitesoftkeys.com\/es\/producto\/windows-sql-server-2019-standard\/","title":{"rendered":"Windows SQL Server 2019 Standard"},"content":{"rendered":"<p>Microsoft SQL Server 2019: caracter\u00edsticas y funciones<\/p>\n<p>SQL Server 2019 (15.x) representa un avance en la relaci\u00f3n con sus versiones anteriores, y ampl\u00eda la plataforma SQL Server con una gran selecci\u00f3n de idiomas de desarrollo, tipos de usuarios, entornos en el sitio o en la nube y sistemas de explotaci\u00f3n. Tambi\u00e9n introdujo Big Data Clusters para SQL Server, que ofrece funciones complementarias y mejoras para componentes adicionales, como SQL Server Database Engine, SQL Server Analysis Services, SQL Server Machine Learning Services, SQL Server en Linux y SQL Server Master Data Services.<\/p>\n<p>Las principales funciones de SQL Server 2019 Standard son las siguientes:<\/p>\n<p>Motor de base de datos SQL Server: el motor de base de datos es el servicio central de almacenamiento, tratamiento y seguridad de datos. Incluye la replicaci\u00f3n, la b\u00fasqueda en texto integral, las herramientas de gesti\u00f3n de datos relacionales y XML, la integraci\u00f3n con bases de datos anal\u00edticas y PolyBase para acceder a Hadoop y a otras fuentes de datos heterog\u00e9neos, adem\u00e1s de Machine Learning Services para ejecutar scripts en Python y R en Donn\u00e9es Relationsnelles.<\/p>\n<p>Servicios de an\u00e1lisis: Servicios de an\u00e1lisis proporciona herramientas para crear y administrar aplicaciones de tratamiento anal\u00edtico en l\u00ednea (OLAP) y exploraci\u00f3n de datos, permitiendo an\u00e1lisis avanzados.<\/p>\n<p>Servicios de informes: Servicios de informes proporciona componentes de servicio y cliente para desarrolladores, administradores y distribuidores de informes en diferentes formatos, notaci\u00f3n tabular, matricial, gr\u00e1fica y libre. Tambi\u00e9n existe una plataforma extensible que se puede utilizar para el desarrollo de aplicaciones de informes.<\/p>\n<p>Servicios de integraci\u00f3n: los servicios de integraci\u00f3n consisten en un conjunto de herramientas gr\u00e1ficas y objetos programables que permiten la transferencia, copiadora y transformador de datos. Incluye tambi\u00e9n servicios de calidad de los donados (DQS) para mejorar la integridad de los donados.<\/p>\n<p>Master Data Services: Master Data Services (MDS) es la soluci\u00f3n de SQL Server para la gesti\u00f3n de datos base, encargada de diferentes dominios como los productos, los clientes y las cuentas. Ofrece una gesti\u00f3n jer\u00e1rquica, una seguridad granular, transacciones, versiones de donaciones y reglas empresariales, adem\u00e1s de un complemento para Excel para simplificar la gesti\u00f3n de donaciones.<\/p>\n<p>Servicios de aprendizaje autom\u00e1tico en la base de datos: Los servicios de aprendizaje autom\u00e1tico en la base de datos permiten crear soluciones de aprendizaje autom\u00e1tico distribuidas y evolucionadas, explotando las donaciones de la empresa. El uso de R y Python, ampl\u00eda las capacidades introducidas en SQL Server 2016.<\/p>\n<p>Machine Learning Server (independiente): Machine Learning Server (independiente) facilita la implementaci\u00f3n de soluciones de aprendizaje autom\u00e1tico evolutivas en diferentes plataformas, como Linux y Hadoop, y carga los idiomas R y Python, como lo dej\u00f3 el caso en SQL Server 2016.<\/p>\n<p>La edici\u00f3n SQL Server 2019 Standard proporciona una base de datos de gesti\u00f3n de datos y de inteligencia empresarial para los departamentos y peque\u00f1as organizaciones para ejecutar aplicaciones y cargar herramientas de desarrollo comunes para entornos ubicados y en la nube, lo que permite una gesti\u00f3n eficaz de las bases de datos con recursos. inform\u00e1tica m\u00ednima.<\/p>\n<p>Comparaci\u00f3n con otras versiones de Windows Server:<\/p>\n<p>SQL Server Standard 2019, junto con otras ediciones de Windows Server de Microsoft, es un sistema de gesti\u00f3n de bases de datos relacionales (SGBDR) dise\u00f1ado para administrar y analizar datos donados, al igual que las ediciones Windows Server Standard o Datacenter cl\u00e1sicos son sistemas de explotaci\u00f3n dise\u00f1ados para entornos de servidores.<\/p>\n<p>SQL se caracteriza por una seguridad cifrada con autenticaci\u00f3n y autorizaci\u00f3n y por la posibilidad de integrar otros productos de Microsoft, como Visual Studio o .NET Framework.<\/p>\n<p>La estructura de instalaci\u00f3n y activaci\u00f3n est\u00e1 basada en los procesadores y corazones y la funci\u00f3n principal est\u00e1 en el dominio de an\u00e1lisis y gesti\u00f3n de datos, para saber el lenguaje de consulta estructurado.<\/p>\n<p>\u00bfQuiere elegir EliteSoftKeys para adquirir licencias l\u00f3gicas?<\/p>\n<p>EliteSoftKeys es su proveedor de confianza de licencias l\u00f3gicas originales con mejores precios y un socio certificado de Microsoft y Adobe. Estas afiliaciones demuestran nuestro compromiso con nuestros clientes para ofrecerles una experiencia de compra sin fallos. Nos puntos fuertes qui nous distinguint:<\/p>\n<p>Logicielsauthentiques: Nous ne proposons que des logiciels authentiques de grandes marques. Adem\u00e1s de ser un proveedor certificado de Adobe y Microsoft, garantizamos la calidad y la autenticidad de cada producto.<\/p>\n<p>Desprix imbattables: beneficio de remises allant jusqu&#039;\u00e0 70 % par rapport aux prix de vente au d\u00e9tail. Nos prix comp\u00e9titifs sont rendus possibles par la revente de licenses \u201cd&#039;occasion\u201d, una pr\u00e1ctica legal autorizada por un arresto del CJUE del 3 de julio de 2012.<\/p>\n<p>Excepcional cliente sin servicio: nuestro equipo de asistencia a la clientela multiling\u00fce, disponible los 7 d\u00edas de la semana, est\u00e1 en el primer pedido. En las plataformas que indican Trustpilot, Trusted Shop y Google Review, mantenemos una nota de 4,9\/5 sobre la base de comentarios de clientes.<\/p>\n<p>Opciones de pago seguro: elija entre una amplia gama de m\u00e9todos de pago seguro, que incluye Google Pay y las tarjetas de cr\u00e9dito, para simplificar su proceso de compra.<\/p>\n<p>Microsoft SQL Server 2019 \u2013 Descarga e instalaci\u00f3n<\/p>\n<p>Despu\u00e9s de comprar, agregue la clave num\u00e9rica necesaria para descargar SQL Server 2019 Standard. Tambi\u00e9n recibir\u00e1 gu\u00edas detalladas para facilitar el proceso. Si tiene alguna pregunta, nuestra t\u00e9cnica de soporte est\u00e1 disponible a trav\u00e9s de LiveChat, correo electr\u00f3nico o Whatsapp, ofreciendo asistencia gratuita.<\/p>\n<p>Preguntas frecuentes sobre Microsoft SQL Server 2019<\/p>\n<p>\u00bfTiene alguna necesidad de SQL Server en su PC?<\/p>\n<p>Si tiene una lista de clientes, un cat\u00e1logo de productos o incluso una gran selecci\u00f3n de contenidos multimedia, Microsoft SQL Server 2019 le ayudar\u00e1 a todos. Es esencial para el buen funcionamiento de un sitio web o de toda aplicaci\u00f3n.<\/p>\n<p>Comentar \u00bfMicrosoft SQL Server 2019 podr\u00eda estar propuesto a un precio adicional?<\/p>\n<p>Nuestras propuestas de licencias al detalle que son utilizadas y descargadas por el propietario anterior, conforme al arresto C-128\/2011 de la CE. Esto le permitir\u00e1 adquirir la licencia oficial SQL Server 2019 en nuestro sitio con un precio m\u00e1s ventajoso.<\/p>\n<p>\u00bfC\u00f3mo puedo recibir una licencia despu\u00e9s de adquirir SQL Server 2019 Standard?<\/p>\n<p>Despu\u00e9s de finalizar la compra de Microsoft SQL Server 2019, se nos enviar\u00e1 una clave de activaci\u00f3n de licencia por correo electr\u00f3nico.<\/p>\n<p>\u00bfC\u00f3mo descargar, instalar y activar la licencia de SQL Server 2019?<\/p>\n<p>\u00a1Nous vous fournirons tout ce dont vous avez besoin! Despu\u00e9s de comprar SQL Server 2019, recibir\u00e1 su clave num\u00e9rica, acompa\u00f1ada de manuales de procedimiento simples. Si tiene otras preguntas, le ofrecemos una t\u00e9cnica de soporte gratuita aux r\u00e9f\u00e9rences de contact indiqu\u00e9es sur www.EliteSoftKeys.com.<\/p>\n<p>\u00bfQu\u00e9 puede hacer si no ha activado o descargado SQL Server 2019?<\/p>\n<p>\u00a1Pas de probl\u00e8me, todav\u00eda tenemos algunos disponibles para ayudarnos! Si no ha activado su licencia SQL Server 2019, por la raz\u00f3n que sea, p\u00f3ngase en contacto con nuestra t\u00e9cnica de soporte gratuitamente indicada en el sitio web para proporcionarle los detalles y las capturas de pantalla del problema. Nous vous helperons imm\u00e9diatement \u00e0 le r\u00e9soudre.<\/p>","protected":false},"excerpt":{"rendered":"<table style='border-collapse: collapse; width: 100%;'>\n<tr>\n<th>Propiedad<\/th>\n<th>Valor<\/th>\n<\/tr>\n<tr>\n<td>Placa en forma de<\/td>\n<td>Ventanas<\/td>\n<\/tr>\n<tr>\n<td>Procesador<\/td>\n<td>Procesador x64: AMD Opteron, AMD Athlon 64, Intel Xeon con soporte Intel EM64T, Intel Pentium IV con soporte EM64T \/<\/td>\n<\/tr>\n<tr>\n<td>Espacio disco<\/td>\n<td>Al menos 6 Go<\/td>\n<\/tr>\n<tr>\n<td>RAM<\/td>\n<td>M\u00ednimo: 1 Go Recomendado: al menos 4 Go, que debe ser aumentado au fur y a medida que la cola de la base de donn\u00e9es aumenta para garantizar un rendimiento \u00f3ptimo.<\/td>\n<\/tr>\n<tr>\n<td>Compatibilidad de sistemas<\/td>\n<td>Windows 10 TH1 1507 o versi\u00f3n anterior. Windows Server 2016 o superior.<\/td>\n<\/tr>\n<tr>\n<td>Exigencias en mati\u00e8re de r\u00e9seau<\/td>\n<td>Los sistemas de explotaci\u00f3n est\u00e1n a cargo de SQL Server y comprenden una red l\u00f3gica integrada. Las instancias nominales y por defecto de una instalaci\u00f3n aut\u00f3noma est\u00e1n cargadas de los protocolos de red siguientes: M\u00e9moire partag\u00e9e, tube nomm\u00e9 y TCP\/IP.<\/td>\n<\/tr>\n<tr>\n<td>Otras exigencias<\/td>\n<td>Los sistemas de explotaci\u00f3n deben comprender al menos .NET Framework.<\/td>\n<\/tr>\n<\/table>","protected":false},"featured_media":2932,"template":"","meta":{"inline_featured_image":false},"product_brand":[],"product_cat":[108],"product_tag":[],"class_list":{"0":"post-2538","1":"product","2":"type-product","3":"status-publish","4":"has-post-thumbnail","6":"product_cat-server-software","8":"first","9":"instock","10":"sale","11":"virtual","12":"taxable","13":"purchasable","14":"product-type-simple"},"_links":{"self":[{"href":"https:\/\/elitesoftkeys.com\/es\/wp-json\/wp\/v2\/product\/2538","targetHints":{"allow":["GET"]}}],"collection":[{"href":"https:\/\/elitesoftkeys.com\/es\/wp-json\/wp\/v2\/product"}],"about":[{"href":"https:\/\/elitesoftkeys.com\/es\/wp-json\/wp\/v2\/types\/product"}],"version-history":[{"count":0,"href":"https:\/\/elitesoftkeys.com\/es\/wp-json\/wp\/v2\/product\/2538\/revisions"}],"wp:featuredmedia":[{"embeddable":true,"href":"https:\/\/elitesoftkeys.com\/es\/wp-json\/wp\/v2\/media\/2932"}],"wp:attachment":[{"href":"https:\/\/elitesoftkeys.com\/es\/wp-json\/wp\/v2\/media?parent=2538"}],"wp:term":[{"taxonomy":"product_brand","embeddable":true,"href":"https:\/\/elitesoftkeys.com\/es\/wp-json\/wp\/v2\/product_brand?post=2538"},{"taxonomy":"product_cat","embeddable":true,"href":"https:\/\/elitesoftkeys.com\/es\/wp-json\/wp\/v2\/product_cat?post=2538"},{"taxonomy":"product_tag","embeddable":true,"href":"https:\/\/elitesoftkeys.com\/es\/wp-json\/wp\/v2\/product_tag?post=2538"}],"curies":[{"name":"gracias","href":"https:\/\/api.w.org\/{rel}","templated":true}]}}