{"id":2536,"date":"2024-12-21T13:55:39","date_gmt":"2024-12-21T13:55:39","guid":{"rendered":"http:\/\/elitesoftkeys.com\/?product=microsoft-remote-desktop-services-rds-2022"},"modified":"2025-07-06T14:07:04","modified_gmt":"2025-07-06T14:07:04","slug":"microsoft-remote-desktop-services-rds-2022","status":"publish","type":"product","link":"https:\/\/elitesoftkeys.com\/es\/producto\/microsoft-remote-desktop-services-rds-2022\/","title":{"rendered":"Servicios de Escritorio Remoto de Microsoft (RDS) 2022"},"content":{"rendered":"<p>Los servicios de escritorio remoto (RDS) de Windows Server 2022 son una potente tecnolog\u00eda de virtualizaci\u00f3n basada en el servidor que permite a los usuarios acceder a oficinas, aplicaciones y dispositivos de Windows a distancia desde diversos dispositivos. Permite a las organizaciones proporcionar a los usuarios finales una infraestructura de oficina virtual rica (VDI) o oficinas basadas en sesiones, ofreciendo adem\u00e1s una soluci\u00f3n inform\u00e1tica a distancia flexible y segura.<\/p>\n<p>Principales caracter\u00edsticas de los servicios de escritorio remoto de Windows Server 2022<\/p>\n<p>Infraestructura de oficina virtual (VDI): Windows Server RDS 2022 permite que los administradores de creaci\u00f3n y gesti\u00f3n de oficinas virtuales auxqueles los usuarios finales puedan acceder a distancia. VDI permite experiencias de oficina personalizadas y permite a los usuarios acceder a sus oficinas virtudes desde dispositivos m\u00e1s grandes, ofreciendo adem\u00e1s un entorno coherente y productivo.<\/p>\n<p>Puestos de trabajo b\u00e1sicos en las sesiones: Outre la VDI, RDS 2022 prend en charge les postes de trabajo b\u00e1sicos en las sesiones. Los puestos de trabajo basados en las sesiones permiten a los usuarios mayores participar en un sistema de explotaci\u00f3n de servicio \u00fanico para conservar las sesiones de los usuarios distintos. Esto permite utilizar con eficacia los recursos del servidor y proporcionar los puestos de trabajo rentables.<\/p>\n<p>RemoteApp: Con RemoteApp, los administradores pueden virtualizar y distribuir aplicaciones individuales de un servidor para los dispositivos de los usuarios finales. RemoteApp ofrece una experiencia transparente con las aplicaciones, lo que permite a los usuarios acceder a aplicaciones espec\u00edficas sin tener que acceder a una oficina entera. Esta funcionalidad aumenta la flexibilidad y simplifica la gesti\u00f3n de aplicaciones.<\/p>\n<p>RemoteFXRemoteFX es una tecnolog\u00eda incluida en Windows Server RDS 2022 que mejora la experiencia de la oficina a distancia al proporcionar capacidades multimedia y gr\u00e1ficas de alta calidad. Esto permite una lectura de v\u00eddeo fluida, una redirecci\u00f3n USB y un premio a cargo de monitores m\u00e1s grandes, lo que permite disfrutar de la experiencia de una oficina a distancia y de un entorno de oficina local.<\/p>\n<p>Pasarela de oficina a distancia El componente Remote Desktop Gateway (RD Gateway) de RDS 2022 permite un acceso a distancia seguro a los recursos de la red interna a trav\u00e9s de Internet. Funciona como un servidor de pasarela que proporciona un punto de acceso \u00fanico para las conexiones de oficina a distancia, ofreciendo un acceso cifrado y autenticado a las oficinas en virtud o a las oficinas basadas en las sesiones.<\/p>\n<p>Acceso web a distancia: RDS 2022 incluye un portal web llamado Acceso web a escritorio remoto (RD Web Access) que permite a los usuarios acceder a sus oficinas virtudes, a los programas RemoteApp y a los recursos publicados a trav\u00e9s de un navegador web. Este portal ofrece a los usuarios una herramienta pr\u00e1ctica e independiente de la plataforma para conectarse a sus oficinas y aplicaciones distantes.<\/p>\n<p>Evolutividad y equilibrio de cargasWindows Server RDS 2022 carga la evoluci\u00f3n y el equilibrio de cargas para optimizar la utilizaci\u00f3n de los recursos y asegurar una alta disponibilidad. Los administradores pueden compartir las sesiones del usuario con los servidores m\u00e1s grandes, lo que garantiza una utilizaci\u00f3n eficaz de los recursos materiales y una tolerancia a los paneles.<\/p>\n<p>Los servicios de escritorio remoto de Windows Server 2022 ofrecen una soluci\u00f3n robusta y flexible para la distribuci\u00f3n de oficinas y aplicaciones a distancia para los usuarios, que permite a las organizaciones mejorar la productividad, simplificar la gesti\u00f3n de aplicaciones y proporcionar acceso seguro a distancia.<\/p>","protected":false},"excerpt":{"rendered":"<table style='border-collapse: collapse; width: 100%;'>\n<tr>\n<th>Propiedad<\/th>\n<th>Valor<\/th>\n<\/tr>\n<tr>\n<td>Placa en forma de<\/td>\n<td>Ventanas<\/td>\n<\/tr>\n<tr>\n<td>Compatibilidad de sistemas<\/td>\n<td>RDS 2022 requiere Windows Server 2022, Standard Edition o Datacenter.<\/td>\n<\/tr>\n<tr>\n<td>Directorio activo<\/td>\n<td>Un dominio Active Directory es necesario para la autenticaci\u00f3n y la gesti\u00f3n de usuarios.<\/td>\n<\/tr>\n<tr>\n<td>Exigencias en mati\u00e8re de mat\u00e9riel<\/td>\n<td>Puissance de l&#039;unit\u00e9 centrale, c\u0153urs et m\u00e9moire vive suffisants. Espacio de almacenamiento adecuado. Conectividad red r\u00e1pida y fiable<\/td>\n<\/tr>\n<tr>\n<td>Licencias para oficina a distancia<\/td>\n<td>El servidor de licencias de escritorio remoto es necesario para administrar las CAL para la conexi\u00f3n a la oficina a distancia.<\/td>\n<\/tr>\n<tr>\n<td>Certificados<\/td>\n<td>Los certificados SSL de una autoridad de certificaci\u00f3n de confianza son necesarios para proteger las comunicaciones entre los componentes RDS.<\/td>\n<\/tr>\n<tr>\n<td>Clientes de Appareils<\/td>\n<td>Se encarga de m\u00e1s sistemas de explotaci\u00f3n, como Windows, macOS, iOS, Android y Linux.<\/td>\n<\/tr>\n<\/table>","protected":false},"featured_media":2934,"template":"","meta":{"inline_featured_image":false},"product_brand":[],"product_cat":[108],"product_tag":[],"class_list":{"0":"post-2536","1":"product","2":"type-product","3":"status-publish","4":"has-post-thumbnail","6":"product_cat-server-software","8":"first","9":"instock","10":"sale","11":"virtual","12":"taxable","13":"purchasable","14":"product-type-simple"},"_links":{"self":[{"href":"https:\/\/elitesoftkeys.com\/es\/wp-json\/wp\/v2\/product\/2536","targetHints":{"allow":["GET"]}}],"collection":[{"href":"https:\/\/elitesoftkeys.com\/es\/wp-json\/wp\/v2\/product"}],"about":[{"href":"https:\/\/elitesoftkeys.com\/es\/wp-json\/wp\/v2\/types\/product"}],"version-history":[{"count":0,"href":"https:\/\/elitesoftkeys.com\/es\/wp-json\/wp\/v2\/product\/2536\/revisions"}],"wp:featuredmedia":[{"embeddable":true,"href":"https:\/\/elitesoftkeys.com\/es\/wp-json\/wp\/v2\/media\/2934"}],"wp:attachment":[{"href":"https:\/\/elitesoftkeys.com\/es\/wp-json\/wp\/v2\/media?parent=2536"}],"wp:term":[{"taxonomy":"product_brand","embeddable":true,"href":"https:\/\/elitesoftkeys.com\/es\/wp-json\/wp\/v2\/product_brand?post=2536"},{"taxonomy":"product_cat","embeddable":true,"href":"https:\/\/elitesoftkeys.com\/es\/wp-json\/wp\/v2\/product_cat?post=2536"},{"taxonomy":"product_tag","embeddable":true,"href":"https:\/\/elitesoftkeys.com\/es\/wp-json\/wp\/v2\/product_tag?post=2536"}],"curies":[{"name":"gracias","href":"https:\/\/api.w.org\/{rel}","templated":true}]}}