{"id":2534,"date":"2024-12-21T13:55:38","date_gmt":"2024-12-21T13:55:38","guid":{"rendered":"http:\/\/elitesoftkeys.com\/?product=windows-server-2022-standard-cal"},"modified":"2025-07-06T14:07:04","modified_gmt":"2025-07-06T14:07:04","slug":"windows-server-2022-standard-cal","status":"publish","type":"product","link":"https:\/\/elitesoftkeys.com\/es\/producto\/windows-server-2022-standard-cal\/","title":{"rendered":"Licencia de acceso de cliente (CAL) est\u00e1ndar de Windows Server 2022"},"content":{"rendered":"<p>Con\u00e7u pour les entreprises comptant plus de 25 usuarios y 50 aparatos<\/p>\n<p>Ejecuci\u00f3n de cargos de trabajo cr\u00edticos en el centro de donn\u00e9es, le nuage et le r\u00e9seau p\u00e9riph\u00e9rique<\/p>\n<p>Seguridad multicouche avanc\u00e9e contra las amenazas<\/p>\n<p>Herramientas mejoradas de gesti\u00f3n de servidores h\u00edbridos<\/p>\n<p>Ofrece un grupo de 16 licencias b\u00e1sicas, adem\u00e1s de licencias de acceso al cliente (CAL) complementarias.<\/p>\n<p>Idiomas: alem\u00e1n, ingl\u00e9s, chino (simplificado), espa\u00f1ol, franc\u00e9s, italiano, japon\u00e9s, ruso<\/p>\n<p>Este producto se refiere al servicio CAL (Licencias de acceso de cliente) para que los usuarios y dispositivos tengan el derecho de acceder al servidor l\u00f3gico de Microsoft instalado en una m\u00e1quina.<\/p>\n<p>Windows Server 2022 se aplica sobre las s\u00f3lidas bases de Windows Server 2019 y ofrece numerosas innovaciones en tres temas claves: la seguridad multicapa, las capacidades h\u00edbridas con Azure y una plataforma de aplicaciones flexible.<\/p>\n<p>En el cuadro de esta versi\u00f3n, se introducir\u00e1n funciones con memoria central protegida para proteger el material, la microlog\u00eda y las funciones del sistema de explotaci\u00f3n Windows Server contra las amenazas de seguridad avanzadas. El servidor de memoria central protegido se aplica a las tecnolog\u00edas que indican la protecci\u00f3n del sistema Windows Defender y la seguridad basada en la virtualizaci\u00f3n para minimizar los riesgos de las vulnerabilidades de los microprogramas y los malwares avanzados. La nueva versi\u00f3n ofrece tambi\u00e9n una conectividad segura e introduce m\u00e1s nuevas funciones que indican las conexiones HTTPS cifradas m\u00e1s r\u00e1pidas y seguras, el est\u00e1ndar SMB AES 256, etc.<\/p>\n<p>Windows Server 2022 mejora la gesti\u00f3n de servidores h\u00edbridos gracias a una gesti\u00f3n netamente mejorada de m\u00e1quinas virtuales, una visi\u00f3n de eventos mejorada y muchas otras nuevas funciones en el Centro de administraci\u00f3n de Windows. Adem\u00e1s, esta versi\u00f3n incluye mejoras significativas para los contenidos de Windows, incluye las colas de imagen m\u00e1s peque\u00f1as para las descargas m\u00e1s r\u00e1pidas, las herramientas de conteneurizaci\u00f3n y una simplificaci\u00f3n de las pol\u00edticas de red para las aplicaciones .NET.<\/p>\n<p>La edici\u00f3n Datacenter es la m\u00e1s completa e incluye nuevas funciones espec\u00edficas en los centros de donn\u00e9es (m\u00e1quinas virtualmente ciegas, almacenamiento directo y red definida por l\u00f3gica), adem\u00e1s de una virtualizaci\u00f3n ilimitada de servidores. Una comparaci\u00f3n de ediciones est\u00e1 presente en ci-dessous.<\/p>\n<p>Est\u00e1ndar 2022<\/p>\n<p>Centro de datos 2022<\/p>\n<p>Ideal para<\/p>\n<p>Entornos f\u00edsicos o defectuosos virtualizados<\/p>\n<p>Entornos nuage y centros de donn\u00e9es hautement virtualis\u00e9s<\/p>\n<p>Modelo de licencia<\/p>\n<p>Basado en el noyau<\/p>\n<p>Basado en el noyau<\/p>\n<p>Exigencias de la autoridad de certificaci\u00f3n<\/p>\n<p>Servidor de Windows CAL<\/p>\n<p>CAL de Windows Server<\/p>\n<p>Funci\u00f3n base de Windows Server<\/p>\n<p>Integraci\u00f3n h\u00edbrida<\/p>\n<p>OSE\/conteneurs con aislamiento Hyper-V<\/p>\n<p>2<\/p>\n<p>Ilimitado<\/p>\n<p>Contenedores de Windows Server<\/p>\n<p>Ilimitado<\/p>\n<p>Ilimitado<\/p>\n<p>R\u00e9plica del stockage<\/p>\n<p>Soluciones de puesta en red basada en l\u00f3gica<\/p>\n<p>Stock definido por software<\/p>\n<p>Funci\u00f3n de soporte cl\u00e9:<\/p>\n<p>Funci\u00f3n disponible Funci\u00f3n no disponible Funci\u00f3n limitada<\/p>","protected":false},"excerpt":{"rendered":"<table style='border-collapse: collapse; width: 100%;'>\n<tr>\n<th>Propiedad<\/th>\n<th>Valor<\/th>\n<\/tr>\n<tr>\n<td>Placa en forma de<\/td>\n<td>Ventanas<\/td>\n<\/tr>\n<tr>\n<td>Procesador<\/td>\n<td>M\u00ednimo: procesador de 64 bits de 1,4 GHz Compatible con el juego de instrucciones x64 Premio a cargo de NX y de la protecci\u00f3n de la ejecuci\u00f3n de programas Premio a cargo de CMPXCHG16b, LAHF\/SAHF y PrefetchW Premio a cargo de SLAT (Traducci\u00f3n de direcciones de segundo nivel) (EPT o NPT) Coreinfo, que hace parte de Windows Sysinternals, es una herramienta Puede utilizarlo para confirmar todas las caracter\u00edsticas de su procesador.<\/td>\n<\/tr>\n<tr>\n<td>Espacio disco<\/td>\n<td>Los ordenadores que funcionan con Windows Server deben llevar una tarjeta de almacenamiento conforme a las especificaciones de la arquitectura PCI Express. Los dispositivos de almacenamiento permanente del servidor que son clasificados como discos duros no deben ser de tipo PATA. Windows Server no autoriza el uso de ATA\/PATA\/IDE\/EIDE para discos de amor, p\u00e1ginas o donaciones. Las exigencias m\u00ednimas estimadas en el espacio del disco para la partici\u00f3n del sistema est\u00e1n indicadas all\u00ed. M\u00ednimo : 32 Ir<\/td>\n<\/tr>\n<tr>\n<td>RAM<\/td>\n<td>M\u00ednimo: 512 Mo (2 Ir para la opci\u00f3n de instalaci\u00f3n de Servidor con Experiencia de Escritorio) de tipo ECC (c\u00f3digo de correcci\u00f3n de errores) o tecnolog\u00eda similar, para implementaciones de hu\u00e9spedes f\u00edsicos.<\/td>\n<\/tr>\n<tr>\n<td>Exigencias en mati\u00e8re de r\u00e9seau<\/td>\n<td>Las tarjetas de red utilizadas con esta versi\u00f3n deben contener las siguientes caracter\u00edsticas: M\u00ednimo: tarjeta Ethernet con capacidad de una velocidad efectiva de al menos 1 gigabit por segundo. Conforme a la especificaci\u00f3n de arquitectura PCI Express. Una tarjeta de red prenant en charge le d\u00e9bogage du r\u00e9seau (KDNet) es \u00fatil, pero no se constituye bajo una exigencia m\u00ednima. Una tarjeta de red prenant en charge l&#039;environnement d&#039;ex\u00e9cution avant d\u00e9marrage (PXE) es \u00fatil, pero no es una exigencia m\u00ednima.<\/td>\n<\/tr>\n<tr>\n<td>Otras exigencias<\/td>\n<td>Los ordenadores que utilizan esta versi\u00f3n tambi\u00e9n deben eliminar los elementos siguientes: lector de DVD (si tiene la intenci\u00f3n de instalar el sistema de explotaci\u00f3n a partir de un DVD compatible) Los elementos siguientes son requisitos para ciertas funciones \u00fanicas: sistema y microprogramas basados en UEFI 2.3.1c. Prenant en charge the d\u00e9marrage securis\u00e9 du Trusted Platform Module Perif\u00e9rico gr\u00e1fico y pantalla compatible con una resoluci\u00f3n Super VGA (1024 x 768) o teclado superior y soporte Microsoft (o dispositivo de punto compatible) Acceso a Internet<\/td>\n<\/tr>\n<\/table>","protected":false},"featured_media":2939,"template":"","meta":{"inline_featured_image":false},"product_brand":[],"product_cat":[108],"product_tag":[],"class_list":{"0":"post-2534","1":"product","2":"type-product","3":"status-publish","4":"has-post-thumbnail","6":"product_cat-server-software","8":"first","9":"instock","10":"sale","11":"virtual","12":"taxable","13":"purchasable","14":"product-type-simple"},"_links":{"self":[{"href":"https:\/\/elitesoftkeys.com\/es\/wp-json\/wp\/v2\/product\/2534","targetHints":{"allow":["GET"]}}],"collection":[{"href":"https:\/\/elitesoftkeys.com\/es\/wp-json\/wp\/v2\/product"}],"about":[{"href":"https:\/\/elitesoftkeys.com\/es\/wp-json\/wp\/v2\/types\/product"}],"version-history":[{"count":0,"href":"https:\/\/elitesoftkeys.com\/es\/wp-json\/wp\/v2\/product\/2534\/revisions"}],"wp:featuredmedia":[{"embeddable":true,"href":"https:\/\/elitesoftkeys.com\/es\/wp-json\/wp\/v2\/media\/2939"}],"wp:attachment":[{"href":"https:\/\/elitesoftkeys.com\/es\/wp-json\/wp\/v2\/media?parent=2534"}],"wp:term":[{"taxonomy":"product_brand","embeddable":true,"href":"https:\/\/elitesoftkeys.com\/es\/wp-json\/wp\/v2\/product_brand?post=2534"},{"taxonomy":"product_cat","embeddable":true,"href":"https:\/\/elitesoftkeys.com\/es\/wp-json\/wp\/v2\/product_cat?post=2534"},{"taxonomy":"product_tag","embeddable":true,"href":"https:\/\/elitesoftkeys.com\/es\/wp-json\/wp\/v2\/product_tag?post=2534"}],"curies":[{"name":"gracias","href":"https:\/\/api.w.org\/{rel}","templated":true}]}}