{"id":2528,"date":"2024-12-21T13:55:37","date_gmt":"2024-12-21T13:55:37","guid":{"rendered":"http:\/\/elitesoftkeys.com\/?product=parallels-desktop-pro-18-edition"},"modified":"2025-07-06T14:06:56","modified_gmt":"2025-07-06T14:06:56","slug":"parallels-desktop-pro-18-edition","status":"publish","type":"product","link":"https:\/\/elitesoftkeys.com\/es\/producto\/parallels-desktop-pro-18-edition\/","title":{"rendered":"Parallels Desktop Pro 18 Edici\u00f3n"},"content":{"rendered":"<p>Ejecute Windows y macOS simult\u00e1neamente en una Mac<\/p>\n<p>Asignar m\u00e1s recursos de Mac para obtener el mejor rendimiento<\/p>\n<p>Desarrollar aplicaciones de Windows en una Mac<\/p>\n<p>Desarrollar y probar sitios web y aplicaciones multiplataforma en los sistemas operativos m\u00e1s importantes<\/p>\n<p>Automatice sus flujos de trabajo con CLI, Vagrant, Minikube, Jenkins y SDK<\/p>\n<p>Habilite la virtualizaci\u00f3n anidada para usar Hyper-V y otras m\u00e1quinas virtuales dentro de las m\u00e1quinas virtuales de Parallels<\/p>\n<p>Prueba software en un entorno aislado. Potente, intuitivo y fiable. Ampl\u00eda las capacidades de tu Mac y ejecuta otros sistemas operativos, como Windows y Linux, sin reiniciar. F\u00e1cil de instalar, configurar y usar. Dise\u00f1ado para ser intuitivo y f\u00e1cil de usar. Con la confianza de m\u00e1s de 7 millones de usuarios y elogiado por expertos de todo el mundo. M\u00e1xima potencia para crear y desarrollar. Dise\u00f1ado pensando en desarrolladores, usuarios avanzados y otros profesionales exigentes. Parallels Desktop para Mac Pro Edition ofrece la m\u00e1xima potencia de procesamiento, para que puedas programar en Visual Studio, dise\u00f1ar y crear en aplicaciones de Autodesk, automatizar en PowerShell, jugar a juegos pesados de Windows y mucho m\u00e1s, todo en un Mac con la misma facilidad que en un PC. Prueba en varios navegadores nativos. Ejecuta el modo Internet Explorer en Microsoft Edge directamente en tu equipo de desarrollo, y todo a la vez. Ejecuta navegadores incompatibles en instalaciones separadas de Windows en m\u00e1quinas virtuales independientes. Adem\u00e1s, crea un entorno de prueba para todo el grupo, simult\u00e1neamente, usando tu herramienta de desarrollo web favorita (Dreamweaver, WordPress, Microsoft Expression y m\u00e1s) para realizar cambios en tu sitio. Si utiliza habitualmente varias versiones de IE, explore Parallels\u00ae Toolbox para iniciarlas todas a la vez y ahorrar tiempo. (Parallels Toolbox est\u00e1 incluido al comprar Parallels Desktop Pro Edition).<\/p>","protected":false},"excerpt":{"rendered":"<table style='border-collapse: collapse; width: 100%;'>\n<tr>\n<th>Propiedad<\/th>\n<th>Valor<\/th>\n<\/tr>\n<tr>\n<td>Plataforma<\/td>\n<td>Macos<\/td>\n<\/tr>\n<tr>\n<td>Gr\u00e1ficos<\/td>\n<td>Chips Apple M2, M1 Ultra, M1 Pro, M1 Max y M1 Tarjetas gr\u00e1ficas Intel, AMD Radeon o NVIDIA<\/td>\n<\/tr>\n<tr>\n<td>Procesador<\/td>\n<td>Chips Apple M2 Pro, M2 Max, M2, M1 Ultra, M1 Pro, M1 Max y M1 Procesador Intel Core 2 Duo, Core i3, Core i5, Core i7, Core i9, Intel Core M o Xeon<\/td>\n<\/tr>\n<tr>\n<td>Disco duro<\/td>\n<td>600 MB para la instalaci\u00f3n de la aplicaci\u00f3n Parallels Desktop<\/td>\n<\/tr>\n<tr>\n<td>RAM<\/td>\n<td>4 GB de RAM para Mac<\/td>\n<\/tr>\n<tr>\n<td>Sistema operativo<\/td>\n<td>macOS Ventura 13.1 o superior, macOS Monterey 12.6, macOS BigSur 11.7, macOS Catalina 10.15, macOS Mojave 10.14<\/td>\n<\/tr>\n<\/table>","protected":false},"featured_media":2946,"template":"","meta":{"inline_featured_image":false},"product_brand":[],"product_cat":[107],"product_tag":[],"class_list":{"0":"post-2528","1":"product","2":"type-product","3":"status-publish","4":"has-post-thumbnail","6":"product_cat-operating-systems","8":"first","9":"instock","10":"sale","11":"virtual","12":"taxable","13":"purchasable","14":"product-type-simple"},"_links":{"self":[{"href":"https:\/\/elitesoftkeys.com\/es\/wp-json\/wp\/v2\/product\/2528","targetHints":{"allow":["GET"]}}],"collection":[{"href":"https:\/\/elitesoftkeys.com\/es\/wp-json\/wp\/v2\/product"}],"about":[{"href":"https:\/\/elitesoftkeys.com\/es\/wp-json\/wp\/v2\/types\/product"}],"version-history":[{"count":0,"href":"https:\/\/elitesoftkeys.com\/es\/wp-json\/wp\/v2\/product\/2528\/revisions"}],"wp:featuredmedia":[{"embeddable":true,"href":"https:\/\/elitesoftkeys.com\/es\/wp-json\/wp\/v2\/media\/2946"}],"wp:attachment":[{"href":"https:\/\/elitesoftkeys.com\/es\/wp-json\/wp\/v2\/media?parent=2528"}],"wp:term":[{"taxonomy":"product_brand","embeddable":true,"href":"https:\/\/elitesoftkeys.com\/es\/wp-json\/wp\/v2\/product_brand?post=2528"},{"taxonomy":"product_cat","embeddable":true,"href":"https:\/\/elitesoftkeys.com\/es\/wp-json\/wp\/v2\/product_cat?post=2528"},{"taxonomy":"product_tag","embeddable":true,"href":"https:\/\/elitesoftkeys.com\/es\/wp-json\/wp\/v2\/product_tag?post=2528"}],"curies":[{"name":"gracias","href":"https:\/\/api.w.org\/{rel}","templated":true}]}}