{"id":2527,"date":"2024-12-21T13:55:37","date_gmt":"2024-12-21T13:55:37","guid":{"rendered":"http:\/\/elitesoftkeys.com\/?product=parallels-desktop-18-standard-edition"},"modified":"2025-07-06T14:06:56","modified_gmt":"2025-07-06T14:06:56","slug":"parallels-desktop-18-standard-edition","status":"publish","type":"product","link":"https:\/\/elitesoftkeys.com\/es\/producto\/parallels-desktop-18-standard-edition\/","title":{"rendered":"Parallels Desktop 18 Edici\u00f3n Est\u00e1ndar"},"content":{"rendered":"<p>Ejecute Windows y macOS simult\u00e1neamente en una Mac<\/p>\n<p>Ejecute m\u00e1s de 200.000 aplicaciones de Windows en una Mac, incluido Microsoft Office para Windows.<\/p>\n<p>Descargue e instale el sistema operativo Windows en su computadora Mac Intel o Apple serie M.<\/p>\n<p>Copie y pegue texto sin problemas o arrastre y suelte archivos entre Mac y Windows.<\/p>\n<p>Desarrolle y pruebe m\u00faltiples sistemas operativos en una m\u00e1quina virtual para Mac.<\/p>\n<p>Ejecuta aplicaciones de Windows sin esfuerzo y sin ralentizar tu Mac. R\u00e1pido, potente y sencillo. Ejecuta miles de aplicaciones de Windows como Microsoft Office, Internet Explorer, Access, Quicken, QuickBooks, Visual Studio, incluso juegos con gr\u00e1ficos intensivos y programas CAD sin comprometer el rendimiento ni reiniciar. Sin interrupciones. Usa Windows en paralelo con macOS en tu MacBook, MacBook Pro, iMac, iMac Pro, Mac mini o Mac Pro, sin necesidad de reiniciar. Comparte archivos y carpetas, copia y pega im\u00e1genes y texto, y arrastra y suelta archivos y contenido entre aplicaciones de Mac y Windows. F\u00e1cil configuraci\u00f3n. Parallels Desktop detecta autom\u00e1ticamente lo que necesitas para empezar, \u00a1as\u00ed que estar\u00e1s listo en minutos! Si necesitas Windows, se te pedir\u00e1 que descargues e instales Windows 11 o que uses la instalaci\u00f3n de Boot Camp si tienes una Mac con procesador Intel. Tambi\u00e9n puedes migrar tu PC con Windows* o Linux, como Ubuntu (solo para Mac con procesador Intel). Superr\u00e1pido. Las aplicaciones de Windows con gr\u00e1ficos y que consumen muchos recursos se ejecutan sin esfuerzo y sin ralentizar tu Mac. Ejecuta aplicaciones como Microsoft Office, Visual Studio, SQL Server, Power BI, AutoCAD, MetaTrader y miles m\u00e1s. Disfruta de tus juegos cl\u00e1sicos favoritos, solo para Windows, en una Mac. Elige tu vista: haz que Windows sea invisible mientras sigues usando sus aplicaciones en el modo Coherence\u2122. Si eres nuevo en Mac, puedes configurar Windows para que ocupe toda la pantalla, para que se vea igual que en una PC con Windows.<\/p>","protected":false},"excerpt":{"rendered":"<table style='border-collapse: collapse; width: 100%;'>\n<tr>\n<th>Propiedad<\/th>\n<th>Valor<\/th>\n<\/tr>\n<tr>\n<td>Plataforma<\/td>\n<td>Macos<\/td>\n<\/tr>\n<tr>\n<td>Gr\u00e1ficos<\/td>\n<td>Chips Apple M2, M1 Ultra, M1 Pro, M1 Max y M1 Tarjetas gr\u00e1ficas Intel, AMD Radeon o NVIDIA<\/td>\n<\/tr>\n<tr>\n<td>Procesador<\/td>\n<td>Chips Apple M2 Pro, M2 Max, M2, M1 Ultra, M1 Pro, M1 Max y M1 Procesador Intel Core 2 Duo, Core i3, Core i5, Core i7, Core i9, Intel Core M o Xeon<\/td>\n<\/tr>\n<tr>\n<td>Disco duro<\/td>\n<td>600 MB para la instalaci\u00f3n de la aplicaci\u00f3n Parallels Desktop<\/td>\n<\/tr>\n<tr>\n<td>RAM<\/td>\n<td>4 GB de RAM para Mac<\/td>\n<\/tr>\n<tr>\n<td>Sistema operativo<\/td>\n<td>macOS Ventura 13.1 o superior, macOS Monterey 12.6, macOS BigSur 11.7, macOS Catalina 10.15, macOS Mojave 10.14<\/td>\n<\/tr>\n<\/table>","protected":false},"featured_media":2945,"template":"","meta":{"inline_featured_image":false},"product_brand":[],"product_cat":[107],"product_tag":[],"class_list":{"0":"post-2527","1":"product","2":"type-product","3":"status-publish","4":"has-post-thumbnail","6":"product_cat-operating-systems","8":"first","9":"instock","10":"sale","11":"virtual","12":"taxable","13":"purchasable","14":"product-type-simple"},"_links":{"self":[{"href":"https:\/\/elitesoftkeys.com\/es\/wp-json\/wp\/v2\/product\/2527","targetHints":{"allow":["GET"]}}],"collection":[{"href":"https:\/\/elitesoftkeys.com\/es\/wp-json\/wp\/v2\/product"}],"about":[{"href":"https:\/\/elitesoftkeys.com\/es\/wp-json\/wp\/v2\/types\/product"}],"version-history":[{"count":0,"href":"https:\/\/elitesoftkeys.com\/es\/wp-json\/wp\/v2\/product\/2527\/revisions"}],"wp:featuredmedia":[{"embeddable":true,"href":"https:\/\/elitesoftkeys.com\/es\/wp-json\/wp\/v2\/media\/2945"}],"wp:attachment":[{"href":"https:\/\/elitesoftkeys.com\/es\/wp-json\/wp\/v2\/media?parent=2527"}],"wp:term":[{"taxonomy":"product_brand","embeddable":true,"href":"https:\/\/elitesoftkeys.com\/es\/wp-json\/wp\/v2\/product_brand?post=2527"},{"taxonomy":"product_cat","embeddable":true,"href":"https:\/\/elitesoftkeys.com\/es\/wp-json\/wp\/v2\/product_cat?post=2527"},{"taxonomy":"product_tag","embeddable":true,"href":"https:\/\/elitesoftkeys.com\/es\/wp-json\/wp\/v2\/product_tag?post=2527"}],"curies":[{"name":"gracias","href":"https:\/\/api.w.org\/{rel}","templated":true}]}}