{"id":2523,"date":"2024-12-21T13:55:37","date_gmt":"2024-12-21T13:55:37","guid":{"rendered":"http:\/\/elitesoftkeys.com\/?product=vmware-workstation-pro-17"},"modified":"2025-07-06T14:06:54","modified_gmt":"2025-07-06T14:06:54","slug":"vmware-workstation-pro-17","status":"publish","type":"product","link":"https:\/\/elitesoftkeys.com\/es\/producto\/vmware-workstation-pro-17\/","title":{"rendered":"VMware Workstation Pro 17"},"content":{"rendered":"<p>Detalles del producto<\/p>\n<p>Esta es una clave de licencia original para VMware Workstation Pro 17, la mejor soluci\u00f3n de software de virtualizaci\u00f3n para profesionales de TI, desarrolladores y empresas.<\/p>\n<p>Caracter\u00edsticas de la licencia:<\/p>\n<p>1 usuario y 1 dispositivo<\/p>\n<p>Licencia de por vida<\/p>\n<p>Pluriling\u00fce<\/p>\n<p>Compatible con Windows 8.1 de 64 bits o superior<\/p>\n<p>Compra VMware Workstation al mejor precio del mercado<\/p>\n<p>Consiga un precio inmejorable para VMware Workstation: el descuento es de 65%. Con EliteSoftKeys, no solo ahorrar\u00e1 mucho, sino que tambi\u00e9n obtendr\u00e1 una licencia original de 100% y soporte t\u00e9cnico confiable.<\/p>\n<p>\u00bfQu\u00e9 es VMware Workstation Pro?<\/p>\n<p>VMware Workstation es un potente software de virtualizaci\u00f3n que permite a los usuarios ejecutar m\u00faltiples sistemas operativos simult\u00e1neamente en una sola m\u00e1quina f\u00edsica.<\/p>\n<p>Cree y administre m\u00e1quinas virtuales, cada una con su propio sistema operativo y recursos (CPU, memoria, espacio en disco).<\/p>\n<p>Tome instant\u00e1neas de las m\u00e1quinas virtuales para capturar su estado en un punto espec\u00edfico en el tiempo, lo que le permitir\u00e1 volver a ese estado si es necesario.<\/p>\n<p>Clonar m\u00e1quinas virtuales para crear copias id\u00e9nticas, lo que resulta \u00fatil para realizar pruebas o implementaciones.<\/p>\n<p>Configure diferentes opciones de red para m\u00e1quinas virtuales, incluidas NAT (traducci\u00f3n de direcciones de red), redes en puente y redes de solo host.<\/p>\n<p>Asigne recursos como CPU, memoria y almacenamiento a cada m\u00e1quina virtual seg\u00fan sus necesidades.<\/p>\n<p>\u00bfQu\u00e9 novedades hay en VMware Workstation Pro 17?<\/p>\n<p>Nueva m\u00e1quina virtual de inicio autom\u00e1tico<\/p>\n<p>Ahora puede configurar las m\u00e1quinas virtuales locales para que se inicien autom\u00e1ticamente cuando se inicie la m\u00e1quina host.<\/p>\n<p>Compatibilidad con nuevos sistemas operativos invitados<\/p>\n<p>Microsoft Windows 11<\/p>\n<p>Microsoft Windows Server 2022<\/p>\n<p>RHEL 9<\/p>\n<p>Debian 11.x<\/p>\n<p>Ubuntu 22.04<\/p>\n<p>Nuevo m\u00f3dulo de plataforma de confianza virtual 2.0<\/p>\n<p>Workstation Pro ahora ofrece un dispositivo virtual Trusted Platform Module (versi\u00f3n 2.0) para admitir Windows 11 y otros sistemas operativos que requieren un TPM.<\/p>\n<p>Nuevas funciones de cifrado completo o r\u00e1pido<\/p>\n<p>Ahora puede elegir entre opciones de seguridad (Completa) y rendimiento (R\u00e1pido) para el cifrado.<\/p>\n<p>Compatibilidad con gr\u00e1ficos mejorada: OpenGL 4.3; Requisitos:<\/p>\n<p>Windows 7 o superior<\/p>\n<p>Linux con Mesa 22.0.0 y kernel Linux 5.16.0<\/p>\n<p>Compatibilidad con WDDM 1.2<\/p>\n<p>Workstation Pro ahora admite WDDM (Windows Display Driver Model) versi\u00f3n 1.2 para las m\u00e1quinas virtuales.<\/p>\n<p>VMware Workstation Pro 17: gu\u00eda de descarga e instalaci\u00f3n<\/p>\n<p>\u00a1Nos comprometemos a proporcionar \u00fanicamente descargas oficiales de los productos adquiridos!<\/p>\n<p>Despu\u00e9s de su compra, recibir\u00e1 un correo electr\u00f3nico con la clave de licencia para Workstation Pro 17, junto con instrucciones claras sobre c\u00f3mo descargarlo del sitio web oficial de VMware y activarlo con la clave de licencia comprada.<\/p>\n<p>\u00bfCu\u00e1l es la diferencia entre Workstation Pro y Workstation Player?<\/p>\n<p>Workstation Player es una soluci\u00f3n gratuita que ofrece funciones de virtualizaci\u00f3n mucho m\u00e1s sencillas. Est\u00e1 dise\u00f1ada para una sola m\u00e1quina virtual gr\u00e1fica y tambi\u00e9n se utiliza ampliamente en el \u00e1mbito educativo.<\/p>\n<p>Workstation Pro est\u00e1 dise\u00f1ado para profesionales de TI y desarrolladores. Ofrece una interfaz m\u00e1s completa. Workstation Pro puede proporcionar y configurar redes virtuales, crear clones, conectarse a vSphere, mostrar varias m\u00e1quinas virtuales simult\u00e1neamente en una interfaz con pesta\u00f1as y mucho m\u00e1s.<\/p>\n<p>\u00bfPor qu\u00e9 elegir EliteSoftKeys para comprar licencias de software?<\/p>\n<p>EliteSoftKeys es su distribuidor de confianza de licencias de software original al mejor precio. Ofrecemos:<\/p>\n<p>S\u00f3lo software aut\u00e9ntico: el software siempre se descarga del sitio web oficial del proveedor del software, lo que garantiza la autenticidad de los productos.<\/p>\n<p>Precios imbatibles: Nuestros precios competitivos son posibles gracias a la reventa de licencias &quot;de segunda mano&quot;, una pr\u00e1ctica legalmente permitida por la sentencia del TJUE de 3 de julio de 2012.<\/p>\n<p>Servicio al cliente excepcional: Nuestro equipo de soporte multiling\u00fce est\u00e1 disponible los 7 d\u00edas de la semana y tiene una calificaci\u00f3n promedio de 4.9\/5 en plataformas como Trustpilot, Trusted Shops y Google Reviews.<\/p>\n<p>Opciones de pago seguro: Nuestros clientes disponen de una amplia gama de m\u00e9todos de pago seguros, incluidos Apple Pay, Google Pay y tarjetas de cr\u00e9dito.<\/p>\n<p>Preguntas frecuentes<\/p>\n<p>\u00bfEst\u00e1 VMware Workstation Pro 17 disponible para Mac?<\/p>\n<p>Workstation Pro es una versi\u00f3n dise\u00f1ada para ordenadores con sistema operativo Windows. Sin embargo, existe una versi\u00f3n para Mac con la misma funcionalidad: VMware Fusion Pro.<\/p>\n<p>\u00bfC\u00f3mo recibo mi clave de licencia despu\u00e9s de comprar VMware Workstation?<\/p>\n<p>Una vez que complete la compra de VMware Workstation, le enviaremos la clave de activaci\u00f3n de la licencia por correo electr\u00f3nico.<\/p>\n<p>\u00bfQu\u00e9 puedo hacer si no puedo activar mi licencia de VMware Workstation?<\/p>\n<p>No hay problema, \u00a1siempre estamos disponibles para ayudarte! Si no puedes activar tu licencia de VMware Workstation por cualquier motivo, contacta con nuestro soporte t\u00e9cnico gratuito y proporciona detalles y capturas de pantalla del problema. Te ayudaremos a resolverlo lo antes posible.<\/p>","protected":false},"excerpt":{"rendered":"<table style='border-collapse: collapse; width: 100%;'>\n<tr>\n<th>Propiedad<\/th>\n<th>Valor<\/th>\n<\/tr>\n<tr>\n<td>Plataforma<\/td>\n<td>Ventanas<\/td>\n<\/tr>\n<tr>\n<td>Gr\u00e1ficos<\/td>\n<td>DirectX 11<\/td>\n<\/tr>\n<tr>\n<td>Procesador<\/td>\n<td>Procesador Intel o AMD x86 de 64 bits a partir de 2011<\/td>\n<\/tr>\n<tr>\n<td>Disco duro<\/td>\n<td>M\u00ednimo 1,5 GB disponibles<\/td>\n<\/tr>\n<tr>\n<td>RAM<\/td>\n<td>4 GB<\/td>\n<\/tr>\n<tr>\n<td>Sistema operativo<\/td>\n<td>Windows 10 m\u00ednimo<\/td>\n<\/tr>\n<\/table>","protected":false},"featured_media":2941,"template":"","meta":{"inline_featured_image":false},"product_brand":[],"product_cat":[107],"product_tag":[],"class_list":{"0":"post-2523","1":"product","2":"type-product","3":"status-publish","4":"has-post-thumbnail","6":"product_cat-operating-systems","8":"first","9":"instock","10":"sale","11":"virtual","12":"taxable","13":"purchasable","14":"product-type-simple"},"_links":{"self":[{"href":"https:\/\/elitesoftkeys.com\/es\/wp-json\/wp\/v2\/product\/2523","targetHints":{"allow":["GET"]}}],"collection":[{"href":"https:\/\/elitesoftkeys.com\/es\/wp-json\/wp\/v2\/product"}],"about":[{"href":"https:\/\/elitesoftkeys.com\/es\/wp-json\/wp\/v2\/types\/product"}],"version-history":[{"count":0,"href":"https:\/\/elitesoftkeys.com\/es\/wp-json\/wp\/v2\/product\/2523\/revisions"}],"wp:featuredmedia":[{"embeddable":true,"href":"https:\/\/elitesoftkeys.com\/es\/wp-json\/wp\/v2\/media\/2941"}],"wp:attachment":[{"href":"https:\/\/elitesoftkeys.com\/es\/wp-json\/wp\/v2\/media?parent=2523"}],"wp:term":[{"taxonomy":"product_brand","embeddable":true,"href":"https:\/\/elitesoftkeys.com\/es\/wp-json\/wp\/v2\/product_brand?post=2523"},{"taxonomy":"product_cat","embeddable":true,"href":"https:\/\/elitesoftkeys.com\/es\/wp-json\/wp\/v2\/product_cat?post=2523"},{"taxonomy":"product_tag","embeddable":true,"href":"https:\/\/elitesoftkeys.com\/es\/wp-json\/wp\/v2\/product_tag?post=2523"}],"curies":[{"name":"gracias","href":"https:\/\/api.w.org\/{rel}","templated":true}]}}