{"id":2522,"date":"2024-12-21T13:55:36","date_gmt":"2024-12-21T13:55:36","guid":{"rendered":"http:\/\/elitesoftkeys.com\/?product=windows-7-lifetime-licence"},"modified":"2025-07-06T14:06:54","modified_gmt":"2025-07-06T14:06:54","slug":"windows-7-lifetime-licence","status":"publish","type":"product","link":"https:\/\/elitesoftkeys.com\/es\/producto\/windows-7-lifetime-licence\/","title":{"rendered":"Windows 7 \u2013 Licencia de por vida"},"content":{"rendered":"<p>Caracter\u00edsticas de Windows 7<\/p>\n<p>Windows 7 ofrece una experiencia estable e intuitiva con una interfaz de usuario mejorada, que incluye una barra de tareas y un men\u00fa Inicio redise\u00f1ados para una navegaci\u00f3n m\u00e1s sencilla. Las funciones Aero Peek y Aero Snap mejoran la gesti\u00f3n de ventanas. El sistema operativo ofrece un rendimiento mejorado y tiempos de arranque m\u00e1s r\u00e1pidos que sus predecesores. Windows 7 admite bibliotecas para una organizaci\u00f3n eficiente de archivos y Windows Search para un acceso r\u00e1pido a archivos y aplicaciones. Las funciones de seguridad incluyen Windows Defender y el Control de cuentas de usuario. Las capacidades multimedia se han mejorado con el Reproductor de Windows Media y DirectX 11 para disfrutar de mejores juegos y gr\u00e1ficos. El Grupo Hogar simplifica la configuraci\u00f3n de la red dom\u00e9stica y el uso compartido de archivos.<\/p>\n<p>Windows 7 Pro y Windows 7 Ultimate<\/p>\n<p>Windows 7 Professional y Windows 7 Ultimate son similares, pero Ultimate ofrece algunas funciones adicionales. Ambos incluyen BitLocker para el cifrado de datos, compatibilidad con Escritorio remoto y la posibilidad de unirse a un dominio corporativo. Sin embargo, Microsoft Windows 7 Ultimate tambi\u00e9n incluye compatibilidad con varios idiomas (Interfaz de usuario multiling\u00fce) y funciones avanzadas como AppLocker, que permite controlar qu\u00e9 aplicaciones se pueden ejecutar en un PC. En esencia, Microsoft Windows 7 Ultimate ofrece un conjunto superior de funciones en comparaci\u00f3n con Windows 7 Pro.<\/p>\n<p>\u00bfCu\u00e1l es la diferencia entre Windows 7 y Windows 10?<\/p>\n<p>Windows 10 ofrece una interfaz moderna, un rendimiento mejorado y mayor seguridad en comparaci\u00f3n con Windows 7. Incluye funciones avanzadas como el asistente virtual Cortana, el navegador Microsoft Edge y compatibilidad con las \u00faltimas aplicaciones y juegos. Adem\u00e1s, Windows 10 recibe actualizaciones peri\u00f3dicas de Microsoft, mientras que el soporte para Windows 7 ha finalizado, lo que lo hace menos seguro y compatible con las nuevas tecnolog\u00edas.<\/p>\n<p>Actualizar de Windows 7 a Windows 10 es sencillo. Primero, aseg\u00farate de hacer una copia de seguridad de tus datos importantes. A continuaci\u00f3n, descarga la herramienta de actualizaci\u00f3n a Windows 10 del sitio web oficial de Microsoft. Una vez descargada, in\u00edciala y sigue las instrucciones en pantalla. Durante el proceso, puedes optar por conservar tus archivos y aplicaciones o realizar una instalaci\u00f3n limpia. Al finalizar, tu sistema se actualizar\u00e1 a Windows 10 y estar\u00e1s listo para explorar las nuevas funciones y mejoras.<\/p>\n<p>Windows 7 \u2013 descarga e instalaci\u00f3n<\/p>\n<p>Tras la compra, le enviaremos la clave de Windows 7 por correo electr\u00f3nico. Tambi\u00e9n recibir\u00e1 una gu\u00eda detallada que explica c\u00f3mo descargar el software de Windows, instalarlo en su dispositivo y activarlo con la clave de producto. Si tiene alguna pregunta, ofrecemos soporte t\u00e9cnico gratuito por chat en vivo, correo electr\u00f3nico o WhatsApp.<\/p>\n<p>\u00bfPor qu\u00e9 elegir EliteSoftKeys para comprar licencias de software?<\/p>\n<p>EliteSoftKeys es su distribuidor de confianza de licencias de software originales a precios competitivos, certificados por Microsoft y Adobe. Ofrecemos \u00fanicamente software aut\u00e9ntico de marcas l\u00edderes, garantizando calidad y autenticidad. Disfrute de descuentos de hasta 70% sobre el precio de venta al p\u00fablico gracias a la reventa legal de licencias de segunda mano. Nuestro servicio de atenci\u00f3n al cliente multiling\u00fce, disponible los 7 d\u00edas de la semana, tiene una calificaci\u00f3n promedio de 4.9\/5 en Trustpilot, Trusted Shop y Google Review. Tambi\u00e9n ofrecemos una amplia gama de m\u00e9todos de pago seguros, como Google Pay y tarjetas de cr\u00e9dito, para una compra f\u00e1cil y segura.<\/p>\n<p>Preguntas frecuentes sobre Windows 7<\/p>\n<p>\u00bfWindows 7 a\u00fan tiene soporte?<\/p>\n<p>Lamentablemente, Microsoft finaliz\u00f3 el soporte para Windows 7 el 14 de enero de 2020. Aunque el soporte oficial de Microsoft ya no est\u00e1 disponible, a\u00fan puede usar Windows 7 si tiene una clave v\u00e1lida. Sin embargo, tenga en cuenta que usar una versi\u00f3n de Windows sin soporte puede suponer riesgos de seguridad y limitar la compatibilidad con aplicaciones y hardware m\u00e1s recientes. Si necesita seguir usando Windows 7, aseg\u00farese de seguir las pr\u00e1cticas recomendadas de seguridad y considere actualizar a una versi\u00f3n con soporte cuando sea posible.<\/p>\n<p>\u00bfC\u00f3mo s\u00e9 si mi computadora puede ejecutar Windows 7?<\/p>\n<p>Antes de comprar tu licencia de Windows 7 puedes consultar la secci\u00f3n \u2018Requisitos\u2019 de esta p\u00e1gina para comprobar las especificaciones t\u00e9cnicas o visitar el sitio web del fabricante.<\/p>\n<p>\u00bfC\u00f3mo recibo mi licencia de Windows 7 despu\u00e9s de comprarla?<\/p>\n<p>Despu\u00e9s de completar su compra, le enviaremos una clave de producto de licencia por correo electr\u00f3nico para activar su ISO de Windows 7 Pro.<\/p>\n<p>\u00bfC\u00f3mo descargo, instalo y activo mi licencia de Windows 7 Pro?<\/p>\n<p>\u00a1Le proporcionaremos todo lo que necesita! Tras la compra de Windows 7, recibir\u00e1 la ISO de Windows 7 Pro con manuales de proceso sencillos adjuntos. Si tiene alguna pregunta, le ofrecemos soporte t\u00e9cnico gratuito a trav\u00e9s de las referencias de contacto que aparecen en www.EliteSoftKeys.com. La ISO de Windows 7 Pro es un \u00fanico archivo que reproduce de forma completa y perfecta el contenido de un medio \u00f3ptico (CD, DVD, Blu-ray, etc.) y, por lo tanto, contiene todo lo necesario para la instalaci\u00f3n.<\/p>\n<p>\u00bfQu\u00e9 puedo hacer si no puedo activar mi licencia?<\/p>\n<p>No hay problema, \u00a1siempre estamos disponibles para ayudarte! Si no puedes descargar Windows 7 Pro ni activar tu licencia de Windows por cualquier motivo, contacta con nuestro equipo de soporte t\u00e9cnico gratuito aqu\u00ed con detalles y capturas de pantalla del problema. Lo solucionaremos de inmediato.<\/p>","protected":false},"excerpt":{"rendered":"<table style='border-collapse: collapse; width: 100%;'>\n<tr>\n<th>Propiedad<\/th>\n<th>Valor<\/th>\n<\/tr>\n<tr>\n<td>Plataforma<\/td>\n<td>Ventanas<\/td>\n<\/tr>\n<tr>\n<td>Procesador<\/td>\n<td>Procesador o SoC de 1 GHz o m\u00e1s r\u00e1pido<\/td>\n<\/tr>\n<tr>\n<td>Disco duro<\/td>\n<td>16 GB para SO de 32 bits o 20 GB para SO de 64 bits<\/td>\n<\/tr>\n<tr>\n<td>RAM<\/td>\n<td>1 gigabyte (GB) para 32 bits o 2 GB para 64 bits<\/td>\n<\/tr>\n<tr>\n<td>Otros requisitos<\/td>\n<td>Acceso a Internet \/ Windows 8.1, Windows 7\/ Windows XP<\/td>\n<\/tr>\n<\/table>","protected":false},"featured_media":2953,"template":"","meta":{"inline_featured_image":false},"product_brand":[],"product_cat":[107],"product_tag":[],"class_list":{"0":"post-2522","1":"product","2":"type-product","3":"status-publish","4":"has-post-thumbnail","6":"product_cat-operating-systems","8":"first","9":"instock","10":"sale","11":"virtual","12":"taxable","13":"purchasable","14":"product-type-simple"},"_links":{"self":[{"href":"https:\/\/elitesoftkeys.com\/es\/wp-json\/wp\/v2\/product\/2522","targetHints":{"allow":["GET"]}}],"collection":[{"href":"https:\/\/elitesoftkeys.com\/es\/wp-json\/wp\/v2\/product"}],"about":[{"href":"https:\/\/elitesoftkeys.com\/es\/wp-json\/wp\/v2\/types\/product"}],"version-history":[{"count":0,"href":"https:\/\/elitesoftkeys.com\/es\/wp-json\/wp\/v2\/product\/2522\/revisions"}],"wp:featuredmedia":[{"embeddable":true,"href":"https:\/\/elitesoftkeys.com\/es\/wp-json\/wp\/v2\/media\/2953"}],"wp:attachment":[{"href":"https:\/\/elitesoftkeys.com\/es\/wp-json\/wp\/v2\/media?parent=2522"}],"wp:term":[{"taxonomy":"product_brand","embeddable":true,"href":"https:\/\/elitesoftkeys.com\/es\/wp-json\/wp\/v2\/product_brand?post=2522"},{"taxonomy":"product_cat","embeddable":true,"href":"https:\/\/elitesoftkeys.com\/es\/wp-json\/wp\/v2\/product_cat?post=2522"},{"taxonomy":"product_tag","embeddable":true,"href":"https:\/\/elitesoftkeys.com\/es\/wp-json\/wp\/v2\/product_tag?post=2522"}],"curies":[{"name":"gracias","href":"https:\/\/api.w.org\/{rel}","templated":true}]}}