{"id":2518,"date":"2024-12-21T13:55:36","date_gmt":"2024-12-21T13:55:36","guid":{"rendered":"http:\/\/elitesoftkeys.com\/?product=windows-11-pro-lifetime-license-key"},"modified":"2025-10-02T21:07:21","modified_gmt":"2025-10-02T21:07:21","slug":"windows-11-pro-lifetime-license-key","status":"publish","type":"product","link":"https:\/\/elitesoftkeys.com\/es\/producto\/windows-11-pro-lifetime-license-key\/","title":{"rendered":"Windows 11 Pro \u2013 Clave de licencia de por vida"},"content":{"rendered":"<p>Caracter\u00edsticas de Windows 11 Pro<\/p>\n<p>Windows 11 Pro es una versi\u00f3n del sistema operativo Windows 11 dise\u00f1ada para empresas, profesionales y usuarios avanzados que necesitan funciones y herramientas avanzadas para mejorar la productividad y la seguridad.<\/p>\n<p>Caracter\u00edsticas principales de Windows 11 Pro:<\/p>\n<p>Todas las caracter\u00edsticas de Windows 11 Home: men\u00fa Inicio redise\u00f1ado, barra de tareas mejorada, compatibilidad con aplicaciones de Android, escritorios virtuales, integraci\u00f3n con Microsoft Teams, seguridad mejorada, rendimiento mejorado, compatibilidad con pantalla t\u00e1ctil, dise\u00f1os y grupos de ajuste, y modo oscuro.<\/p>\n<p>Caracter\u00edsticas comerciales: caracter\u00edsticas adicionales dise\u00f1adas para usuarios comerciales, como la capacidad de unirse a un dominio o Azure Active Directory y compatibilidad con la administraci\u00f3n de pol\u00edticas de grupo.<\/p>\n<p>Windows Update for Business: permite a las empresas administrar las actualizaciones de Windows e implementarlas m\u00e1s f\u00e1cilmente en toda su organizaci\u00f3n.<\/p>\n<p>BitLocker: una herramienta de cifrado de disco completo que ayuda a proteger sus datos en caso de robo o p\u00e9rdida<\/p>\n<p>Escritorio remoto: le permite conectarse de forma remota a otra computadora y usarla como si estuviera sentado frente a ella.<\/p>\n<p>Hyper-V: una herramienta de virtualizaci\u00f3n que le permite crear y ejecutar m\u00e1quinas virtuales en su computadora.<\/p>\n<p>Acceso asignado: permite al usuario restringir una cuenta de usuario a una sola aplicaci\u00f3n, \u00fatil para quioscos y otros escenarios de uso \u00fanico.<\/p>\n<p>Protecci\u00f3n de informaci\u00f3n de Windows: ayuda a proteger los datos separando los datos personales y comerciales y aplicando diferentes pol\u00edticas de seguridad a cada uno.<\/p>\n<p>Windows Hello para empresas: permite utilizar autenticaci\u00f3n biom\u00e9trica, como reconocimiento facial o escaneo de huellas dactilares, para iniciar sesi\u00f3n en la computadora y acceder a aplicaciones y recursos empresariales.<\/p>\n<p>AppLocker: una herramienta que le permite restringir qu\u00e9 aplicaciones pueden ejecutarse en su computadora, \u00fatil para aplicar pol\u00edticas de seguridad y evitar que se ejecute software no autorizado.<\/p>\n<p>Windows 11 Professional frente a Windows 11 Home<\/p>\n<p>Windows 11 Home est\u00e1 dise\u00f1ado para usuarios generales y ofrece funciones esenciales como seguridad b\u00e1sica, mejoras para juegos y herramientas de productividad. Windows 11 Pro, dirigido a usuarios profesionales y empresariales, incluye todas las funciones de Home, adem\u00e1s de seguridad avanzada (BitLocker), acceso a escritorio remoto, virtualizaci\u00f3n Hyper-V, administraci\u00f3n de directivas de grupo y herramientas empresariales y de gesti\u00f3n mejoradas.<\/p>\n<p>Windows 11 Professional frente a Windows 10 Pro<\/p>\n<p>Windows 11 Pro presenta una interfaz de usuario renovada, mejor rendimiento, funciones de juego optimizadas y mejor compatibilidad con escritorios virtuales en comparaci\u00f3n con Windows 10 Pro. Tambi\u00e9n incluye funciones de seguridad actualizadas y una mejor integraci\u00f3n con Microsoft Teams. Sin embargo, Windows 10 Pro mantiene una amplia compatibilidad con el hardware y el software existentes, lo que lo convierte en una opci\u00f3n estable para muchas empresas.<\/p>\n<p>Windows 11: Gu\u00eda de descarga e instalaci\u00f3n<\/p>\n<p>Tras comprar Windows 11 Pro, recibir\u00e1 un correo electr\u00f3nico digital con la clave de producto, el enlace de descarga e instrucciones detalladas de instalaci\u00f3n. El proceso implica canjear la clave de producto en el sitio web oficial de Microsoft, descargar la suite e instalarla directamente en su sistema Windows. Esto garantiza una configuraci\u00f3n segura y correcta, permiti\u00e9ndole empezar a usar las aplicaciones de inmediato.<\/p>\n<p>Si tiene alg\u00fan problema durante la instalaci\u00f3n o alguna pregunta, no dude en contactar con nuestro equipo de atenci\u00f3n al cliente. Nuestro equipo dedicado est\u00e1 listo para ayudarle con cualquier problema y garantizar una instalaci\u00f3n sin problemas o un reembolso.<\/p>\n<p>\u00bfPor qu\u00e9 elegir EliteSoftKeys para comprar licencias de software?<\/p>\n<p>En EliteSoftKeys, somos m\u00e1s que un simple distribuidor de software. Vendemos software original a precios asequibles para nuestros clientes. Elegirnos significa optar por una experiencia de compra segura y confiable, respaldada por un servicio al cliente excepcional. Nuestro compromiso con la satisfacci\u00f3n del cliente se refleja en nuestra calificaci\u00f3n en Trustpilot, donde tenemos un impresionante promedio de 4.9\/5 basado en docenas de rese\u00f1as.<\/p>\n<p>Con una variedad de opciones de pago seguras, como Google Pay y tarjetas de cr\u00e9dito, simplificamos su proceso de compra. En EliteSoftKeys, no solo compra software, sino que tambi\u00e9n cuenta con un socio confiable que garantiza una experiencia de compra fluida y soporte a un solo clic.<\/p>\n<p>Preguntas frecuentes sobre la licencia de Windows 11 Pro<\/p>\n<p>\u00bfEs mejor Windows 10 o 11?<\/p>\n<p>La elecci\u00f3n entre Windows 10 y Windows 11 depende de tus necesidades y uso espec\u00edficos. Con una licencia de Windows 11 Pro, obtienes funciones mejoradas y actualizadas para la gesti\u00f3n y seguridad empresarial, adem\u00e1s de una interfaz m\u00e1s limpia y moderna.<\/p>\n<p>\u00bfPor qu\u00e9 la licencia de Windows 11 se ofrece a un precio tan bajo?<\/p>\n<p>Ofrecemos licencias de venta al p\u00fablico usadas y cedidas por el anterior propietario, de acuerdo con la sentencia CE C-128\/2011. Por ello, es posible adquirir la licencia oficial de Windows 11 en nuestra web a un precio m\u00e1s bajo.<\/p>\n<p>\u00bfC\u00f3mo recibo mi licencia despu\u00e9s de comprar Windows 11 Professional?<\/p>\n<p>Despu\u00e9s de completar la compra de la licencia, le enviaremos una clave de activaci\u00f3n de Windows 11 Pro por correo electr\u00f3nico.<\/p>\n<p>\u00bfQu\u00e9 puedo hacer si no puedo activar o descargar Windows 11 Pro?<\/p>\n<p>No hay problema, \u00a1siempre estamos disponibles para ayudarte! Si no puedes descargar o activar la clave de Windows 11 Pro por cualquier motivo, contacta con nuestro soporte t\u00e9cnico gratuito indicado en el sitio web y proporciona detalles y capturas de pantalla del problema. Te ayudaremos de inmediato a resolverlo.<\/p>","protected":false},"excerpt":{"rendered":"<table style=\"border-collapse: collapse; width: 100%;\">\n<tbody>\n<tr>\n<th>Propiedad<\/th>\n<th>Valor<\/th>\n<\/tr>\n<tr>\n<td>Plataforma<\/td>\n<td>Ventanas<\/td>\n<\/tr>\n<tr>\n<td>Procesador<\/td>\n<td>1 Ghz o m\u00e1s r\u00e1pido con 2 o m\u00e1s n\u00facleos<\/td>\n<\/tr>\n<tr>\n<td>Disco duro<\/td>\n<td>64 GB de espacio disponible en disco<\/td>\n<\/tr>\n<tr>\n<td>RAM<\/td>\n<td>4 GB (64 bits)<\/td>\n<\/tr>\n<tr>\n<td>Otros requisitos<\/td>\n<td>Acceso a Internet \/ Windows 10 Home o Pro<\/td>\n<\/tr>\n<tr>\n<td>Firmware del sistema<\/td>\n<td>UEFI, compatible con arranque seguro<\/td>\n<\/tr>\n<tr>\n<td>TPM<\/td>\n<td>versi\u00f3n 2.0<\/td>\n<\/tr>\n<\/tbody>\n<\/table>","protected":false},"featured_media":2949,"template":"","meta":{"inline_featured_image":false},"product_brand":[],"product_cat":[107],"product_tag":[],"class_list":{"0":"post-2518","1":"product","2":"type-product","3":"status-publish","4":"has-post-thumbnail","6":"product_cat-operating-systems","8":"first","9":"instock","10":"sale","11":"virtual","12":"taxable","13":"purchasable","14":"product-type-simple"},"_links":{"self":[{"href":"https:\/\/elitesoftkeys.com\/es\/wp-json\/wp\/v2\/product\/2518","targetHints":{"allow":["GET"]}}],"collection":[{"href":"https:\/\/elitesoftkeys.com\/es\/wp-json\/wp\/v2\/product"}],"about":[{"href":"https:\/\/elitesoftkeys.com\/es\/wp-json\/wp\/v2\/types\/product"}],"version-history":[{"count":0,"href":"https:\/\/elitesoftkeys.com\/es\/wp-json\/wp\/v2\/product\/2518\/revisions"}],"wp:featuredmedia":[{"embeddable":true,"href":"https:\/\/elitesoftkeys.com\/es\/wp-json\/wp\/v2\/media\/2949"}],"wp:attachment":[{"href":"https:\/\/elitesoftkeys.com\/es\/wp-json\/wp\/v2\/media?parent=2518"}],"wp:term":[{"taxonomy":"product_brand","embeddable":true,"href":"https:\/\/elitesoftkeys.com\/es\/wp-json\/wp\/v2\/product_brand?post=2518"},{"taxonomy":"product_cat","embeddable":true,"href":"https:\/\/elitesoftkeys.com\/es\/wp-json\/wp\/v2\/product_cat?post=2518"},{"taxonomy":"product_tag","embeddable":true,"href":"https:\/\/elitesoftkeys.com\/es\/wp-json\/wp\/v2\/product_tag?post=2518"}],"curies":[{"name":"gracias","href":"https:\/\/api.w.org\/{rel}","templated":true}]}}