{"id":2517,"date":"2024-12-21T13:55:36","date_gmt":"2024-12-21T13:55:36","guid":{"rendered":"http:\/\/elitesoftkeys.com\/?product=microsoft-visio-pro-2019"},"modified":"2025-07-06T14:06:53","modified_gmt":"2025-07-06T14:06:53","slug":"microsoft-visio-pro-2019","status":"publish","type":"product","link":"https:\/\/elitesoftkeys.com\/es\/producto\/microsoft-visio-pro-2019\/","title":{"rendered":"Microsoft Visio Pro 2019"},"content":{"rendered":"<p>Las caracter\u00edsticas de Microsoft Visio Professional 2019<\/p>\n<p>Microsoft Visio 2019 es una potente herramienta para crear diagramas. Sus principales caracter\u00edsticas incluyen una amplia gama de plantillas y formas para diferentes tipos de diagramas, como diagramas de flujo, organigramas, planos de planta y diagramas de red. Ofrece una interfaz intuitiva que facilita la creaci\u00f3n y edici\u00f3n de diagramas. Visio 2019 admite la colaboraci\u00f3n en tiempo real, lo que permite que varios usuarios trabajen simult\u00e1neamente en el mismo diagrama. Tambi\u00e9n se integra con otros productos de Microsoft, como Excel y SharePoint, para mejorar la productividad y el intercambio de datos.<\/p>\n<p>Beneficios clave de Microsoft Visio Professional 2019:<\/p>\n<p>Est\u00e1ndar de la industria. Visio es compatible con el Lenguaje de Modelado Unificado (UML) 2.5, el Modelo y Notaci\u00f3n de Procesos de Negocio (BPMN) 2.0 y el Lenguaje de Especificaci\u00f3n y Descripci\u00f3n (SDL).<\/p>\n<p>Vinculaci\u00f3n y compartici\u00f3n de datos. Puede vincular f\u00e1cilmente formularios y diagramas de Visio con datos de fuentes internas y externas comunes. Los diagramas se pueden compartir desde repositorios en l\u00ednea como OneDrive para la Empresa y SharePoint (estos productos se venden por separado).<\/p>\n<p>M\u00faltiples or\u00edgenes de datos. Visio admite Excel Services, Listas de SharePoint, SharePoint Foundation, SharePoint Server, SQL Server, Microsoft Access y otros or\u00edgenes de datos OLEDB u ODBC, as\u00ed como archivos DWG de AutoCAD.<\/p>\n<p>Creaci\u00f3n y edici\u00f3n sencillas. Cree visualizaciones de bases de datos usando diagramas basados en un modelo de base de datos predefinido y edite las formas de los objetos existentes sin perder lo que ya ha hecho.<\/p>\n<p>Trabajo en grupo simult\u00e1neo. Puedes ver qu\u00e9 est\u00e1n editando los coautores en un diagrama com\u00fan, recibir notificaciones sobre los cambios y decidir si los fusionas en el archivo maestro.<\/p>\n<p>Diagramas basados en datos. Generaci\u00f3n autom\u00e1tica de diagramas a partir de fuentes de datos como Excel, Exchange, bases de datos SQL Server, etc.<\/p>\n<p>Comparaci\u00f3n con otras versiones de Visio<\/p>\n<p>\u00bfCu\u00e1l es la diferencia entre Visio Professional 2019 y Visio Standard 2019?<\/p>\n<p>Visio Professional 2019 ofrece funciones y caracter\u00edsticas m\u00e1s avanzadas que la versi\u00f3n est\u00e1ndar, por ejemplo incluye:<\/p>\n<p>Diagramas adicionales, como BPMN 2.0 y UML 2.5<\/p>\n<p>M\u00e1s formas y plantillas, incluidas aquellas para diagramas de red, diagramas de ingenier\u00eda y diagramas de software.<\/p>\n<p>Funciones para la colaboraci\u00f3n en equipo, como la posibilidad de crear diagramas en conjunto en tiempo real y compartirlos a trav\u00e9s de un navegador.<\/p>\n<p>Funciones avanzadas de conectividad de datos, como la capacidad de vincular diagramas a fuentes de datos y actualizar datos autom\u00e1ticamente.<\/p>\n<p>La comparaci\u00f3n completa de funciones se puede encontrar en el sitio web oficial de Microsoft aqu\u00ed.<\/p>\n<p>\u00bfCu\u00e1l es la diferencia entre Microsoft Visio Professional 2019 y Visio Professional 2021?<\/p>\n<p>Visio Professional 2021 mejora las funciones que le permiten desarrollar y compartir diagramas vers\u00e1tiles; presenta plantillas, formas y estilos actualizados; ofrece soporte mejorado para la colaboraci\u00f3n en equipo, incluida la capacidad de trabajar en un solo diagrama para varias personas a la vez; le permite vincular instant\u00e1neamente diagramas a datos; y evita la fuga de informaci\u00f3n mediante la gesti\u00f3n de derechos de informaci\u00f3n.<\/p>\n<p>La comparaci\u00f3n completa de funciones se puede encontrar en el sitio web oficial de Microsoft aqu\u00ed.<\/p>\n<p>\u00bfPor qu\u00e9 elegir EliteSoftKeys para comprar licencias de software?<\/p>\n<p>EliteSoftKeys es su distribuidor de confianza de licencias de software originales a precios competitivos, certificados por Microsoft y Adobe. Ofrecemos \u00fanicamente software aut\u00e9ntico de marcas l\u00edderes, garantizando calidad y autenticidad. Disfrute de descuentos de hasta 70% sobre el precio de venta al p\u00fablico gracias a la reventa legal de licencias de segunda mano. Nuestro servicio de atenci\u00f3n al cliente multiling\u00fce, disponible los 7 d\u00edas de la semana, tiene una calificaci\u00f3n promedio de 4.9\/5 en Trustpilot, Trusted Shop y Google Review. Tambi\u00e9n ofrecemos una amplia gama de m\u00e9todos de pago seguros, como Google Pay y tarjetas de cr\u00e9dito, para una compra f\u00e1cil y segura.<\/p>\n<p>Descarga e instalaci\u00f3n de Microsoft Visio 2019<\/p>\n<p>Tras la compra, le proporcionaremos la clave de producto necesaria para descargar Microsoft Visio Pro 2019. Tambi\u00e9n recibir\u00e1 gu\u00edas detalladas sobre c\u00f3mo descargar Microsoft Visio e instalarlo en su dispositivo. Si tiene alguna pregunta sobre la descarga de Microsoft Visio Pro 2019, puede contactar con nuestro soporte t\u00e9cnico, disponible por chat en vivo, correo electr\u00f3nico o WhatsApp.<\/p>\n<p>Preguntas frecuentes sobre Microsoft Visio Professional 2019<\/p>\n<p>\u00bfPara qu\u00e9 se utiliza Microsoft Visio?<\/p>\n<p>Microsoft Visio es una potente herramienta para crear diagramas y gr\u00e1ficos de diversos tipos. Sirve para visualizar, analizar y comunicar informaci\u00f3n compleja de forma clara y comprensible. Con Visio, puede crear diagramas de flujo para representar procesos de negocio, organigramas para delinear las estructuras de la empresa, diagramas de red para ilustrar infraestructuras de TI, planos de planta para dise\u00f1ar espacios f\u00edsicos y muchos otros tipos de diagramas.<\/p>\n<p>\u00bfQu\u00e9 puedo hacer si no puedo activar mi licencia?<\/p>\n<p>No hay problema, \u00a1siempre estamos disponibles para ayudarte! Si por cualquier motivo no puedes activar tu licencia de Microsoft Visio 2019 Professional con clave de producto, contacta con nuestro soporte t\u00e9cnico gratuito aqu\u00ed y proporciona detalles y capturas de pantalla del problema. Lo resolveremos de inmediato.<\/p>\n<p>\u00bfC\u00f3mo es posible que la licencia de Microsoft Visio 2019 Professional tenga un precio tan bajo?<\/p>\n<p>Ofrecemos licencias minoristas utilizadas y descontinuadas por el anterior propietario de conformidad con la sentencia CE C-128\/2011. Por eso, puede adquirir la clave de producto de Microsoft Visio 2019 Professional en nuestra web a un precio m\u00e1s bajo.<\/p>\n<p>\u00bfC\u00f3mo s\u00e9 si mi computadora cumple con los requisitos del sistema para Microsoft Visio 2019 Professional?<\/p>\n<p>Antes de comprar su licencia de Microsoft Visio 2019 Professional puede consultar la secci\u00f3n \u201cRequisitos\u201d de esta p\u00e1gina para comprobar las especificaciones t\u00e9cnicas o visitar el sitio del fabricante.<\/p>","protected":false},"excerpt":{"rendered":"<table style='border-collapse: collapse; width: 100%;'>\n<tr>\n<th>Propiedad<\/th>\n<th>Valor<\/th>\n<\/tr>\n<tr>\n<td>Plataforma<\/td>\n<td>Ventanas<\/td>\n<\/tr>\n<tr>\n<td>Procesador<\/td>\n<td>Procesador de 2 n\u00facleos a 1,6 GHz<\/td>\n<\/tr>\n<tr>\n<td>Disco duro<\/td>\n<td>4 GB de espacio disponible en disco<\/td>\n<\/tr>\n<tr>\n<td>RAM<\/td>\n<td>4 GB (64 bits), 2 GB (32 bits) de RAM<\/td>\n<\/tr>\n<tr>\n<td>Sistema operativo<\/td>\n<td>Windows 11 o Windows 10<\/td>\n<\/tr>\n<tr>\n<td>Otros requisitos<\/td>\n<td>Conexi\u00f3n a Internet para instalar y configurar el software<\/td>\n<\/tr>\n<\/table>","protected":false},"featured_media":2749,"template":"","meta":{"inline_featured_image":false},"product_brand":[],"product_cat":[106],"product_tag":[],"class_list":{"0":"post-2517","1":"product","2":"type-product","3":"status-publish","4":"has-post-thumbnail","6":"product_cat-microsoft-office-software","8":"first","9":"instock","10":"sale","11":"virtual","12":"taxable","13":"purchasable","14":"product-type-simple"},"_links":{"self":[{"href":"https:\/\/elitesoftkeys.com\/es\/wp-json\/wp\/v2\/product\/2517","targetHints":{"allow":["GET"]}}],"collection":[{"href":"https:\/\/elitesoftkeys.com\/es\/wp-json\/wp\/v2\/product"}],"about":[{"href":"https:\/\/elitesoftkeys.com\/es\/wp-json\/wp\/v2\/types\/product"}],"version-history":[{"count":0,"href":"https:\/\/elitesoftkeys.com\/es\/wp-json\/wp\/v2\/product\/2517\/revisions"}],"wp:featuredmedia":[{"embeddable":true,"href":"https:\/\/elitesoftkeys.com\/es\/wp-json\/wp\/v2\/media\/2749"}],"wp:attachment":[{"href":"https:\/\/elitesoftkeys.com\/es\/wp-json\/wp\/v2\/media?parent=2517"}],"wp:term":[{"taxonomy":"product_brand","embeddable":true,"href":"https:\/\/elitesoftkeys.com\/es\/wp-json\/wp\/v2\/product_brand?post=2517"},{"taxonomy":"product_cat","embeddable":true,"href":"https:\/\/elitesoftkeys.com\/es\/wp-json\/wp\/v2\/product_cat?post=2517"},{"taxonomy":"product_tag","embeddable":true,"href":"https:\/\/elitesoftkeys.com\/es\/wp-json\/wp\/v2\/product_tag?post=2517"}],"curies":[{"name":"gracias","href":"https:\/\/api.w.org\/{rel}","templated":true}]}}