{"id":2516,"date":"2024-12-21T13:55:35","date_gmt":"2024-12-21T13:55:35","guid":{"rendered":"http:\/\/elitesoftkeys.com\/?product=microsoft-visual-studio-enterprise-2022"},"modified":"2025-07-06T14:06:53","modified_gmt":"2025-07-06T14:06:53","slug":"microsoft-visual-studio-enterprise-2022","status":"publish","type":"product","link":"https:\/\/elitesoftkeys.com\/es\/producto\/microsoft-visual-studio-enterprise-2022\/","title":{"rendered":"Microsoft Visual Studio Enterprise 2022"},"content":{"rendered":"<p>Admite los siguientes idiomas: ingl\u00e9s, chino (simplificado), chino (tradicional), checo, franc\u00e9s, alem\u00e1n, italiano, japon\u00e9s, coreano, polaco, portugu\u00e9s (Brasil), ruso, espa\u00f1ol y turco.<\/p>\n<p>IDE de 64 bits adaptable a cualquier proyecto<\/p>\n<p>Caracter\u00edsticas principales: Edici\u00f3n y depuraci\u00f3n de c\u00f3digo, IntelliCode, Live Share, integraci\u00f3n con Git, integraci\u00f3n con Azure DevOps, pruebas automatizadas, desarrollo en la nube<\/p>\n<p>Acceso a Azure DevOps Server y la capacidad de usar Visual Studio Enterprise en un escritorio remoto.<\/p>\n<p>Visual Studio Enterprise 2022 es un entorno de desarrollo integrado (IDE) completo. Ofrece un conjunto completo de herramientas y servicios para crear aplicaciones de software de alta calidad, incluyendo aplicaciones de escritorio, web, m\u00f3viles, en la nube y de juegos. Visual Studio Enterprise 2022 incluye una amplia gama de caracter\u00edsticas y herramientas para ayudarle a ser m\u00e1s productivo, colaborar de forma m\u00e1s eficaz y crear mejor software. Algunas de las caracter\u00edsticas clave de Visual Studio Enterprise 2022 incluyen herramientas avanzadas de depuraci\u00f3n y generaci\u00f3n de perfiles, pruebas automatizadas, an\u00e1lisis y optimizaci\u00f3n de c\u00f3digo, IntelliCode, Live Share e integraci\u00f3n con Azure DevOps. Adem\u00e1s de las caracter\u00edsticas est\u00e1ndar de Visual Studio Professional 2022, Visual Studio Enterprise 2022 incluye herramientas adicionales para el desarrollo de software a gran escala y la colaboraci\u00f3n empresarial. Por ejemplo, ofrece herramientas para la gesti\u00f3n de dependencias y el control de versiones, y es compatible con las metodolog\u00edas Agile y DevOps. \u00bfCu\u00e1l es la diferencia entre Visual Studio Professional 2022 y Visual Studio Enterprise 2022? Visual Studio Enterprise 2021 incluye:<\/p>\n<p>Todas las caracter\u00edsticas de Visual Studio Professional 2022, m\u00e1s<\/p>\n<p>Entorno de desarrollo integrado: Validaci\u00f3n de dependencias en tiempo real, diagramas de capas arquitect\u00f3nicas, validaci\u00f3n de arquitectura, clonaci\u00f3n de c\u00f3digo.<\/p>\n<p>Depuraci\u00f3n y diagn\u00f3stico avanzados: IntelliTrace, integraci\u00f3n del depurador Code Map, an\u00e1lisis de volcado de memoria .NET, depurador de instant\u00e1neas, depuraci\u00f3n de viajes en el tiempo (versi\u00f3n preliminar)<\/p>\n<p>Herramientas de prueba: Ensamblajes integrados, Xamarin Inspector, Xamarin Profiler<\/p>\n<p>\u00bfCu\u00e1l es la diferencia entre Visual Studio Enterprise 2022 y Visual Studio Enterprise 2019? En general, Visual Studio Enterprise 2022 representa una mejora significativa respecto a Visual Studio Enterprise 2019 en t\u00e9rminos de rendimiento, interfaz de usuario y funcionalidad. A continuaci\u00f3n, se muestran algunos ejemplos de las diferencias en las que Visual Studio Enterprise 2022 ha mejorado:<\/p>\n<p>Interfaz de usuario: presenta una interfaz de usuario nueva y m\u00e1s moderna, dise\u00f1ada para ser m\u00e1s intuitiva y brindar una mejor experiencia de usuario general.<\/p>\n<p>Rendimiento: se ha optimizado para mejorar el rendimiento, particularmente en t\u00e9rminos de tiempos de inicio, tiempos de carga del proyecto y capacidad de respuesta general.<\/p>\n<p>An\u00e1lisis de c\u00f3digo: incluye herramientas de an\u00e1lisis de c\u00f3digo mejoradas que pueden ayudar a los desarrolladores a encontrar y resolver problemas de c\u00f3digo de forma m\u00e1s r\u00e1pida y eficiente.<\/p>\n<p>Integraci\u00f3n de Git: incluye una integraci\u00f3n de Git mejorada, lo que facilita que los desarrolladores trabajen con repositorios de Git directamente dentro del IDE.<\/p>\n<p>.NET Framework: admite la \u00faltima versi\u00f3n de .NET Framework, lo que proporciona acceso a nuevas caracter\u00edsticas y capacidades.<\/p>","protected":false},"excerpt":{"rendered":"<table style='border-collapse: collapse; width: 100%;'>\n<tr>\n<th>Propiedad<\/th>\n<th>Valor<\/th>\n<\/tr>\n<tr>\n<td>Plataforma<\/td>\n<td>Ventanas<\/td>\n<\/tr>\n<tr>\n<td>Procesador<\/td>\n<td>Procesador ARM64 o x64; No se admiten procesadores ARM 32 de cuatro n\u00facleos o superiores recomendados<\/td>\n<\/tr>\n<tr>\n<td>Disco duro<\/td>\n<td>m\u00ednimo de 850 MB hasta 210 GB<\/td>\n<\/tr>\n<tr>\n<td>RAM<\/td>\n<td>M\u00ednimo 4 GB (64 bits) de RAM, se recomiendan 16 GB<\/td>\n<\/tr>\n<tr>\n<td>Sistema operativo<\/td>\n<td>Sistemas operativos de 64 bits: Windows 11 versi\u00f3n 21H2 o superior: Home, Pro, Pro Education, Pro para estaciones de trabajo, Enterprise y Education. Windows 10 versi\u00f3n 1909 o superior: Home, Professional, Education y Enterprise. Windows Server 2022\/2019\/2016: Standard y Datacenter.<\/td>\n<\/tr>\n<tr>\n<td>Otros requisitos<\/td>\n<td>acceso a Internet<\/td>\n<\/tr>\n<\/table>","protected":false},"featured_media":2828,"template":"","meta":{"inline_featured_image":false},"product_brand":[],"product_cat":[106],"product_tag":[],"class_list":{"0":"post-2516","1":"product","2":"type-product","3":"status-publish","4":"has-post-thumbnail","6":"product_cat-microsoft-office-software","8":"first","9":"instock","10":"sale","11":"virtual","12":"taxable","13":"purchasable","14":"product-type-simple"},"_links":{"self":[{"href":"https:\/\/elitesoftkeys.com\/es\/wp-json\/wp\/v2\/product\/2516","targetHints":{"allow":["GET"]}}],"collection":[{"href":"https:\/\/elitesoftkeys.com\/es\/wp-json\/wp\/v2\/product"}],"about":[{"href":"https:\/\/elitesoftkeys.com\/es\/wp-json\/wp\/v2\/types\/product"}],"version-history":[{"count":0,"href":"https:\/\/elitesoftkeys.com\/es\/wp-json\/wp\/v2\/product\/2516\/revisions"}],"wp:featuredmedia":[{"embeddable":true,"href":"https:\/\/elitesoftkeys.com\/es\/wp-json\/wp\/v2\/media\/2828"}],"wp:attachment":[{"href":"https:\/\/elitesoftkeys.com\/es\/wp-json\/wp\/v2\/media?parent=2516"}],"wp:term":[{"taxonomy":"product_brand","embeddable":true,"href":"https:\/\/elitesoftkeys.com\/es\/wp-json\/wp\/v2\/product_brand?post=2516"},{"taxonomy":"product_cat","embeddable":true,"href":"https:\/\/elitesoftkeys.com\/es\/wp-json\/wp\/v2\/product_cat?post=2516"},{"taxonomy":"product_tag","embeddable":true,"href":"https:\/\/elitesoftkeys.com\/es\/wp-json\/wp\/v2\/product_tag?post=2516"}],"curies":[{"name":"gracias","href":"https:\/\/api.w.org\/{rel}","templated":true}]}}