{"id":2515,"date":"2024-12-21T13:55:35","date_gmt":"2024-12-21T13:55:35","guid":{"rendered":"http:\/\/elitesoftkeys.com\/?product=microsoft-powerpoint-windows"},"modified":"2025-07-06T14:06:53","modified_gmt":"2025-07-06T14:06:53","slug":"microsoft-powerpoint-windows","status":"publish","type":"product","link":"https:\/\/elitesoftkeys.com\/es\/producto\/microsoft-powerpoint-windows\/","title":{"rendered":"Microsoft PowerPoint (Windows)"},"content":{"rendered":"<p>Compra \u00fanica para 1 PC<\/p>\n<p>N\u00famero de instalaciones: 1<\/p>\n<p>Incluye la aplicaci\u00f3n independiente Microsoft Powerpoint.<\/p>\n<p>IMPORTANTE: \u00a1Esta versi\u00f3n es solo para Excel! Haga clic aqu\u00ed para obtener Office 2021 Professional Plus y mantenerse al d\u00eda con todas las funciones de Office.<\/p>\n<p>PowerPoint es un programa de presentaciones, disponible como parte del paquete Microsoft Office, que permite crear diapositivas multimedia. Es una herramienta extremadamente pr\u00e1ctica y vers\u00e1til que permite organizar la informaci\u00f3n de forma clara y f\u00e1cil de comprender.<\/p>\n<p>Gracias a sus numerosas funcionalidades, PowerPoint es un programa ampliamente utilizado tanto en el \u00e1mbito empresarial como educativo, desde la secundaria. De hecho, desde hace tiempo se pide a los estudiantes que trabajan en grupo que utilicen PowerPoint para mostrar el fruto de su trabajo, adem\u00e1s de la posibilidad de presentar con claridad la disertaci\u00f3n que se utilizar\u00e1 durante los ex\u00e1menes de secundaria.<\/p>","protected":false},"excerpt":{"rendered":"<table style='border-collapse: collapse; width: 100%;'>\n<tr>\n<th>Propiedad<\/th>\n<th>Valor<\/th>\n<\/tr>\n<tr>\n<td>Procesador<\/td>\n<td>Procesador de 2 n\u00facleos a 1,6 GHz<\/td>\n<\/tr>\n<tr>\n<td>Disco duro<\/td>\n<td>4 GB de espacio disponible en disco<\/td>\n<\/tr>\n<tr>\n<td>RAM<\/td>\n<td>4 GB (64 bits), 2 GB (32 bits) de RAM<\/td>\n<\/tr>\n<tr>\n<td>Sistema operativo<\/td>\n<td>Windows 7 o m\u00e1s reciente<\/td>\n<\/tr>\n<tr>\n<td>Otros requisitos<\/td>\n<td>acceso a Internet<\/td>\n<\/tr>\n<\/table>","protected":false},"featured_media":2827,"template":"","meta":{"inline_featured_image":false},"product_brand":[],"product_cat":[106],"product_tag":[],"class_list":{"0":"post-2515","1":"product","2":"type-product","3":"status-publish","4":"has-post-thumbnail","6":"product_cat-microsoft-office-software","8":"first","9":"instock","10":"sale","11":"virtual","12":"taxable","13":"purchasable","14":"product-type-simple"},"_links":{"self":[{"href":"https:\/\/elitesoftkeys.com\/es\/wp-json\/wp\/v2\/product\/2515","targetHints":{"allow":["GET"]}}],"collection":[{"href":"https:\/\/elitesoftkeys.com\/es\/wp-json\/wp\/v2\/product"}],"about":[{"href":"https:\/\/elitesoftkeys.com\/es\/wp-json\/wp\/v2\/types\/product"}],"version-history":[{"count":0,"href":"https:\/\/elitesoftkeys.com\/es\/wp-json\/wp\/v2\/product\/2515\/revisions"}],"wp:featuredmedia":[{"embeddable":true,"href":"https:\/\/elitesoftkeys.com\/es\/wp-json\/wp\/v2\/media\/2827"}],"wp:attachment":[{"href":"https:\/\/elitesoftkeys.com\/es\/wp-json\/wp\/v2\/media?parent=2515"}],"wp:term":[{"taxonomy":"product_brand","embeddable":true,"href":"https:\/\/elitesoftkeys.com\/es\/wp-json\/wp\/v2\/product_brand?post=2515"},{"taxonomy":"product_cat","embeddable":true,"href":"https:\/\/elitesoftkeys.com\/es\/wp-json\/wp\/v2\/product_cat?post=2515"},{"taxonomy":"product_tag","embeddable":true,"href":"https:\/\/elitesoftkeys.com\/es\/wp-json\/wp\/v2\/product_tag?post=2515"}],"curies":[{"name":"gracias","href":"https:\/\/api.w.org\/{rel}","templated":true}]}}