{"id":2514,"date":"2024-12-21T13:55:35","date_gmt":"2024-12-21T13:55:35","guid":{"rendered":"http:\/\/elitesoftkeys.com\/?product=microsoft-365-a3-education"},"modified":"2025-07-06T14:06:53","modified_gmt":"2025-07-06T14:06:53","slug":"microsoft-365-a3-education","status":"publish","type":"product","link":"https:\/\/elitesoftkeys.com\/es\/producto\/microsoft-365-a3-education\/","title":{"rendered":"Microsoft 365 A3 Educaci\u00f3n"},"content":{"rendered":"<p>Microsoft 365 A3 es un plan de suscripci\u00f3n para educaci\u00f3n que ofrece una gama de servicios y funciones para simplificar el aprendizaje y la colaboraci\u00f3n en un entorno educativo. Incluye Office 365, Windows 10, Enterprise Mobility + Security, Minecraft: Education Edition y la ventaja de uso para estudiantes de Office 365 A3. Adem\u00e1s, Microsoft 365 A3 est\u00e1 disponible como licencia anual para centros educativos e incluye todas las aplicaciones y funciones de Office 365 A1, adem\u00e1s de la aplicaci\u00f3n Microsoft 365 para Enterprise Teams, Windows 10 Education A3, EMS E3, Intune\/Intune for Education, Azure Active Directory Premium Plan 1, Azure Information Protection Premium Plan 1, Advanced Threat Analytics y Minecraft: Education Edition. Microsoft 365 A3 est\u00e1 dise\u00f1ado para optimizar el aprendizaje en port\u00e1tiles y 2 en 1 con Windows 10, ofreciendo un paquete completo de herramientas para el sector educativo.<\/p>","protected":false},"excerpt":{"rendered":"<table style=\"border-collapse: collapse; width: 100%;\">\n<tbody>\n<tr>\n<th>Propiedad<\/th>\n<th>Valor<\/th>\n<\/tr>\n<tr>\n<td>Plataforma<\/td>\n<td>Windows, macOS, iOS, Android<\/td>\n<\/tr>\n<tr>\n<td>Procesador<\/td>\n<td>PC con procesador de 1 GHZ o m\u00e1s r\u00e1pido\/Mac con procesador Intel<\/td>\n<\/tr>\n<tr>\n<td>Disco duro<\/td>\n<td>4 GB de memoria libre en disco<\/td>\n<\/tr>\n<tr>\n<td>RAM<\/td>\n<td>4 GB de RAM para Mac \/ 2 GB (64 bits) para Windows<\/td>\n<\/tr>\n<tr>\n<td>Sistema operativo<\/td>\n<td>Windows 11, Windows 10, Windows 8.1 \/ MacOS (Ventura 13.2, Monterey 12.5, BigSur 11.7) \/ iOS 15.0 o superior \/ Android 6.0 o superior<\/td>\n<\/tr>\n<tr>\n<td>Otros requisitos<\/td>\n<td>Conexi\u00f3n a Internet para la instalaci\u00f3n y activaci\u00f3n de productos de Microsoft y acceso a servicios en l\u00ednea.<\/td>\n<\/tr>\n<\/tbody>\n<\/table>","protected":false},"featured_media":2755,"template":"","meta":{"inline_featured_image":false},"product_brand":[],"product_cat":[106],"product_tag":[],"class_list":{"0":"post-2514","1":"product","2":"type-product","3":"status-publish","4":"has-post-thumbnail","6":"product_cat-microsoft-office-software","8":"first","9":"instock","10":"sale","11":"virtual","12":"taxable","13":"purchasable","14":"product-type-simple"},"_links":{"self":[{"href":"https:\/\/elitesoftkeys.com\/es\/wp-json\/wp\/v2\/product\/2514","targetHints":{"allow":["GET"]}}],"collection":[{"href":"https:\/\/elitesoftkeys.com\/es\/wp-json\/wp\/v2\/product"}],"about":[{"href":"https:\/\/elitesoftkeys.com\/es\/wp-json\/wp\/v2\/types\/product"}],"version-history":[{"count":0,"href":"https:\/\/elitesoftkeys.com\/es\/wp-json\/wp\/v2\/product\/2514\/revisions"}],"wp:featuredmedia":[{"embeddable":true,"href":"https:\/\/elitesoftkeys.com\/es\/wp-json\/wp\/v2\/media\/2755"}],"wp:attachment":[{"href":"https:\/\/elitesoftkeys.com\/es\/wp-json\/wp\/v2\/media?parent=2514"}],"wp:term":[{"taxonomy":"product_brand","embeddable":true,"href":"https:\/\/elitesoftkeys.com\/es\/wp-json\/wp\/v2\/product_brand?post=2514"},{"taxonomy":"product_cat","embeddable":true,"href":"https:\/\/elitesoftkeys.com\/es\/wp-json\/wp\/v2\/product_cat?post=2514"},{"taxonomy":"product_tag","embeddable":true,"href":"https:\/\/elitesoftkeys.com\/es\/wp-json\/wp\/v2\/product_tag?post=2514"}],"curies":[{"name":"gracias","href":"https:\/\/api.w.org\/{rel}","templated":true}]}}