{"id":2512,"date":"2024-12-21T13:55:35","date_gmt":"2024-12-21T13:55:35","guid":{"rendered":"http:\/\/elitesoftkeys.com\/?product=microsoft-visual-studio-enterprise-2019"},"modified":"2025-07-06T14:06:51","modified_gmt":"2025-07-06T14:06:51","slug":"microsoft-visual-studio-enterprise-2019","status":"publish","type":"product","link":"https:\/\/elitesoftkeys.com\/es\/producto\/microsoft-visual-studio-enterprise-2019\/","title":{"rendered":"Microsoft Visual Studio Enterprise 2019"},"content":{"rendered":"<p>Las caracter\u00edsticas de la licencia Enterprise de Microsoft Visual Studio 2019<\/p>\n<p>Microsoft Visual Studio Enterprise 2019 es una suite de desarrollo integral que ofrece un conjunto avanzado de funciones para desarrolladores y equipos de desarrollo. Incluye herramientas sofisticadas para la depuraci\u00f3n y el an\u00e1lisis de c\u00f3digo, lo que facilita la detecci\u00f3n y correcci\u00f3n de errores en el software. Tambi\u00e9n proporciona integraciones avanzadas con Azure DevOps para una gesti\u00f3n eficaz del ciclo de vida del software y una colaboraci\u00f3n \u00f3ptima entre los miembros del equipo. Gracias a su flexibilidad y potentes funciones, Visual Studio Enterprise 2019 admite proyectos de cualquier tama\u00f1o y complejidad, proporcionando a los desarrolladores las herramientas necesarias para crear aplicaciones de alta calidad.<\/p>\n<p>Comparaci\u00f3n con otras versiones de Visual Studio<\/p>\n<p>\u00bfCu\u00e1l es la diferencia entre Visual Studio Professional 2019 y Visual Studio Enterprise 2019?<\/p>\n<p>La principal diferencia entre Visual Studio Professional 2019 y Visual Studio Enterprise 2019 radica en la funcionalidad que ofrecen y el tama\u00f1o del equipo de desarrollo al que sirven. Visual Studio Professional 2019 est\u00e1 dise\u00f1ado para desarrolladores individuales y equipos peque\u00f1os, ofreciendo herramientas esenciales para el desarrollo de software. Por otro lado, Visual Studio Enterprise 2019 est\u00e1 dise\u00f1ado para grandes equipos de desarrollo y empresas con necesidades m\u00e1s complejas, ofreciendo caracter\u00edsticas avanzadas como herramientas de prueba, an\u00e1lisis de c\u00f3digo en tiempo real e integraciones con servicios de gesti\u00f3n del ciclo de vida del software como Azure DevOps.<\/p>\n<p>Visual Studio Enterprise 2022 frente a Visual Studio Enterprise 2019<\/p>\n<p>La principal diferencia entre Visual Studio Enterprise 2022 y Visual Studio Enterprise 2019 radica en las nuevas caracter\u00edsticas y mejoras introducidas en la \u00faltima versi\u00f3n.<\/p>\n<p>Visual Studio Enterprise 2022 ofrece mejoras significativas en la productividad del desarrollador, un rendimiento mejorado, herramientas de depuraci\u00f3n optimizadas y una interfaz de usuario moderna. Adem\u00e1s, ofrece una mayor integraci\u00f3n con tecnolog\u00edas en la nube y plataformas de desarrollo modernas que la versi\u00f3n 2019.<\/p>\n<p>Descarga e instalaci\u00f3n de Microsoft Visual Studio 2019 Enterprise<\/p>\n<p>Tras la compra, le proporcionaremos la clave de producto necesaria para descargar Microsoft Visual Studio 2019 Enterprise. Tambi\u00e9n recibir\u00e1 gu\u00edas detalladas para descargar e instalar Microsoft Visual Studio 2019 Enterprise en su dispositivo. Si tiene alguna pregunta sobre la descarga de Microsoft Visual Studio 2019 Enterprise, puede contactar con nuestro soporte t\u00e9cnico, disponible por chat en vivo, correo electr\u00f3nico o WhatsApp.<\/p>\n<p>\u00bfPor qu\u00e9 elegir EliteSoftKeys para comprar licencias de software?<\/p>\n<p>EliteSoftKeys es su distribuidor de confianza de licencias de software originales a precios competitivos, socio certificado de Microsoft y Adobe. Ofrecemos \u00fanicamente software aut\u00e9ntico de marcas l\u00edderes, garantizando calidad y autenticidad. Disfrute de descuentos de hasta 70 % sobre el precio de venta al p\u00fablico gracias a la reventa legal de licencias de segunda mano. Nuestro servicio de atenci\u00f3n al cliente multiling\u00fce, disponible los 7 d\u00edas de la semana, tiene una calificaci\u00f3n promedio de 4.9\/5 en Trustpilot, Trusted Shop y Google Review. Tambi\u00e9n ofrecemos una amplia gama de m\u00e9todos de pago seguros, como Google Pay y tarjetas de cr\u00e9dito, para una compra f\u00e1cil y segura.<\/p>\n<p>Preguntas frecuentes sobre Microsoft Visual Studio 2019 Enterprise<\/p>\n<p>\u00bfC\u00f3mo s\u00e9 si mi computadora tiene los requisitos del sistema para Microsoft Visual Studio 2019 Enterprise?<\/p>\n<p>Antes de comprar su licencia de Microsoft Visual Studio 2019 Enterprise puede consultar la secci\u00f3n \u201cRequisitos\u201d de esta p\u00e1gina para comprobar las especificaciones t\u00e9cnicas o visitar el sitio web del fabricante.<\/p>\n<p>\u00bfQu\u00e9 puedo hacer si no puedo activar mi licencia?<\/p>\n<p>No hay problema, \u00a1siempre estamos disponibles para ayudarte! Si por alg\u00fan motivo no puedes activar tu licencia de Microsoft Visual Studio 2019 Enterprise con la clave de producto, contacta con nuestro soporte t\u00e9cnico gratuito aqu\u00ed y proporciona detalles y capturas de pantalla del problema. Lo resolveremos de inmediato.<\/p>\n<p>\u00bfC\u00f3mo es posible que la licencia de Microsoft Visual Studio 2019 Enterprise tenga un precio tan bajo?<\/p>\n<p>Ofrecemos licencias minoristas utilizadas y descontinuadas por el anterior propietario de conformidad con la sentencia CE C-128\/2011. Por eso, puede adquirir la clave de producto de Microsoft Visual Studio Enterprise 2019 en nuestra web a un precio m\u00e1s bajo.<\/p>","protected":false},"excerpt":{"rendered":"<table style='border-collapse: collapse; width: 100%;'>\n<tr>\n<th>Propiedad<\/th>\n<th>Valor<\/th>\n<\/tr>\n<tr>\n<td>Plataforma<\/td>\n<td>Ventanas<\/td>\n<\/tr>\n<tr>\n<td>Procesador<\/td>\n<td>Procesador de 1,8 GHz o m\u00e1s r\u00e1pido. Se recomienda un procesador de cuatro n\u00facleos o superior.<\/td>\n<\/tr>\n<tr>\n<td>Disco duro<\/td>\n<td>m\u00ednimo de 800 MB hasta 210 GB de espacio disponible<\/td>\n<\/tr>\n<tr>\n<td>RAM<\/td>\n<td>2 GB de RAM; se recomiendan 8 GB de RAM (2,5 GB como m\u00ednimo si se ejecuta en una m\u00e1quina virtual)<\/td>\n<\/tr>\n<tr>\n<td>Sistema operativo<\/td>\n<td>Sistemas operativos de 64 bits: Windows 11 versi\u00f3n 21H2 o superior: Home, Pro, Pro Education, Pro for Workstations, Enterprise y Education Windows 10 versi\u00f3n 1703 o superior: Home, Professional, Education y Enterprise (LTSC y S no son compatibles) Windows Server 2019\/2016: Standard y Datacenter Windows 8.1 (con actualizaci\u00f3n 2919355): Core, Professional y Enterprise Windows Server 2012 R2 (con actualizaci\u00f3n 2919355): Essentials, Standard, Datacenter Windows 7 SP1 (con las \u00faltimas actualizaciones de Windows): Home Premium, Professional, Enterprise, Ultimate<\/td>\n<\/tr>\n<tr>\n<td>Otros requisitos<\/td>\n<td>acceso a Internet<\/td>\n<\/tr>\n<\/table>","protected":false},"featured_media":2751,"template":"","meta":{"inline_featured_image":false},"product_brand":[],"product_cat":[106],"product_tag":[],"class_list":{"0":"post-2512","1":"product","2":"type-product","3":"status-publish","4":"has-post-thumbnail","6":"product_cat-microsoft-office-software","8":"first","9":"instock","10":"sale","11":"virtual","12":"taxable","13":"purchasable","14":"product-type-simple"},"_links":{"self":[{"href":"https:\/\/elitesoftkeys.com\/es\/wp-json\/wp\/v2\/product\/2512","targetHints":{"allow":["GET"]}}],"collection":[{"href":"https:\/\/elitesoftkeys.com\/es\/wp-json\/wp\/v2\/product"}],"about":[{"href":"https:\/\/elitesoftkeys.com\/es\/wp-json\/wp\/v2\/types\/product"}],"version-history":[{"count":0,"href":"https:\/\/elitesoftkeys.com\/es\/wp-json\/wp\/v2\/product\/2512\/revisions"}],"wp:featuredmedia":[{"embeddable":true,"href":"https:\/\/elitesoftkeys.com\/es\/wp-json\/wp\/v2\/media\/2751"}],"wp:attachment":[{"href":"https:\/\/elitesoftkeys.com\/es\/wp-json\/wp\/v2\/media?parent=2512"}],"wp:term":[{"taxonomy":"product_brand","embeddable":true,"href":"https:\/\/elitesoftkeys.com\/es\/wp-json\/wp\/v2\/product_brand?post=2512"},{"taxonomy":"product_cat","embeddable":true,"href":"https:\/\/elitesoftkeys.com\/es\/wp-json\/wp\/v2\/product_cat?post=2512"},{"taxonomy":"product_tag","embeddable":true,"href":"https:\/\/elitesoftkeys.com\/es\/wp-json\/wp\/v2\/product_tag?post=2512"}],"curies":[{"name":"gracias","href":"https:\/\/api.w.org\/{rel}","templated":true}]}}