{"id":2511,"date":"2024-12-21T13:55:35","date_gmt":"2024-12-21T13:55:35","guid":{"rendered":"http:\/\/elitesoftkeys.com\/?product=microsoft-outlook-windows"},"modified":"2025-07-06T14:06:51","modified_gmt":"2025-07-06T14:06:51","slug":"microsoft-outlook-windows","status":"publish","type":"product","link":"https:\/\/elitesoftkeys.com\/es\/producto\/microsoft-outlook-windows\/","title":{"rendered":"Microsoft Outlook (Windows)"},"content":{"rendered":"<p>IMPORTANTE: \u00a1Esta es solo la aplicaci\u00f3n Outlook! Haga clic aqu\u00ed para obtener Office Professional Plus 2021 y mantenerse al d\u00eda con las \u00faltimas funciones.<\/p>\n<p>Las caracter\u00edsticas de Microsoft Outlook<\/p>\n<p>Microsoft Outlook es la herramienta de gesti\u00f3n de correo electr\u00f3nico y calendario m\u00e1s utilizada del mundo. Permite sincronizar los buzones de correo sin tener que acceder a la p\u00e1gina web de tu proveedor de correo cada vez. Tambi\u00e9n puedes beneficiarte de la sincronizaci\u00f3n con tu calendario, lo que te facilitar\u00e1 enormemente la gesti\u00f3n de tu vida laboral y personal. As\u00ed, podr\u00e1s:<\/p>\n<p>Organiza tus correos electr\u00f3nicos para centrarte en los mensajes m\u00e1s importantes.<\/p>\n<p>Administra y comparte tu calendario para programar reuniones con facilidad.<\/p>\n<p>Comparte archivos desde la nube para que los destinatarios siempre tengan la versi\u00f3n m\u00e1s actualizada.<\/p>\n<p>Mant\u00e9nte siempre conectado y productivo en cualquier lugar.<\/p>\n<p>\u00bfCu\u00e1l es la diferencia entre Microsoft Outlook y Office Pro Plus 2021?<\/p>\n<p>La diferencia entre Microsoft Outlook y Office Pro Plus 2021 radica en que Microsoft Outlook es un \u00fanico programa para gestionar correo electr\u00f3nico, calendarios, contactos y tareas, mientras que Office Pro Plus 2021 es un conjunto completo de aplicaciones de productividad. Office Pro Plus 2021 incluye Outlook, adem\u00e1s de Word, Excel, PowerPoint, Access, Publisher y otras herramientas, ofreciendo una gama completa de aplicaciones para satisfacer las principales necesidades de productividad empresarial.<\/p>\n<p>Microsoft Outlook, Microsoft Outlook Live Mail y Microsoft Outlook 365<\/p>\n<p>Outlook: Generalmente se refiere a Microsoft Outlook, una aplicaci\u00f3n de escritorio incluida en las suites de Microsoft Office, como Office Pro Plus. Se utiliza para administrar el correo electr\u00f3nico, los calendarios, los contactos y las tareas.<\/p>\n<p>Microsoft Outlook Live Mail: Se refiere a Outlook.com, el servicio de correo electr\u00f3nico web de Microsoft. Es un servicio gratuito que proporciona acceso al correo electr\u00f3nico, calendarios y contactos a trav\u00e9s de un navegador web.<\/p>\n<p>Microsoft Outlook 365: parte de la suite Microsoft 365 (anteriormente Office 365), Outlook 365 es una versi\u00f3n basada en suscripci\u00f3n que incluye la funcionalidad completa de Microsoft Outlook, accesible a trav\u00e9s de aplicaciones de escritorio y en l\u00ednea, con actualizaciones continuas e integraciones con otros servicios de Microsoft 365.<\/p>\n<p>Microsoft Outlook \u2013 descarga e instalaci\u00f3n<\/p>\n<p>Tras la compra, le proporcionaremos la clave de producto necesaria para descargar Microsoft Outlook. Tambi\u00e9n recibir\u00e1 gu\u00edas detalladas sobre c\u00f3mo descargar e instalar Microsoft Outlook en su dispositivo. Si tiene alguna pregunta sobre la descarga de Microsoft Outlook, puede contactar con nuestro soporte t\u00e9cnico, disponible por chat en vivo, correo electr\u00f3nico o WhatsApp.<\/p>\n<p>\u00bfPor qu\u00e9 elegir EliteSoftKeys para comprar licencias de software?<\/p>\n<p>EliteSoftKeys es su distribuidor de confianza de licencias de software original al mejor precio. Ofrecemos:<\/p>\n<p>S\u00f3lo software aut\u00e9ntico: como distribuidor certificado de Adobe y Microsoft, garantizamos la calidad y autenticidad de cada producto.<\/p>\n<p>Precios imbatibles: Nuestros precios competitivos son posibles gracias a la reventa de licencias \u201cde segunda mano\u201d, una pr\u00e1ctica legalmente permitida por una sentencia del TJUE de 3 de julio de 2012.<\/p>\n<p>Excelente servicio al cliente: Nuestro equipo de atenci\u00f3n al cliente multiling\u00fce, disponible los 7 d\u00edas de la semana, tiene una calificaci\u00f3n promedio de 4.9\/5 basada en rese\u00f1as en plataformas como Trustpilot, Trusted Shops y Google Reviews.<\/p>\n<p>Opciones de pago seguras: elija entre una amplia gama de m\u00e9todos de pago seguros, incluidos Apple Pay, Google Pay y tarjetas de cr\u00e9dito.<\/p>\n<p>Preguntas frecuentes sobre el software Microsoft Outlook<\/p>\n<p>\u00bfQu\u00e9 puedo hacer si no puedo activar mi licencia?<\/p>\n<p>No hay problema, \u00a1siempre estamos aqu\u00ed para ayudarte! Si no puedes activar tu clave de Microsoft Outlook por cualquier motivo, contacta con nuestro soporte t\u00e9cnico gratuito aqu\u00ed y proporciona detalles y capturas de pantalla del problema. Lo solucionaremos de inmediato.<\/p>\n<p>\u00bfC\u00f3mo puede la licencia de Microsoft Outlook conseguir un precio tan bajo?<\/p>\n<p>Ofrecemos licencias de venta minorista usadas que fueron descontinuadas por el anterior propietario de conformidad con la sentencia CE C-128\/2011. Por eso, puede adquirir la clave de producto de Microsoft Outlook en nuestra web a un precio m\u00e1s bajo.<\/p>\n<p>\u00bfC\u00f3mo s\u00e9 si mi computadora cumple con los requisitos del sistema para Microsoft Outlook?<\/p>\n<p>Antes de comprar su licencia de Microsoft Outlook, puede consultar la secci\u00f3n &#039;Requisitos&#039; en esta p\u00e1gina para comprobar las especificaciones t\u00e9cnicas o visitar el sitio del fabricante.<\/p>","protected":false},"excerpt":{"rendered":"<table style='border-collapse: collapse; width: 100%;'>\n<tr>\n<th>Propiedad<\/th>\n<th>Valor<\/th>\n<\/tr>\n<tr>\n<td>Procesador<\/td>\n<td>Procesador de 2 n\u00facleos a 1,6 GHz<\/td>\n<\/tr>\n<tr>\n<td>Disco duro<\/td>\n<td>4 GB de espacio disponible en disco<\/td>\n<\/tr>\n<tr>\n<td>RAM<\/td>\n<td>4 GB (64 bits), 2 GB (32 bits) de RAM<\/td>\n<\/tr>\n<tr>\n<td>Sistema operativo<\/td>\n<td>Windows 7 o m\u00e1s reciente<\/td>\n<\/tr>\n<tr>\n<td>Otros requisitos<\/td>\n<td>acceso a Internet<\/td>\n<\/tr>\n<\/table>","protected":false},"featured_media":2750,"template":"","meta":{"inline_featured_image":false},"product_brand":[],"product_cat":[106],"product_tag":[],"class_list":{"0":"post-2511","1":"product","2":"type-product","3":"status-publish","4":"has-post-thumbnail","6":"product_cat-microsoft-office-software","8":"first","9":"instock","10":"sale","11":"virtual","12":"taxable","13":"purchasable","14":"product-type-simple"},"_links":{"self":[{"href":"https:\/\/elitesoftkeys.com\/es\/wp-json\/wp\/v2\/product\/2511","targetHints":{"allow":["GET"]}}],"collection":[{"href":"https:\/\/elitesoftkeys.com\/es\/wp-json\/wp\/v2\/product"}],"about":[{"href":"https:\/\/elitesoftkeys.com\/es\/wp-json\/wp\/v2\/types\/product"}],"version-history":[{"count":0,"href":"https:\/\/elitesoftkeys.com\/es\/wp-json\/wp\/v2\/product\/2511\/revisions"}],"wp:featuredmedia":[{"embeddable":true,"href":"https:\/\/elitesoftkeys.com\/es\/wp-json\/wp\/v2\/media\/2750"}],"wp:attachment":[{"href":"https:\/\/elitesoftkeys.com\/es\/wp-json\/wp\/v2\/media?parent=2511"}],"wp:term":[{"taxonomy":"product_brand","embeddable":true,"href":"https:\/\/elitesoftkeys.com\/es\/wp-json\/wp\/v2\/product_brand?post=2511"},{"taxonomy":"product_cat","embeddable":true,"href":"https:\/\/elitesoftkeys.com\/es\/wp-json\/wp\/v2\/product_cat?post=2511"},{"taxonomy":"product_tag","embeddable":true,"href":"https:\/\/elitesoftkeys.com\/es\/wp-json\/wp\/v2\/product_tag?post=2511"}],"curies":[{"name":"gracias","href":"https:\/\/api.w.org\/{rel}","templated":true}]}}