{"id":2510,"date":"2024-12-21T13:55:34","date_gmt":"2024-12-21T13:55:34","guid":{"rendered":"http:\/\/elitesoftkeys.com\/?product=microsoft-visio-professional-2024-bind"},"modified":"2025-07-06T14:06:51","modified_gmt":"2025-07-06T14:06:51","slug":"microsoft-visio-professional-2024-bind","status":"publish","type":"product","link":"https:\/\/elitesoftkeys.com\/es\/producto\/microsoft-visio-professional-2024-bind\/","title":{"rendered":"Microsoft Visio Professional 2024 BIND"},"content":{"rendered":"<p>Compra \u00fanica para 1 PC<\/p>\n<p>N\u00famero de instalaciones: 1<\/p>\n<p>Compatible con Windows 11 y Windows 10<\/p>\n<p>Admite est\u00e1ndares de la industria como UML 2.5, BPMN 2.0 y SDL<\/p>\n<p>Admite libros de Microsoft Excel, bases de datos de Access, listas de SharePoint Foundation, bases de datos de SQL Server, directorios de Exchange Server, informaci\u00f3n de Azure Active Directory y otras fuentes de datos OLEDB u ODBC, as\u00ed como archivos DWG de AutoCAD.<\/p>\n<p>Permite vincular diagramas a datos de fuentes internas y externas. Visio Professional 2024 es una aplicaci\u00f3n de diagramaci\u00f3n y gr\u00e1ficos vectoriales que le permite crear diagramas y diagramas de flujo para ayudar a los usuarios a visualizar y comunicar informaci\u00f3n compleja. Los principales beneficios de Visio Professional 2024:<\/p>\n<p>Est\u00e1ndar de la industria. Visio es compatible con el Lenguaje de Modelado Unificado (UML) 2.5, el Modelo y Notaci\u00f3n de Procesos de Negocio (BPMN) 2.0 y el Lenguaje de Especificaci\u00f3n y Descripci\u00f3n (SDL).<\/p>\n<p>Vinculaci\u00f3n y compartici\u00f3n de datos. Puede vincular f\u00e1cilmente formularios y diagramas de Visio con datos de fuentes internas y externas comunes. Los diagramas se pueden compartir desde repositorios en l\u00ednea como OneDrive para la Empresa y SharePoint (estos productos se venden por separado).<\/p>\n<p>M\u00faltiples or\u00edgenes de datos. Visio admite Excel Services, Listas de SharePoint, SharePoint Foundation, SharePoint Server, SQL Server, Microsoft Access y otros or\u00edgenes de datos OLEDB u ODBC, as\u00ed como archivos DWG de AutoCAD.<\/p>\n<p>Creaci\u00f3n y edici\u00f3n sencillas. Cree visualizaciones de bases de datos usando diagramas basados en un modelo de base de datos predefinido y edite las formas de los objetos existentes sin perder lo que ya ha hecho.<\/p>\n<p>Trabajo en grupo simult\u00e1neo. Puedes ver qu\u00e9 est\u00e1n editando los coautores en un diagrama com\u00fan, recibir notificaciones sobre los cambios y decidir si los fusionas en el archivo maestro.<\/p>\n<p>Diagramas basados en datos. Generaci\u00f3n autom\u00e1tica de diagramas a partir de fuentes de datos como Excel, Exchange, bases de datos de SQL Server, etc. \u00bfCu\u00e1l es la diferencia entre Visio Professional 2024 y Visio Standard 2021? Nuevas funciones y contenido.<\/p>\n<p>Mayor variedad de formas y galer\u00edas de s\u00edmbolos: Visio 2024 ofrece una amplia gama de nuevas formas, galer\u00edas de s\u00edmbolos y plantillas. En particular, la versi\u00f3n Professional incluye m\u00e1s de 10 nuevas galer\u00edas de s\u00edmbolos espec\u00edficas de Azure, as\u00ed como formas para Kubernetes y notaciones Yourdon-Coad, especialmente \u00fatiles para profesionales de TI y desarrolladores de software12.<\/p>\n<p>Nuevos iconos e infograf\u00edas: Se han a\u00f1adido nuevos iconos y herramientas de lluvia de ideas, como notas adhesivas e infograf\u00edas, que mejoran la capacidad de representar visualmente ideas y proyectos de forma clara y eficaz2. Mejoras de usabilidad<\/p>\n<p>Funci\u00f3n de b\u00fasqueda mejorada: La funci\u00f3n de b\u00fasqueda ahora est\u00e1 integrada en la barra de t\u00edtulo, lo que facilita la b\u00fasqueda de formularios y contenido dentro de la aplicaci\u00f3n. Esta actualizaci\u00f3n mejora la accesibilidad y armoniza la experiencia del usuario con otras aplicaciones de Microsoft, haciendo la interacci\u00f3n m\u00e1s intuitiva. 13. Rendimiento optimizado.<\/p>\n<p>Velocidad y estabilidad: Visio 2024 se ha beneficiado de mejoras en el rendimiento general, lo que hace que la aplicaci\u00f3n sea m\u00e1s receptiva y estable en su uso, especialmente cuando se trabaja con diagramas complejos o archivos grandes3. Accesibilidad mejorada<\/p>\n<p>Herramientas de accesibilidad: Se han implementado nuevas herramientas para garantizar que los documentos creados sean m\u00e1s accesibles para todos los usuarios, facilitando su uso por parte de personas con discapacidad2. Estas mejoras hacen de Visio Professional 2024 una opci\u00f3n mucho m\u00e1s potente que la versi\u00f3n 2021, especialmente para profesionales que necesitan herramientas avanzadas para crear diagramas y visualizaciones.<\/p>","protected":false},"excerpt":{"rendered":"<table style='border-collapse: collapse; width: 100%;'>\n<tr>\n<th>Propiedad<\/th>\n<th>Valor<\/th>\n<\/tr>\n<tr>\n<td>Plataforma<\/td>\n<td>Ventanas<\/td>\n<\/tr>\n<tr>\n<td>Procesador<\/td>\n<td>Procesador de 2 n\u00facleos a 1,6 GHz<\/td>\n<\/tr>\n<tr>\n<td>Disco duro<\/td>\n<td>4 GB de espacio disponible en disco<\/td>\n<\/tr>\n<tr>\n<td>RAM<\/td>\n<td>4 GB (64 bits), 2 GB (32 bits) de RAM<\/td>\n<\/tr>\n<tr>\n<td>Sistema operativo<\/td>\n<td>Windows 11 o Windows 10<\/td>\n<\/tr>\n<tr>\n<td>Otros requisitos<\/td>\n<td>Conexi\u00f3n a Internet para instalar y configurar el software<\/td>\n<\/tr>\n<\/table>","protected":false},"featured_media":2829,"template":"","meta":{"inline_featured_image":false},"product_brand":[],"product_cat":[106],"product_tag":[],"class_list":{"0":"post-2510","1":"product","2":"type-product","3":"status-publish","4":"has-post-thumbnail","6":"product_cat-microsoft-office-software","8":"first","9":"instock","10":"sale","11":"virtual","12":"taxable","13":"purchasable","14":"product-type-simple"},"_links":{"self":[{"href":"https:\/\/elitesoftkeys.com\/es\/wp-json\/wp\/v2\/product\/2510","targetHints":{"allow":["GET"]}}],"collection":[{"href":"https:\/\/elitesoftkeys.com\/es\/wp-json\/wp\/v2\/product"}],"about":[{"href":"https:\/\/elitesoftkeys.com\/es\/wp-json\/wp\/v2\/types\/product"}],"version-history":[{"count":0,"href":"https:\/\/elitesoftkeys.com\/es\/wp-json\/wp\/v2\/product\/2510\/revisions"}],"wp:featuredmedia":[{"embeddable":true,"href":"https:\/\/elitesoftkeys.com\/es\/wp-json\/wp\/v2\/media\/2829"}],"wp:attachment":[{"href":"https:\/\/elitesoftkeys.com\/es\/wp-json\/wp\/v2\/media?parent=2510"}],"wp:term":[{"taxonomy":"product_brand","embeddable":true,"href":"https:\/\/elitesoftkeys.com\/es\/wp-json\/wp\/v2\/product_brand?post=2510"},{"taxonomy":"product_cat","embeddable":true,"href":"https:\/\/elitesoftkeys.com\/es\/wp-json\/wp\/v2\/product_cat?post=2510"},{"taxonomy":"product_tag","embeddable":true,"href":"https:\/\/elitesoftkeys.com\/es\/wp-json\/wp\/v2\/product_tag?post=2510"}],"curies":[{"name":"gracias","href":"https:\/\/api.w.org\/{rel}","templated":true}]}}