{"id":2509,"date":"2024-12-21T13:55:34","date_gmt":"2024-12-21T13:55:34","guid":{"rendered":"http:\/\/elitesoftkeys.com\/?product=microsoft-access-windows"},"modified":"2025-07-06T14:06:51","modified_gmt":"2025-07-06T14:06:51","slug":"microsoft-access-windows","status":"publish","type":"product","link":"https:\/\/elitesoftkeys.com\/es\/producto\/microsoft-access-windows\/","title":{"rendered":"Microsoft Access (Windows)"},"content":{"rendered":"<p>Compra \u00fanica para 1 PC<\/p>\n<p>N\u00famero de instalaciones: 1<\/p>\n<p>Incluye aplicaci\u00f3n de Access para ingenier\u00eda de bases de datos.<\/p>\n<p>IMPORTANTE: \u00a1Esta versi\u00f3n es solo para la aplicaci\u00f3n Access! Haga clic aqu\u00ed para obtener Office 2021 Professional Plus y mantenerse al d\u00eda con todas las funciones de Office.<\/p>\n<p>Access es un software para la creaci\u00f3n y gesti\u00f3n de bases de datos, creado y proporcionado por Microsoft. Permite crear bases de datos, es decir, programas relacionales y dedicados, ya sea con plantillas o desde cero, mediante una interfaz gr\u00e1fica utilizando el motor de base de datos Microsoft Jet. Access es compatible con Visual Basic, un lenguaje de programaci\u00f3n basado en objetos. Su principal aplicaci\u00f3n es el almacenamiento de datos en tablas, con la posibilidad de importar o vincular datos desde otras aplicaciones y bases de datos.<\/p>\n<p>Access puede gestionar grandes bases de datos ofreciendo funciones para introducir datos con mayor facilidad y rapidez, reduciendo as\u00ed el margen de error. Adem\u00e1s, proporciona herramientas para crear y personalizar informes, tanto en pantalla como para imprimir en papel, con la posibilidad de extraer datos de m\u00e1s de una tabla si es necesario. Al trabajar con grandes bases de datos, suele ser complicado encontrar los registros de inter\u00e9s, por lo que Access proporciona herramientas para ordenar, buscar y crear herramientas especializadas para encontrar los registros necesarios.<\/p>\n<p>Access tambi\u00e9n se utiliza para crear aplicaciones para la empresa, ya sea a partir de plantillas disponibles en el software o desarroll\u00e1ndolas desde cero con Visual Basic. Para conectar con las aplicaciones, Access cuenta con una serie de conectores.<\/p>","protected":false},"excerpt":{"rendered":"<table style='border-collapse: collapse; width: 100%;'>\n<tr>\n<th>Propiedad<\/th>\n<th>Valor<\/th>\n<\/tr>\n<tr>\n<td>Procesador<\/td>\n<td>Procesador de 2 n\u00facleos a 1,6 GHz<\/td>\n<\/tr>\n<tr>\n<td>Disco duro<\/td>\n<td>4 GB de espacio disponible en disco<\/td>\n<\/tr>\n<tr>\n<td>RAM<\/td>\n<td>4 GB (64 bits), 2 GB (32 bits) de RAM<\/td>\n<\/tr>\n<tr>\n<td>Sistema operativo<\/td>\n<td>Windows 7 o m\u00e1s reciente<\/td>\n<\/tr>\n<tr>\n<td>Otros requisitos<\/td>\n<td>acceso a Internet<\/td>\n<\/tr>\n<\/table>","protected":false},"featured_media":2760,"template":"","meta":{"inline_featured_image":false},"product_brand":[],"product_cat":[106],"product_tag":[],"class_list":{"0":"post-2509","1":"product","2":"type-product","3":"status-publish","4":"has-post-thumbnail","6":"product_cat-microsoft-office-software","8":"first","9":"instock","10":"sale","11":"virtual","12":"taxable","13":"purchasable","14":"product-type-simple"},"_links":{"self":[{"href":"https:\/\/elitesoftkeys.com\/es\/wp-json\/wp\/v2\/product\/2509","targetHints":{"allow":["GET"]}}],"collection":[{"href":"https:\/\/elitesoftkeys.com\/es\/wp-json\/wp\/v2\/product"}],"about":[{"href":"https:\/\/elitesoftkeys.com\/es\/wp-json\/wp\/v2\/types\/product"}],"version-history":[{"count":0,"href":"https:\/\/elitesoftkeys.com\/es\/wp-json\/wp\/v2\/product\/2509\/revisions"}],"wp:featuredmedia":[{"embeddable":true,"href":"https:\/\/elitesoftkeys.com\/es\/wp-json\/wp\/v2\/media\/2760"}],"wp:attachment":[{"href":"https:\/\/elitesoftkeys.com\/es\/wp-json\/wp\/v2\/media?parent=2509"}],"wp:term":[{"taxonomy":"product_brand","embeddable":true,"href":"https:\/\/elitesoftkeys.com\/es\/wp-json\/wp\/v2\/product_brand?post=2509"},{"taxonomy":"product_cat","embeddable":true,"href":"https:\/\/elitesoftkeys.com\/es\/wp-json\/wp\/v2\/product_cat?post=2509"},{"taxonomy":"product_tag","embeddable":true,"href":"https:\/\/elitesoftkeys.com\/es\/wp-json\/wp\/v2\/product_tag?post=2509"}],"curies":[{"name":"gracias","href":"https:\/\/api.w.org\/{rel}","templated":true}]}}