{"id":2507,"date":"2024-12-21T13:55:33","date_gmt":"2024-12-21T13:55:33","guid":{"rendered":"http:\/\/elitesoftkeys.com\/?product=office-professional-plus-2021-kaspersky-antivirus"},"modified":"2025-07-06T14:06:51","modified_gmt":"2025-07-06T14:06:51","slug":"office-professional-plus-2021-kaspersky-antivirus","status":"publish","type":"product","link":"https:\/\/elitesoftkeys.com\/es\/producto\/office-professional-plus-2021-kaspersky-antivirus\/","title":{"rendered":"Office Professional Plus 2021 + Kaspersky Antivirus"},"content":{"rendered":"<p>Productos incluidos en esta oferta<\/p>\n<p>1. Microsoft Office Professional Plus 2021:<\/p>\n<p>Compra \u00fanica para 1 PC<\/p>\n<p>N\u00famero de instalaciones: 1<\/p>\n<p>Compatible con Windows 10 o versiones m\u00e1s nuevas<\/p>\n<p>Incluye versiones cl\u00e1sicas de 2021 de Word, Excel, PowerPoint, Outlook, OneNote, Publisher, Access y Skype for Business.<\/p>\n<p>Adem\u00e1s de Mcafee Total Protection para su protecci\u00f3n local y web<\/p>\n<p>2. Kaspersky Antivirus:<\/p>\n<p>Suscripci\u00f3n de 1 a\u00f1o<\/p>\n<p>N\u00famero de instalaciones: 1<\/p>\n<p>Compatible con Windows 10 o versiones m\u00e1s nuevas<\/p>\n<p>IMPORTANTE: para obtener m\u00e1s informaci\u00f3n y detalles sobre productos individuales, haga clic aqu\u00ed para la p\u00e1gina de Kaspersky Antivirus y aqu\u00ed para Office Pro Plus 2021<\/p>\n<p>Office Pro Plus 2021 es una versi\u00f3n del paquete de aplicaciones Microsoft Office. Office 2021 es un producto para familias y peque\u00f1as empresas que desean tener las aplicaciones cl\u00e1sicas de Office y el correo electr\u00f3nico instalados en un solo PC, para usar en casa o en el trabajo. La versi\u00f3n Professional Plus 2021, disponible en EliteSoftKeys.com, es la edici\u00f3n superior del paquete Microsoft Office 2021 e incluye todas las aplicaciones cl\u00e1sicas de Microsoft, como Word, Excel, PowerPoint, adem\u00e1s de Outlook, OneNote, Publisher, Access y Skype Empresarial.<\/p>\n<p>Kaspersky Antivirus es una defensa fiable contra el malware, ofreciendo una defensa robusta y proactiva para los dispositivos. Con su interfaz intuitiva, los usuarios pueden navegar f\u00e1cilmente por las diversas funciones de an\u00e1lisis, la protecci\u00f3n en tiempo real y las actualizaciones autom\u00e1ticas.<\/p>","protected":false},"excerpt":{"rendered":"<table style='border-collapse: collapse; width: 100%;'>\n<tr>\n<th>Propiedad<\/th>\n<th>Valor<\/th>\n<\/tr>\n<tr>\n<td>Procesador<\/td>\n<td>Procesador de 2 n\u00facleos a 1,6 GHz<\/td>\n<\/tr>\n<tr>\n<td>Disco duro<\/td>\n<td>4 GB de espacio disponible en disco<\/td>\n<\/tr>\n<tr>\n<td>RAM<\/td>\n<td>4 GB (64 bits), 2 GB (32 bits) de RAM<\/td>\n<\/tr>\n<tr>\n<td>Sistema operativo<\/td>\n<td>Windows 10 o m\u00e1s reciente<\/td>\n<\/tr>\n<tr>\n<td>Otros requisitos<\/td>\n<td>acceso a Internet<\/td>\n<\/tr>\n<\/table>","protected":false},"featured_media":2834,"template":"","meta":{"inline_featured_image":false},"product_brand":[],"product_cat":[106],"product_tag":[],"class_list":{"0":"post-2507","1":"product","2":"type-product","3":"status-publish","4":"has-post-thumbnail","6":"product_cat-microsoft-office-software","8":"first","9":"instock","10":"sale","11":"virtual","12":"taxable","13":"purchasable","14":"product-type-simple"},"_links":{"self":[{"href":"https:\/\/elitesoftkeys.com\/es\/wp-json\/wp\/v2\/product\/2507","targetHints":{"allow":["GET"]}}],"collection":[{"href":"https:\/\/elitesoftkeys.com\/es\/wp-json\/wp\/v2\/product"}],"about":[{"href":"https:\/\/elitesoftkeys.com\/es\/wp-json\/wp\/v2\/types\/product"}],"version-history":[{"count":0,"href":"https:\/\/elitesoftkeys.com\/es\/wp-json\/wp\/v2\/product\/2507\/revisions"}],"wp:featuredmedia":[{"embeddable":true,"href":"https:\/\/elitesoftkeys.com\/es\/wp-json\/wp\/v2\/media\/2834"}],"wp:attachment":[{"href":"https:\/\/elitesoftkeys.com\/es\/wp-json\/wp\/v2\/media?parent=2507"}],"wp:term":[{"taxonomy":"product_brand","embeddable":true,"href":"https:\/\/elitesoftkeys.com\/es\/wp-json\/wp\/v2\/product_brand?post=2507"},{"taxonomy":"product_cat","embeddable":true,"href":"https:\/\/elitesoftkeys.com\/es\/wp-json\/wp\/v2\/product_cat?post=2507"},{"taxonomy":"product_tag","embeddable":true,"href":"https:\/\/elitesoftkeys.com\/es\/wp-json\/wp\/v2\/product_tag?post=2507"}],"curies":[{"name":"gracias","href":"https:\/\/api.w.org\/{rel}","templated":true}]}}