{"id":2506,"date":"2024-12-21T13:55:33","date_gmt":"2024-12-21T13:55:33","guid":{"rendered":"http:\/\/elitesoftkeys.com\/?product=ashampoo-office-8-windows"},"modified":"2025-07-06T14:06:51","modified_gmt":"2025-07-06T14:06:51","slug":"ashampoo-office-8-windows","status":"publish","type":"product","link":"https:\/\/elitesoftkeys.com\/es\/producto\/ashampoo-office-8-windows\/","title":{"rendered":"Ashampoo Office 8 (Windows)"},"content":{"rendered":"<p>Office Ashampoo 8 es la alternativa perfecta por su comodidad, compatibilidad y funcionalidad a un precio competitivo para la suite Office. Este potente producto le permitir\u00e1 tener compatibilidad total con todos los formatos de documentos de Microsoft Office para trabajar con documentos editados y generados por aplicaciones populares como Excel, Word y Powerpoint.<\/p>\n<p>Tendr\u00e1 compatibilidad total con versiones anteriores de Office, como Professional Plus 2019, y versiones m\u00e1s recientes y actualizadas, como Microsoft 365. ATENCI\u00d3N: El siguiente producto no es compatible con dispositivos m\u00f3viles ni con el uso de una nube dedicada para el almacenamiento de datos en l\u00ednea. \u00bfQu\u00e9 me permite hacer Ashampoo Office 8? \u00a1Ashampoo Office 8 le permite instalar su software de oficina en hasta 5 PC! \u00a1Y es compatible incluso con sistemas operativos Windows antiguos y obsoletos, como Windows 7! \u00a1Dise\u00f1e sus documentos con estilos atractivos con gr\u00e1ficos vectoriales u objetos de AutoFORM y cree dise\u00f1os sofisticados al instante!<\/p>\n<p>Presenta la versi\u00f3n equivalente de PowerPoint y crea presentaciones impactantes f\u00e1cilmente. En la nueva versi\u00f3n, \u00a1incluso puedes crear presentaciones autom\u00e1ticas que se reproducen en cualquier ordenador sin necesidad de instalar ning\u00fan software! Con animaciones impresionantes, transiciones de diapositivas de nuevo dise\u00f1o y un sofisticado dise\u00f1o de p\u00e1gina principal, estar\u00e1s perfectamente equipado para cualquier presentaci\u00f3n. Ahora puedes crear tantos dise\u00f1os principales como desees, en los que puedes colocar marcadores de posici\u00f3n con solo unos clics. Esto no solo garantiza una apariencia uniforme de tu presentaci\u00f3n, sino tambi\u00e9n una compatibilidad perfecta con PowerPoint. Calculate te permite crear f\u00e1cilmente c\u00e1lculos, tablas y diagramas de cualquier complejidad. Desde un simple calendario hasta la planificaci\u00f3n financiera completa de una empresa, este sustituto de Excel te ofrece todas las funciones. Y si se cuela un error en tu hoja de c\u00e1lculo, el resaltado de sintaxis y el seguimiento de f\u00f3rmulas te indicar\u00e1n r\u00e1pidamente d\u00f3nde est\u00e1. Con m\u00e1s de 350 funciones de c\u00e1lculo, hojas de c\u00e1lculo f\u00e1ciles de usar y hojas de c\u00e1lculo enormes con un mill\u00f3n de filas, Calculate 8 es ideal para c\u00e1lculos de todo tipo. Con Word Write, puede crear documentos de cualquier tama\u00f1o en un instante, ya sea una tarjeta de felicitaci\u00f3n, una carta comercial, un folleto o un documento completo de estudio. Incluso en documentos grandes, nunca perder\u00e1 la vista general gracias a las nuevas miniaturas de p\u00e1gina y los \u00edndices interactivos. Con el exclusivo modo de objeto, puede colocar libremente gr\u00e1ficos, dibujos y texto en el documento. Gracias al contador de palabras en tiempo real, siempre sabr\u00e1 el tama\u00f1o exacto de su documento y, por lo tanto, podr\u00e1 escribir a la longitud adecuada. Los profesionales tambi\u00e9n pueden usar bases de datos SQLite y dBASE, e incluso combinar correspondencia desde archivos XLSX. Las notas al pie y al final compatibles con Microsoft Word en el mismo documento permiten un trabajo profesional al m\u00e1ximo nivel.<\/p>","protected":false},"excerpt":{"rendered":"<table style='border-collapse: collapse; width: 100%;'>\n<tr>\n<th>Propiedad<\/th>\n<th>Valor<\/th>\n<\/tr>\n<tr>\n<td>Plataforma<\/td>\n<td>Ventanas<\/td>\n<\/tr>\n<tr>\n<td>Procesador<\/td>\n<td>Procesador de 2 n\u00facleos a 1,6 GHz<\/td>\n<\/tr>\n<tr>\n<td>Disco duro<\/td>\n<td>4 GB de espacio disponible en disco<\/td>\n<\/tr>\n<tr>\n<td>RAM<\/td>\n<td>4 GB (64 bits), 2 GB (32 bits) de RAM<\/td>\n<\/tr>\n<tr>\n<td>Idioma<\/td>\n<td>Multiling\u00fce<\/td>\n<\/tr>\n<tr>\n<td>Usuarios apoyados<\/td>\n<td>1 usuario, 1 dispositivo<\/td>\n<\/tr>\n<tr>\n<td>Sistema operativo<\/td>\n<td>Requisitos m\u00ednimos de Windows 7<\/td>\n<\/tr>\n<\/table>","protected":false},"featured_media":2754,"template":"","meta":{"inline_featured_image":false},"product_brand":[],"product_cat":[106],"product_tag":[],"class_list":{"0":"post-2506","1":"product","2":"type-product","3":"status-publish","4":"has-post-thumbnail","6":"product_cat-microsoft-office-software","8":"first","9":"instock","10":"sale","11":"virtual","12":"taxable","13":"purchasable","14":"product-type-simple"},"_links":{"self":[{"href":"https:\/\/elitesoftkeys.com\/es\/wp-json\/wp\/v2\/product\/2506","targetHints":{"allow":["GET"]}}],"collection":[{"href":"https:\/\/elitesoftkeys.com\/es\/wp-json\/wp\/v2\/product"}],"about":[{"href":"https:\/\/elitesoftkeys.com\/es\/wp-json\/wp\/v2\/types\/product"}],"version-history":[{"count":0,"href":"https:\/\/elitesoftkeys.com\/es\/wp-json\/wp\/v2\/product\/2506\/revisions"}],"wp:featuredmedia":[{"embeddable":true,"href":"https:\/\/elitesoftkeys.com\/es\/wp-json\/wp\/v2\/media\/2754"}],"wp:attachment":[{"href":"https:\/\/elitesoftkeys.com\/es\/wp-json\/wp\/v2\/media?parent=2506"}],"wp:term":[{"taxonomy":"product_brand","embeddable":true,"href":"https:\/\/elitesoftkeys.com\/es\/wp-json\/wp\/v2\/product_brand?post=2506"},{"taxonomy":"product_cat","embeddable":true,"href":"https:\/\/elitesoftkeys.com\/es\/wp-json\/wp\/v2\/product_cat?post=2506"},{"taxonomy":"product_tag","embeddable":true,"href":"https:\/\/elitesoftkeys.com\/es\/wp-json\/wp\/v2\/product_tag?post=2506"}],"curies":[{"name":"gracias","href":"https:\/\/api.w.org\/{rel}","templated":true}]}}