{"id":2503,"date":"2024-12-21T13:55:33","date_gmt":"2024-12-21T13:55:33","guid":{"rendered":"http:\/\/elitesoftkeys.com\/?product=microsoft-office-professional-2013"},"modified":"2025-07-06T14:06:51","modified_gmt":"2025-07-06T14:06:51","slug":"microsoft-office-professional-2013","status":"publish","type":"product","link":"https:\/\/elitesoftkeys.com\/es\/producto\/microsoft-office-professional-2013\/","title":{"rendered":"Microsoft Office Professional 2013"},"content":{"rendered":"<p>Compra \u00fanica para 1 PC<\/p>\n<p>N\u00famero de instalaciones: 1<\/p>\n<p>Compatible con Windows 7 o posterior<\/p>\n<p>Incluye versiones cl\u00e1sicas de 2013 de Word, Excel, PowerPoint y Outlook.<\/p>\n<p>IMPORTANTE: Esta versi\u00f3n de Office Professional Plus 2013 ya no recibe actualizaciones. Haga clic aqu\u00ed para obtener Office 2021 Professional Plus y mantenerse al d\u00eda con todas las funciones de Office.<\/p>\n<p>Office 2013 es una versi\u00f3n del paquete de aplicaciones Microsoft Office. Es un producto para familias y peque\u00f1as empresas que desean tener las aplicaciones cl\u00e1sicas de Office y el correo electr\u00f3nico instalados en un solo PC para usar en casa o en el trabajo. La versi\u00f3n Professional Plus 2013, que vendemos en EliteSoftKeys, es la edici\u00f3n de gama alta del paquete Microsoft Office 2013 e incluye todas las aplicaciones cl\u00e1sicas de Microsoft, como Word, Excel, PowerPoint y Outlook.<\/p>\n<p>Esta versi\u00f3n est\u00e1 dise\u00f1ada para usarse en Windows 7 o posterior y est\u00e1 disponible como una compra \u00fanica, en lugar de un modelo basado en suscripci\u00f3n como Microsoft 365. B\u00e1sicamente, la licencia de Office Professional Plus 2013 nunca vence, usted tiene el derecho perpetuo de usar esta licencia hasta que se ajuste a sus necesidades.<\/p>\n<p>\u00bfCu\u00e1l es la diferencia entre Microsoft Office 2013 y Microsoft 365?<\/p>\n<p>Office 2013 es una compra \u00fanica, lo que significa que pagas un \u00fanico pago inicial para obtener las aplicaciones de Microsoft para un equipo. Una de las ventajas de elegir Office 2013 es que estas licencias no caducan. Tienes derecho perpetuo a usar esta licencia; esto no ocurre con Microsoft 365\/Office 365. Solo tendr\u00e1s que pagar si quieres actualizar a la siguiente versi\u00f3n principal; de lo contrario, puedes usarla todo el tiempo que quieras.<\/p>\n<p>Microsoft 365 es una suscripci\u00f3n que incluye aplicaciones como Word, Excel, PowerPoint, OneNote, Outlook, Publisher y Access (Publisher y Access solo est\u00e1n disponibles para PC), adem\u00e1s de servicios como 1 TB de almacenamiento en OneDrive y 60 minutos de Skype al mes. Para acceder a tus datos y a las aplicaciones de Microsoft, debes renovar la suscripci\u00f3n anualmente.<\/p>","protected":false},"excerpt":{"rendered":"<table style='border-collapse: collapse; width: 100%;'>\n<tr>\n<th>Propiedad<\/th>\n<th>Valor<\/th>\n<\/tr>\n<tr>\n<td>Procesador<\/td>\n<td>Procesador de 2 n\u00facleos a 1,6 GHz<\/td>\n<\/tr>\n<tr>\n<td>Disco duro<\/td>\n<td>4 GB de espacio disponible en disco<\/td>\n<\/tr>\n<tr>\n<td>RAM<\/td>\n<td>4 GB (64 bits), 2 GB (32 bits) de RAM<\/td>\n<\/tr>\n<tr>\n<td>Sistema operativo<\/td>\n<td>Windows 7 o m\u00e1s reciente<\/td>\n<\/tr>\n<tr>\n<td>Otros requisitos<\/td>\n<td>acceso a Internet<\/td>\n<\/tr>\n<\/table>","protected":false},"featured_media":2830,"template":"","meta":{"inline_featured_image":false},"product_brand":[],"product_cat":[106],"product_tag":[],"class_list":{"0":"post-2503","1":"product","2":"type-product","3":"status-publish","4":"has-post-thumbnail","6":"product_cat-microsoft-office-software","8":"first","9":"instock","10":"sale","11":"virtual","12":"taxable","13":"purchasable","14":"product-type-simple"},"_links":{"self":[{"href":"https:\/\/elitesoftkeys.com\/es\/wp-json\/wp\/v2\/product\/2503","targetHints":{"allow":["GET"]}}],"collection":[{"href":"https:\/\/elitesoftkeys.com\/es\/wp-json\/wp\/v2\/product"}],"about":[{"href":"https:\/\/elitesoftkeys.com\/es\/wp-json\/wp\/v2\/types\/product"}],"version-history":[{"count":0,"href":"https:\/\/elitesoftkeys.com\/es\/wp-json\/wp\/v2\/product\/2503\/revisions"}],"wp:featuredmedia":[{"embeddable":true,"href":"https:\/\/elitesoftkeys.com\/es\/wp-json\/wp\/v2\/media\/2830"}],"wp:attachment":[{"href":"https:\/\/elitesoftkeys.com\/es\/wp-json\/wp\/v2\/media?parent=2503"}],"wp:term":[{"taxonomy":"product_brand","embeddable":true,"href":"https:\/\/elitesoftkeys.com\/es\/wp-json\/wp\/v2\/product_brand?post=2503"},{"taxonomy":"product_cat","embeddable":true,"href":"https:\/\/elitesoftkeys.com\/es\/wp-json\/wp\/v2\/product_cat?post=2503"},{"taxonomy":"product_tag","embeddable":true,"href":"https:\/\/elitesoftkeys.com\/es\/wp-json\/wp\/v2\/product_tag?post=2503"}],"curies":[{"name":"gracias","href":"https:\/\/api.w.org\/{rel}","templated":true}]}}