{"id":2502,"date":"2024-12-21T13:55:32","date_gmt":"2024-12-21T13:55:32","guid":{"rendered":"http:\/\/elitesoftkeys.com\/?product=microsoft-project-pro-2024-bind"},"modified":"2025-07-06T14:06:51","modified_gmt":"2025-07-06T14:06:51","slug":"microsoft-project-pro-2024-bind","status":"publish","type":"product","link":"https:\/\/elitesoftkeys.com\/es\/producto\/microsoft-project-pro-2024-bind\/","title":{"rendered":"Microsoft Project Pro 2024 BIND"},"content":{"rendered":"<p>Compra \u00fanica para 1 PC<\/p>\n<p>N\u00famero de instalaciones: 1<\/p>\n<p>Compatible con Windows 11 y Windows 10<\/p>\n<p>Sincronizaci\u00f3n con Project Online y Project Server<\/p>\n<p>Admite el canal de servicio a largo plazo (LTSC) y es compatible con Office LTSC y Office 2024<\/p>\n<p>Simulaciones de escenarios mejoradas en comparaci\u00f3n con la versi\u00f3n 2021Project Professional 2024 es un software de gesti\u00f3n de proyectos que permite a los usuarios planificar, rastrear y administrar proyectos y recursos en una plataforma centralizada.<\/p>\n<p>Los principales beneficios de Project Professional 2024<\/p>\n<p>Las plantillas preestablecidas le ayudan a comenzar su proyecto f\u00e1cilmente.<\/p>\n<p>Las hojas de horas permiten a los usuarios realizar un seguimiento del tiempo dedicado al proyecto y al trabajo extra-proyecto para diversas funciones, como n\u00f3mina, facturaci\u00f3n, etc.<\/p>\n<p>El seguimiento del progreso permite a los participantes clave realizar un seguimiento del progreso del proyecto en comparaci\u00f3n con el plan base.<\/p>\n<p>Los diagramas de Gantt permiten crear cronogramas complejos y visualizar relaciones entre actividades.<\/p>\n<p>La colaboraci\u00f3n se mejora gracias a la capacidad de encontrar miembros del proyecto en el plan del proyecto y contactarlos.<\/p>\n<p>Informes como Burndown y Resource Overview brindan a las partes interesadas informaci\u00f3n sobre la efectividad del proyecto.<\/p>\n<p>\u00bfCu\u00e1l es la diferencia entre Project Professional 2024 y Project Professional 2021?<\/p>\n<p>Mejoras en la interfaz de usuario de Microsoft Project Pro 2024<\/p>\n<p>Nueva interfaz: Project 2024 presenta una interfaz de usuario renovada que simplifica la navegaci\u00f3n y hace que la planificaci\u00f3n del proyecto sea m\u00e1s fluida, mejorando la experiencia general del usuario.<\/p>\n<p>Integraci\u00f3n mejorada<\/p>\n<p>Integraci\u00f3n con Microsoft Teams y OneDrive: Se ha mejorado la integraci\u00f3n con otros servicios de Microsoft, lo que facilita la colaboraci\u00f3n entre los miembros del equipo. Los usuarios pueden compartir el progreso y las actualizaciones en tiempo real, lo que hace que el trabajo en equipo sea m\u00e1s eficiente.<\/p>\n<p>Servicios en la nube y Azure: Se ha ampliado la integraci\u00f3n con Azure, lo que permite a los gerentes de proyectos aprovechar los recursos de la nube para una gesti\u00f3n de proyectos m\u00e1s escalable y segura, especialmente \u00fatil para proyectos grandes.<\/p>\n<p>Funciones de planificaci\u00f3n avanzadas<\/p>\n<p>Programaci\u00f3n basada en recursos: La versi\u00f3n 2024 ofrece opciones avanzadas para la programaci\u00f3n basada en recursos, lo que permite una mejor visibilidad de la disponibilidad y la capacidad de los recursos. Esto ayuda a prevenir la sobrecarga de trabajo y a tomar decisiones de asignaci\u00f3n informadas.<\/p>\n<p>Nuevas notaciones: Se han introducido nuevas notaciones como Kubernetes y Yourdon-Coad, que son \u00fatiles para visualizar flujos de trabajo en proyectos de TI y desarrollo de software.<\/p>\n<p>Herramientas de informes mejoradas<\/p>\n<p>Informes avanzados: Project 2024 incluye herramientas de informes actualizadas con integraci\u00f3n con Power BI, lo que permite un an\u00e1lisis visual detallado del rendimiento del proyecto. Esto resulta especialmente \u00fatil para organizaciones que requieren informes exhaustivos.<\/p>","protected":false},"excerpt":{"rendered":"<table style='border-collapse: collapse; width: 100%;'>\n<tr>\n<th>Propiedad<\/th>\n<th>Valor<\/th>\n<\/tr>\n<tr>\n<td>Plataforma<\/td>\n<td>Ventanas<\/td>\n<\/tr>\n<tr>\n<td>Procesador<\/td>\n<td>Procesador de 2 n\u00facleos a 1,6 GHz<\/td>\n<\/tr>\n<tr>\n<td>Disco duro<\/td>\n<td>4 GB de espacio disponible en disco<\/td>\n<\/tr>\n<tr>\n<td>RAM<\/td>\n<td>4 GB (64 bits), 2 GB (32 bits) de RAM<\/td>\n<\/tr>\n<tr>\n<td>Sistema operativo<\/td>\n<td>Windows 11, Windows 10, Windows Server 2019<\/td>\n<\/tr>\n<tr>\n<td>Otros requisitos<\/td>\n<td>Conexi\u00f3n a Internet para instalar y configurar el software<\/td>\n<\/tr>\n<\/table>","protected":false},"featured_media":2842,"template":"","meta":{"inline_featured_image":false},"product_brand":[],"product_cat":[106],"product_tag":[],"class_list":{"0":"post-2502","1":"product","2":"type-product","3":"status-publish","4":"has-post-thumbnail","6":"product_cat-microsoft-office-software","8":"first","9":"instock","10":"sale","11":"virtual","12":"taxable","13":"purchasable","14":"product-type-simple"},"_links":{"self":[{"href":"https:\/\/elitesoftkeys.com\/es\/wp-json\/wp\/v2\/product\/2502","targetHints":{"allow":["GET"]}}],"collection":[{"href":"https:\/\/elitesoftkeys.com\/es\/wp-json\/wp\/v2\/product"}],"about":[{"href":"https:\/\/elitesoftkeys.com\/es\/wp-json\/wp\/v2\/types\/product"}],"version-history":[{"count":0,"href":"https:\/\/elitesoftkeys.com\/es\/wp-json\/wp\/v2\/product\/2502\/revisions"}],"wp:featuredmedia":[{"embeddable":true,"href":"https:\/\/elitesoftkeys.com\/es\/wp-json\/wp\/v2\/media\/2842"}],"wp:attachment":[{"href":"https:\/\/elitesoftkeys.com\/es\/wp-json\/wp\/v2\/media?parent=2502"}],"wp:term":[{"taxonomy":"product_brand","embeddable":true,"href":"https:\/\/elitesoftkeys.com\/es\/wp-json\/wp\/v2\/product_brand?post=2502"},{"taxonomy":"product_cat","embeddable":true,"href":"https:\/\/elitesoftkeys.com\/es\/wp-json\/wp\/v2\/product_cat?post=2502"},{"taxonomy":"product_tag","embeddable":true,"href":"https:\/\/elitesoftkeys.com\/es\/wp-json\/wp\/v2\/product_tag?post=2502"}],"curies":[{"name":"gracias","href":"https:\/\/api.w.org\/{rel}","templated":true}]}}