{"id":2500,"date":"2024-12-21T13:55:32","date_gmt":"2024-12-21T13:55:32","guid":{"rendered":"http:\/\/elitesoftkeys.com\/?product=office-home-business-2024-pc-mac"},"modified":"2025-07-06T14:06:49","modified_gmt":"2025-07-06T14:06:49","slug":"office-home-business-2024-pc-mac","status":"publish","type":"product","link":"https:\/\/elitesoftkeys.com\/es\/producto\/office-home-business-2024-pc-mac\/","title":{"rendered":"Office Hogar y Empresas 2024 PC\/Mac"},"content":{"rendered":"<p>Office Hogar y Empresas 2024: caracter\u00edsticas y qu\u00e9 incluye<\/p>\n<p>Office Hogar y Empresas 2024 es una de las ediciones de la reconocida suite de aplicaciones de Microsoft, dise\u00f1ada para satisfacer las necesidades tanto personales como empresariales. Esta versi\u00f3n ofrece las aplicaciones cl\u00e1sicas de la licencia de Office para un dispositivo, ya sea Windows o Mac, junto con la gesti\u00f3n del correo electr\u00f3nico en un solo PC, tanto para uso dom\u00e9stico como profesional. La versi\u00f3n Office 2024 Hogar y Empresas, disponible en EliteSoftKeys.com, incluye todas las aplicaciones esenciales como Word, Excel, PowerPoint, Outlook y OneNote. A diferencia de los modelos de suscripci\u00f3n como Microsoft 365, esta licencia es de por vida y no caduca, lo que garantiza un uso continuo e ininterrumpido. Si desea obtener m\u00e1s informaci\u00f3n sobre todas las nuevas funciones de Office 2024 para Mac y Windows, consulte la p\u00e1gina oficial aqu\u00ed.<\/p>\n<p>\u00bfCu\u00e1l es la diferencia entre Office Hogar y Empresas 2024 y Microsoft 365?<\/p>\n<p>La compra de una licencia de Office 2024 se realiza en una sola transacci\u00f3n, lo que permite obtener aplicaciones de Microsoft para un solo ordenador con un \u00fanico pago inicial. Una ventaja importante de esta edici\u00f3n es su car\u00e1cter perpetuo, que garantiza un uso ilimitado, a diferencia de las licencias de Microsoft 365\/Office 365. Con el paquete de licencia perpetua de Office 2024, no hay fechas de caducidad, lo que evita la necesidad de renovaci\u00f3n anual. Los costes adicionales solo se aplican al actualizar a la siguiente versi\u00f3n. Microsoft 365, por otro lado, es un servicio de suscripci\u00f3n que requiere renovaci\u00f3n anual y ofrece aplicaciones como Word, Excel, PowerPoint, OneNote, Outlook, Publisher y Access (solo disponible para PC), adem\u00e1s de servicios adicionales como 1 TB de almacenamiento en OneDrive y 60 minutos de llamadas de Skype al mes.<\/p>\n<p>Paquete Office: descarga e instalaci\u00f3n<\/p>\n<p>Tras la compra, le proporcionaremos la clave digital necesaria para descargar Office 2024 Hogar y Empresas, que podr\u00e1 canjear en setup.office.com. Tambi\u00e9n recibir\u00e1 gu\u00edas detalladas para facilitar el proceso. Si tiene alguna pregunta, nuestro soporte t\u00e9cnico est\u00e1 disponible por chat en vivo, correo electr\u00f3nico o WhatsApp, ofreciendo asistencia gratuita.<\/p>\n<p>\u00bfPor qu\u00e9 elegir EliteSoftKeys para comprar licencias de software?<\/p>\n<p>EliteSoftKeys es su distribuidor de confianza de licencias de software original al mejor precio. Ofrecemos:<\/p>\n<p>S\u00f3lo software aut\u00e9ntico: como distribuidor certificado de Adobe y Microsoft, garantizamos la calidad y autenticidad de cada producto.<\/p>\n<p>Precios imbatibles: Nuestros precios competitivos son posibles gracias a la reventa de licencias \u201cde segunda mano\u201d, una pr\u00e1ctica legalmente permitida por una sentencia del TJUE de 3 de julio de 2012.<\/p>\n<p>Servicio al cliente excepcional: Nuestro equipo de atenci\u00f3n al cliente multiling\u00fce, disponible los 7 d\u00edas de la semana, tiene una calificaci\u00f3n promedio de 4.9\/5 basada en rese\u00f1as en plataformas como Trustpilot, Trusted Shops y Google Reviews.<\/p>\n<p>Opciones de pago seguras: elija entre una amplia gama de m\u00e9todos de pago seguros, incluidos Apple Pay, Google Pay y tarjetas de cr\u00e9dito.<\/p>\n<p>Preguntas frecuentes sobre Office Hogar y Empresas 2024<\/p>\n<p>\u00bfC\u00f3mo consiguen ser tan baratas las licencias de Office 2024 Hogar y Empresas?<\/p>\n<p>Ofrecemos licencias para minoristas utilizadas y canceladas por el anterior propietario de conformidad con la sentencia CE C-128\/2011. Por eso, puede adquirir la licencia oficial de Office 2024 Hogar y Empresas en nuestra web a un precio m\u00e1s bajo.<\/p>\n<p>\u00bfQu\u00e9 puedo hacer si no puedo activar o descargar Office 2024?<\/p>\n<p>No hay problema, \u00a1siempre estamos disponibles para ayudarte! Si no puedes activar tu licencia de Office Hogar y Empresas por cualquier motivo, contacta con nuestro equipo de soporte t\u00e9cnico gratuito (que aparece en el sitio web) e incluye detalles y capturas de pantalla del problema. Te ayudaremos de inmediato a resolverlo.<\/p>\n<p>\u00bfEs posible descargar Office Hogar y Empresas 2024 de forma permanente?<\/p>\n<p>S\u00ed, puedes adquirir una licencia perpetua de Office 2024 para Windows y Mac, lo que te permite usarla de por vida sin necesidad de pago adicional. No es una licencia de prueba.<\/p>\n<p>\u00bfTengo que pagar Microsoft Office cada a\u00f1o?<\/p>\n<p>No, si adquiere la clave de licencia perpetua de Office Hogar y Empresas 2024. Sin embargo, los modelos de suscripci\u00f3n como Microsoft 365 requieren el pago de una suscripci\u00f3n anual.<\/p>\n<p>\u00bfCu\u00e1l es la mejor versi\u00f3n de MS Office?<\/p>\n<p>La &quot;mejor&quot; versi\u00f3n depende de tus necesidades; Microsoft 365 ofrece las \u00faltimas actualizaciones y servicios en la nube, mientras que Office Hogar y Empresas 2024 ofrece una licencia de por vida sin necesidad de suscripciones.<\/p>\n<p>\u00bfEs Office 2024 mejor que 2021?<\/p>\n<p>La licencia de Office 2024 Hogar y Empresas incluye caracter\u00edsticas actualizadas y mejoras en comparaci\u00f3n con Office 2021, pero si es &quot;mejor&quot; puede depender de sus necesidades espec\u00edficas de nuevas caracter\u00edsticas incluidas en las dos ediciones diferentes.<\/p>","protected":false},"excerpt":{"rendered":"<table style='border-collapse: collapse; width: 100%;'>\n<tr>\n<th>Propiedad<\/th>\n<th>Valor<\/th>\n<\/tr>\n<tr>\n<td>Plataforma<\/td>\n<td>Windows y macOS<\/td>\n<\/tr>\n<tr>\n<td>RAM<\/td>\n<td>4 GB de RAM<\/td>\n<\/tr>\n<tr>\n<td>Usuarios apoyados<\/td>\n<td>1 usuario, 1 dispositivo<\/td>\n<\/tr>\n<tr>\n<td>Sistema operativo<\/td>\n<td>macOS Monterey 12.5, Windows 10<\/td>\n<\/tr>\n<tr>\n<td>Otros requisitos<\/td>\n<td>Red de Internet para instalar y configurar el producto<\/td>\n<\/tr>\n<\/table>","protected":false},"featured_media":2838,"template":"","meta":{"inline_featured_image":false},"product_brand":[],"product_cat":[106],"product_tag":[],"class_list":{"0":"post-2500","1":"product","2":"type-product","3":"status-publish","4":"has-post-thumbnail","6":"product_cat-microsoft-office-software","8":"first","9":"instock","10":"sale","11":"virtual","12":"taxable","13":"purchasable","14":"product-type-simple"},"_links":{"self":[{"href":"https:\/\/elitesoftkeys.com\/es\/wp-json\/wp\/v2\/product\/2500","targetHints":{"allow":["GET"]}}],"collection":[{"href":"https:\/\/elitesoftkeys.com\/es\/wp-json\/wp\/v2\/product"}],"about":[{"href":"https:\/\/elitesoftkeys.com\/es\/wp-json\/wp\/v2\/types\/product"}],"version-history":[{"count":0,"href":"https:\/\/elitesoftkeys.com\/es\/wp-json\/wp\/v2\/product\/2500\/revisions"}],"wp:featuredmedia":[{"embeddable":true,"href":"https:\/\/elitesoftkeys.com\/es\/wp-json\/wp\/v2\/media\/2838"}],"wp:attachment":[{"href":"https:\/\/elitesoftkeys.com\/es\/wp-json\/wp\/v2\/media?parent=2500"}],"wp:term":[{"taxonomy":"product_brand","embeddable":true,"href":"https:\/\/elitesoftkeys.com\/es\/wp-json\/wp\/v2\/product_brand?post=2500"},{"taxonomy":"product_cat","embeddable":true,"href":"https:\/\/elitesoftkeys.com\/es\/wp-json\/wp\/v2\/product_cat?post=2500"},{"taxonomy":"product_tag","embeddable":true,"href":"https:\/\/elitesoftkeys.com\/es\/wp-json\/wp\/v2\/product_tag?post=2500"}],"curies":[{"name":"gracias","href":"https:\/\/api.w.org\/{rel}","templated":true}]}}