{"id":2499,"date":"2024-12-21T13:55:32","date_gmt":"2024-12-21T13:55:32","guid":{"rendered":"http:\/\/elitesoftkeys.com\/?product=microsoft-office-home-student-2016-windows"},"modified":"2025-07-06T14:06:49","modified_gmt":"2025-07-06T14:06:49","slug":"microsoft-office-home-student-2016-windows","status":"publish","type":"product","link":"https:\/\/elitesoftkeys.com\/es\/producto\/microsoft-office-home-student-2016-windows\/","title":{"rendered":"Microsoft Office Hogar y Estudiantes 2016 (Windows)"},"content":{"rendered":"<p>Compra \u00fanica para 1 PC<\/p>\n<p>N\u00famero de instalaciones: 1<\/p>\n<p>Compatible con Windows 11 o Windows 10<\/p>\n<p>Incluye versiones cl\u00e1sicas de 2019 de Word, Excel, PowerPoint, OneNote<\/p>\n<p>IMPORTANTE: Esta versi\u00f3n de Office Hogar y Estudiantes 2016 no es para Mac. Haga clic aqu\u00ed para Office 2019 Hogar y Empresas y encuentre Office para Mac. Office Hogar y Estudiantes 2016 es una versi\u00f3n de la suite de productividad de Microsoft que incluye aplicaciones esenciales para estudiantes y usuarios dom\u00e9sticos. Esta versi\u00f3n est\u00e1 dise\u00f1ada para usarse en un solo equipo y est\u00e1 disponible como compra \u00fanica, en lugar de un modelo de suscripci\u00f3n como Microsoft 365. Office Hogar y Estudiantes 2016 incluye aplicaciones como Word, Excel, PowerPoint y OneNote, que se usan com\u00fanmente en entornos acad\u00e9micos y personales. No incluye Outlook. Esta versi\u00f3n es ideal para estudiantes que necesitan escribir trabajos, crear presentaciones y administrar sus notas, as\u00ed como para usuarios dom\u00e9sticos que necesitan crear presupuestos familiares, controlar los gastos y organizar su trabajo.<\/p>\n<p>\u00bfCu\u00e1l es la diferencia entre Office Hogar y Estudiantes 2016 y Microsoft 365?<\/p>\n<p>Office 2019 es una compra \u00fanica, lo que significa que pagas un \u00fanico pago inicial para obtener las aplicaciones de Microsoft para un equipo. Una de las ventajas de elegir Office 2019 es que estas licencias no caducan. Tienes derecho perpetuo a usar esta licencia; esto no ocurre con Microsoft 365\/Office 365. Solo tendr\u00e1s que pagar si quieres actualizar a la siguiente versi\u00f3n principal; de lo contrario, puedes usarla todo el tiempo que quieras.<\/p>\n<p>Microsoft 365 es una suscripci\u00f3n que incluye aplicaciones como Word, Excel, PowerPoint, OneNote, Outlook, Publisher y Access (Publisher y Access solo est\u00e1n disponibles para PC), adem\u00e1s de servicios como 1 TB de almacenamiento en OneDrive y 60 minutos de Skype al mes. Para acceder a tus datos y a las aplicaciones de Microsoft, debes renovar la suscripci\u00f3n anualmente.<\/p>","protected":false},"excerpt":{"rendered":"<table style='border-collapse: collapse; width: 100%;'>\n<tr>\n<th>Propiedad<\/th>\n<th>Valor<\/th>\n<\/tr>\n<tr>\n<td>Plataforma<\/td>\n<td>Ventanas<\/td>\n<\/tr>\n<tr>\n<td>Procesador<\/td>\n<td>Procesador de 2 n\u00facleos a 1,6 GHz<\/td>\n<\/tr>\n<tr>\n<td>Disco duro<\/td>\n<td>4 GB de espacio disponible en disco<\/td>\n<\/tr>\n<tr>\n<td>RAM<\/td>\n<td>4 GB (64 bits), 2 GB (32 bits) de RAM<\/td>\n<\/tr>\n<tr>\n<td>Idioma<\/td>\n<td>Multiling\u00fce<\/td>\n<\/tr>\n<tr>\n<td>Usuarios apoyados<\/td>\n<td>1 usuario, 1 dispositivo<\/td>\n<\/tr>\n<tr>\n<td>Sistema operativo<\/td>\n<td>Windows 10 o Windows 11<\/td>\n<\/tr>\n<\/table>","protected":false},"featured_media":2837,"template":"","meta":{"inline_featured_image":false},"product_brand":[],"product_cat":[106],"product_tag":[],"class_list":{"0":"post-2499","1":"product","2":"type-product","3":"status-publish","4":"has-post-thumbnail","6":"product_cat-microsoft-office-software","8":"first","9":"instock","10":"sale","11":"virtual","12":"taxable","13":"purchasable","14":"product-type-simple"},"_links":{"self":[{"href":"https:\/\/elitesoftkeys.com\/es\/wp-json\/wp\/v2\/product\/2499","targetHints":{"allow":["GET"]}}],"collection":[{"href":"https:\/\/elitesoftkeys.com\/es\/wp-json\/wp\/v2\/product"}],"about":[{"href":"https:\/\/elitesoftkeys.com\/es\/wp-json\/wp\/v2\/types\/product"}],"version-history":[{"count":0,"href":"https:\/\/elitesoftkeys.com\/es\/wp-json\/wp\/v2\/product\/2499\/revisions"}],"wp:featuredmedia":[{"embeddable":true,"href":"https:\/\/elitesoftkeys.com\/es\/wp-json\/wp\/v2\/media\/2837"}],"wp:attachment":[{"href":"https:\/\/elitesoftkeys.com\/es\/wp-json\/wp\/v2\/media?parent=2499"}],"wp:term":[{"taxonomy":"product_brand","embeddable":true,"href":"https:\/\/elitesoftkeys.com\/es\/wp-json\/wp\/v2\/product_brand?post=2499"},{"taxonomy":"product_cat","embeddable":true,"href":"https:\/\/elitesoftkeys.com\/es\/wp-json\/wp\/v2\/product_cat?post=2499"},{"taxonomy":"product_tag","embeddable":true,"href":"https:\/\/elitesoftkeys.com\/es\/wp-json\/wp\/v2\/product_tag?post=2499"}],"curies":[{"name":"gracias","href":"https:\/\/api.w.org\/{rel}","templated":true}]}}