{"id":2498,"date":"2024-12-21T13:55:32","date_gmt":"2024-12-21T13:55:32","guid":{"rendered":"http:\/\/elitesoftkeys.com\/?product=microsoft-word-windows"},"modified":"2025-07-06T14:06:49","modified_gmt":"2025-07-06T14:06:49","slug":"microsoft-word-windows","status":"publish","type":"product","link":"https:\/\/elitesoftkeys.com\/es\/producto\/microsoft-word-windows\/","title":{"rendered":"Microsoft Word (Windows)"},"content":{"rendered":"<div data-elementor-type=\"wp-post\" data-elementor-id=\"2498\" class=\"elementor elementor-2498\">\n\t\t\t\t<div class=\"elementor-element elementor-element-539a0824 e-flex e-con-boxed e-con e-parent\" data-id=\"539a0824\" data-element_type=\"container\">\r\n\t\t\t\t\t<div class=\"e-con-inner\">\r\n\t\t\t\t<div class=\"elementor-element elementor-element-4ff31ae5 elementor-widget elementor-widget-text-editor\" data-id=\"4ff31ae5\" data-element_type=\"widget\" data-widget_type=\"text-editor.default\">\n\t\t\t\t<div class=\"elementor-widget-container\">\n\t\t\t\t\t\t\t\t\t<p>IMPORTANTE: \u00a1Esta es solo la aplicaci\u00f3n Word! Haga clic aqu\u00ed para obtener Office Professional Plus 2021 y mantenerse al d\u00eda con las \u00faltimas funciones.<br \/>Las caracter\u00edsticas de Microsoft Word<br \/>Word es un programa de procesamiento de textos dise\u00f1ado para crear documentos de calidad profesional. Con las mejores herramientas de formato, Word te permite organizar y redactar documentos de forma m\u00e1s eficiente.<br \/>Actualmente es el procesador de textos m\u00e1s utilizado del mundo. Permite abrir y guardar archivos en numerosos formatos: Doc, Dot, Rtf, TXT, WPS, HTML, pero HTML (acr\u00f3nimo de Hyper Text Mark-Up Language), un lenguaje utilizado para describir documentos de hipertexto disponibles en la web, no cumple con los est\u00e1ndares del World Wide Web Consortium.<br \/>Con Microsoft Word, se puede formatear el texto usando la barra de herramientas superior. Adem\u00e1s, cuenta con funciones que permiten crear documentos visualmente atractivos sin necesidad de ser un dise\u00f1ador gr\u00e1fico experimentado. El programa tambi\u00e9n incluye funciones b\u00e1sicas de dibujo, con las que se pueden crear formas sencillas en 2D y 3D. Tambi\u00e9n incluye la funci\u00f3n WordArt, que permite crear t\u00edtulos a color con efectos 3D personalizables. Tambi\u00e9n se pueden insertar im\u00e1genes, dibujos, fotograf\u00edas y gr\u00e1ficos en el documento.<br \/>\u00bfCu\u00e1l es la diferencia entre MS Microsoft Word y Office Pro Plus 2021?<br \/>La diferencia entre Microsoft Word y Office Pro Plus 2021 radica en que Microsoft Word es un \u00fanico programa para crear y editar documentos de texto, mientras que Office Pro Plus 2021 es un conjunto completo de aplicaciones de productividad. Office Pro Plus 2021 incluye Word, Excel, PowerPoint, Outlook, Access, Publisher y otras herramientas, que cubren todas las principales necesidades de productividad empresarial.<br \/>\u00bfQu\u00e9 versi\u00f3n de Word elegir: 2016, 2019 o 2021?<br \/>La elecci\u00f3n entre Word 2016, 2019 y 2021 depende de sus necesidades espec\u00edficas y del contexto en el que utilizar\u00e1 el software:<p>Word 2016: Esta versi\u00f3n es ideal si busca una soluci\u00f3n estable y probada con todas las funciones b\u00e1sicas necesarias para crear y editar documentos. Es adecuada para usuarios que no necesitan las \u00faltimas innovaciones ni actualizaciones.<br \/>Word 2019: Ofrece mejoras respecto a Word 2016, incluyendo herramientas de edici\u00f3n avanzadas y nuevas funciones como entrada de l\u00e1piz mejorada, efectos visuales y compatibilidad con modelos 3D. Es una buena opci\u00f3n para quienes desean funciones m\u00e1s modernas sin actualizar a la \u00faltima versi\u00f3n.<br \/>Word 2021: Esta es la \u00faltima versi\u00f3n, con las \u00faltimas funciones y mejoras en rendimiento, seguridad y usabilidad. Incluye nuevas funciones como la integraci\u00f3n con Microsoft Teams, mejoras en la colaboraci\u00f3n en tiempo real y compatibilidad con contenido multimedia avanzado. Es la mejor opci\u00f3n para quienes buscan las \u00faltimas funciones y una mejor experiencia colaborativa.<p>En resumen, si necesita las \u00faltimas funciones y mejoras, elija Word 2021. Si busca un equilibrio entre nuevas funciones y estabilidad, Word 2019 es una buena opci\u00f3n. Si busca una soluci\u00f3n fiable y probada, Word 2016 puede ser suficiente.<br \/>Microsoft Word \u2013 descarga e instalaci\u00f3n<br \/>Tras la compra, le proporcionaremos la clave de producto necesaria para descargar Microsoft Word. Tambi\u00e9n recibir\u00e1 gu\u00edas detalladas sobre c\u00f3mo descargar e instalar Microsoft Word en su dispositivo. Si tiene alguna pregunta sobre la descarga de Microsoft Word, puede contactar con nuestro soporte t\u00e9cnico, disponible por chat en vivo, correo electr\u00f3nico o WhatsApp.<br \/>\u00bfPor qu\u00e9 elegir EliteSoftKeys para comprar licencias de software?<br \/>EliteSoftKeys es su distribuidor de confianza de licencias de software originales a precios competitivos, certificados por Microsoft y Adobe. Ofrecemos \u00fanicamente software aut\u00e9ntico de marcas l\u00edderes, garantizando calidad y autenticidad. Disfrute de descuentos de hasta 70% sobre el precio de venta al p\u00fablico gracias a la reventa legal de licencias de segunda mano. Nuestro servicio de atenci\u00f3n al cliente multiling\u00fce, disponible los 7 d\u00edas de la semana, tiene una calificaci\u00f3n promedio de 4.9\/5 en Trustpilot, Trusted Shop y Google Review. Tambi\u00e9n ofrecemos una amplia gama de m\u00e9todos de pago seguros, como Google Pay y tarjetas de cr\u00e9dito, para una compra f\u00e1cil y segura.<br \/>Preguntas frecuentes sobre el software Microsoft Word<br \/>\u00bfQu\u00e9 puedo hacer si no puedo activar mi licencia?<br \/>No hay problema, \u00a1siempre estamos disponibles para ayudarte! Si no puedes activar tu clave de Microsoft Word por cualquier motivo, contacta con nuestro soporte t\u00e9cnico gratuito aqu\u00ed y proporciona detalles y capturas de pantalla del problema. Lo resolveremos de inmediato.<br \/>\u00bfC\u00f3mo puede la licencia de Microsoft Word conseguir un precio tan bajo?<br \/>Ofrecemos licencias de venta minorista usadas que fueron descontinuadas por el anterior propietario de conformidad con la sentencia CE C-128\/2011. Por eso, puede adquirir la clave de producto de Microsoft Word en nuestra web a un precio m\u00e1s bajo.<br \/>\u00bfC\u00f3mo s\u00e9 si mi computadora tiene los requisitos del sistema para Microsoft Word?<br \/>Antes de comprar su licencia de Microsoft Word, puede consultar la secci\u00f3n &#039;Requisitos&#039; de esta p\u00e1gina para comprobar las especificaciones t\u00e9cnicas o visitar el sitio del fabricante.\t\t\t\t\t\t\t\t<\/div>\n\t\t\t\t<\/div>\n\t\t\t\t\t<\/div>\n\t\t\t\t<\/div>\n\t\t\t\t<\/div>","protected":false},"excerpt":{"rendered":"<table style=\"border-collapse: collapse; width: 100%;\">\n<tbody>\n<tr>\n<th>Propiedad<\/th>\n<th>Valor<\/th>\n<\/tr>\n<tr>\n<td>Procesador<\/td>\n<td>Procesador de 2 n\u00facleos a 1,6 GHz<\/td>\n<\/tr>\n<tr>\n<td>Disco duro<\/td>\n<td>4 GB de espacio disponible en disco<\/td>\n<\/tr>\n<tr>\n<td>RAM<\/td>\n<td>4 GB (64 bits), 2 GB (32 bits) de RAM<\/td>\n<\/tr>\n<tr>\n<td>Sistema operativo<\/td>\n<td>Windows 7 o m\u00e1s reciente<\/td>\n<\/tr>\n<tr>\n<td>Otros requisitos<\/td>\n<td>acceso a Internet<\/td>\n<\/tr>\n<\/tbody>\n<\/table>","protected":false},"featured_media":2836,"template":"","meta":{"inline_featured_image":false},"product_brand":[],"product_cat":[106],"product_tag":[],"class_list":{"0":"post-2498","1":"product","2":"type-product","3":"status-publish","4":"has-post-thumbnail","6":"product_cat-microsoft-office-software","8":"first","9":"instock","10":"sale","11":"virtual","12":"taxable","13":"purchasable","14":"product-type-simple"},"_links":{"self":[{"href":"https:\/\/elitesoftkeys.com\/es\/wp-json\/wp\/v2\/product\/2498","targetHints":{"allow":["GET"]}}],"collection":[{"href":"https:\/\/elitesoftkeys.com\/es\/wp-json\/wp\/v2\/product"}],"about":[{"href":"https:\/\/elitesoftkeys.com\/es\/wp-json\/wp\/v2\/types\/product"}],"version-history":[{"count":0,"href":"https:\/\/elitesoftkeys.com\/es\/wp-json\/wp\/v2\/product\/2498\/revisions"}],"wp:featuredmedia":[{"embeddable":true,"href":"https:\/\/elitesoftkeys.com\/es\/wp-json\/wp\/v2\/media\/2836"}],"wp:attachment":[{"href":"https:\/\/elitesoftkeys.com\/es\/wp-json\/wp\/v2\/media?parent=2498"}],"wp:term":[{"taxonomy":"product_brand","embeddable":true,"href":"https:\/\/elitesoftkeys.com\/es\/wp-json\/wp\/v2\/product_brand?post=2498"},{"taxonomy":"product_cat","embeddable":true,"href":"https:\/\/elitesoftkeys.com\/es\/wp-json\/wp\/v2\/product_cat?post=2498"},{"taxonomy":"product_tag","embeddable":true,"href":"https:\/\/elitesoftkeys.com\/es\/wp-json\/wp\/v2\/product_tag?post=2498"}],"curies":[{"name":"gracias","href":"https:\/\/api.w.org\/{rel}","templated":true}]}}