{"id":2497,"date":"2024-12-21T13:55:32","date_gmt":"2024-12-21T13:55:32","guid":{"rendered":"http:\/\/elitesoftkeys.com\/?product=microsoft-365-family"},"modified":"2025-11-29T14:22:16","modified_gmt":"2025-11-29T14:22:16","slug":"microsoft-365-family","status":"publish","type":"product","link":"https:\/\/elitesoftkeys.com\/es\/producto\/microsoft-365-family\/","title":{"rendered":"Microsoft 365 Familia"},"content":{"rendered":"<p>IMPORTANTE: Microsoft 365 es un servicio de suscripci\u00f3n, lo que significa que debe pagar para renovarlo cada a\u00f1o. Si desea una compra \u00fanica, consulte Office Professional Plus 2021 para Windows aqu\u00ed o Office Hogar y Empresas 2021 para Mac.<\/p>\n<p>Microsoft 365 Familia es un servicio de suscripci\u00f3n de Microsoft que proporciona acceso a un conjunto de aplicaciones de productividad populares, como Word, Excel, PowerPoint, Outlook, OneNote, Publisher y Access. Tambi\u00e9n incluye 1 TB de almacenamiento en la nube de OneDrive por usuario y acceso a Microsoft Teams para comunicaci\u00f3n y colaboraci\u00f3n. La suscripci\u00f3n est\u00e1 dise\u00f1ada para un m\u00e1ximo de seis personas en un hogar y se puede instalar en hasta cinco dispositivos por usuario. Microsoft 365 Familia est\u00e1 dise\u00f1ado para ayudar a las familias a ser m\u00e1s productivas y mantenerse conectadas, tanto si trabajan desde casa como si est\u00e1n fuera de ella.<\/p>\n<p>\u00bfCu\u00e1l es la diferencia entre Microsoft Office 2019\/2021 y Microsoft 365?<\/p>\n<p>Office 2019\/2021 es una compra \u00fanica, lo que significa que pagas un \u00fanico pago inicial para obtener las aplicaciones de Microsoft para un equipo. Una de las ventajas de elegir Office 2019\/2021 es que estas licencias no caducan. Tienes derecho perpetuo a usar esta licencia; esto no ocurre con Microsoft 365\/Office 365. Solo tendr\u00e1s que pagar si quieres actualizar a la siguiente versi\u00f3n principal; de lo contrario, puedes usarla todo el tiempo que quieras. Microsoft 365 es una suscripci\u00f3n que incluye aplicaciones como Word, Excel, PowerPoint, OneNote, Outlook, Publisher y Access (Publisher y Access solo est\u00e1n disponibles para PC), adem\u00e1s de servicios como 1 TB de almacenamiento en OneDrive y 60 minutos de Skype al mes. Para tener acceso a tus datos y a las aplicaciones de Microsoft, debes renovar la suscripci\u00f3n anualmente.<\/p>","protected":false},"excerpt":{"rendered":"<table style=\"border-collapse: collapse; width: 100%;\">\n<tbody>\n<tr>\n<th>Propiedad<\/th>\n<th>Valor<\/th>\n<\/tr>\n<tr>\n<td>Plataforma<\/td>\n<td>Windows, macOS, iOS, Android<\/td>\n<\/tr>\n<tr>\n<td>Procesador<\/td>\n<td>Windows: 1,6 GHz o m\u00e1s r\u00e1pido, 2 n\u00facleos. Se recomienda 2 GHz o m\u00e1s para Microsoft Teams\/Mac con procesador Intel<\/td>\n<\/tr>\n<tr>\n<td>Disco duro<\/td>\n<td>Windows: 4 GB de espacio disponible en disco \/ Mac: 10 GB de espacio disponible en disco; formato de disco duro HFS+ (tambi\u00e9n conocido como macOS Extended) \/ iOS: N\/D \/ Android: 1 GB<\/td>\n<\/tr>\n<tr>\n<td>RAM<\/td>\n<td>Mac: 4 GB de RAM\/Windows: 4 GB de RAM; 2 GB de RAM (32 bits)<\/td>\n<\/tr>\n<tr>\n<td>Usuarios apoyados<\/td>\n<td>6 usuarios para un total de 30 dispositivos (5 por usuario)<\/td>\n<\/tr>\n<tr>\n<td>Otros requisitos<\/td>\n<td>Conexi\u00f3n a Internet para uso de servicios en la nube o uso web de Office 365.<\/td>\n<\/tr>\n<\/tbody>\n<\/table>","protected":false},"featured_media":2758,"template":"","meta":{"inline_featured_image":false},"product_brand":[],"product_cat":[106],"product_tag":[],"class_list":{"0":"post-2497","1":"product","2":"type-product","3":"status-publish","4":"has-post-thumbnail","6":"product_cat-microsoft-office-software","8":"first","9":"instock","10":"sale","11":"virtual","12":"taxable","13":"purchasable","14":"product-type-simple"},"_links":{"self":[{"href":"https:\/\/elitesoftkeys.com\/es\/wp-json\/wp\/v2\/product\/2497","targetHints":{"allow":["GET"]}}],"collection":[{"href":"https:\/\/elitesoftkeys.com\/es\/wp-json\/wp\/v2\/product"}],"about":[{"href":"https:\/\/elitesoftkeys.com\/es\/wp-json\/wp\/v2\/types\/product"}],"version-history":[{"count":0,"href":"https:\/\/elitesoftkeys.com\/es\/wp-json\/wp\/v2\/product\/2497\/revisions"}],"wp:featuredmedia":[{"embeddable":true,"href":"https:\/\/elitesoftkeys.com\/es\/wp-json\/wp\/v2\/media\/2758"}],"wp:attachment":[{"href":"https:\/\/elitesoftkeys.com\/es\/wp-json\/wp\/v2\/media?parent=2497"}],"wp:term":[{"taxonomy":"product_brand","embeddable":true,"href":"https:\/\/elitesoftkeys.com\/es\/wp-json\/wp\/v2\/product_brand?post=2497"},{"taxonomy":"product_cat","embeddable":true,"href":"https:\/\/elitesoftkeys.com\/es\/wp-json\/wp\/v2\/product_cat?post=2497"},{"taxonomy":"product_tag","embeddable":true,"href":"https:\/\/elitesoftkeys.com\/es\/wp-json\/wp\/v2\/product_tag?post=2497"}],"curies":[{"name":"gracias","href":"https:\/\/api.w.org\/{rel}","templated":true}]}}