{"id":2494,"date":"2024-12-21T13:55:31","date_gmt":"2024-12-21T13:55:31","guid":{"rendered":"http:\/\/elitesoftkeys.com\/?product=microsoft-office-2016-home-business-mac"},"modified":"2025-07-06T14:06:45","modified_gmt":"2025-07-06T14:06:45","slug":"microsoft-office-2016-home-business-mac","status":"publish","type":"product","link":"https:\/\/elitesoftkeys.com\/es\/producto\/microsoft-office-2016-home-business-mac\/","title":{"rendered":"Microsoft Office 2016 Hogar y Empresas Mac"},"content":{"rendered":"<p>Compra \u00fanica para 1 Mac<\/p>\n<p>N\u00famero de instalaciones: 1<\/p>\n<p>Compatible con macOS<\/p>\n<p>Incluye versiones cl\u00e1sicas de 2016 de Word, Excel, PowerPoint, Outlook, OneNote<\/p>\n<p>IMPORTANTE: Esta versi\u00f3n de Office Hogar y Empresas 2016 no es para Windows. Haga clic aqu\u00ed para obtener Office Professional Plus 2016 para la versi\u00f3n de Windows de Office. Office Hogar y Empresas 2016 es una versi\u00f3n de la suite de productividad de Microsoft que incluye aplicaciones esenciales para uso personal y empresarial. Esta versi\u00f3n est\u00e1 dise\u00f1ada para usarse en un solo dispositivo y est\u00e1 disponible como compra \u00fanica, a diferencia de un modelo de suscripci\u00f3n como Microsoft 365. Office Hogar y Empresas 2016 incluye aplicaciones como Word, Excel, PowerPoint, Outlook y OneNote, que se usan com\u00fanmente tanto en entornos personales como empresariales. Esta versi\u00f3n es ideal para peque\u00f1as empresas o usuarios dom\u00e9sticos que necesitan crear documentos profesionales, administrar el correo electr\u00f3nico y los calendarios, y organizar su trabajo. \u00bfCu\u00e1l es la diferencia entre Office Hogar y Empresas 2016 y Microsoft 365? Office 2019 es una compra \u00fanica, lo que significa que paga un \u00fanico pago inicial para obtener las aplicaciones de Microsoft para un equipo. Una de las ventajas de elegir Office 2016 es que esta licencia no caduca. El derecho a usar esta licencia es perpetuo, a diferencia de Microsoft 365\/Office 365. Solo tendr\u00e1 que pagar si desea actualizar a la siguiente versi\u00f3n principal; de lo contrario, podr\u00e1 usarla todo el tiempo que desee. Microsoft 365 es una suscripci\u00f3n que incluye aplicaciones como Word, Excel, PowerPoint, OneNote, Outlook, Publisher y Access (Publisher y Access solo est\u00e1n disponibles para PC), adem\u00e1s de servicios como 1 TB de almacenamiento en OneDrive y 60 minutos de Skype al mes. Para tener acceso a los datos y aplicaciones de Microsoft, es necesario renovar la suscripci\u00f3n anualmente.<\/p>","protected":false},"excerpt":{"rendered":"<table style='border-collapse: collapse; width: 100%;'>\n<tr>\n<th>Propiedad<\/th>\n<th>Valor<\/th>\n<\/tr>\n<tr>\n<td>Plataforma<\/td>\n<td>Macos<\/td>\n<\/tr>\n<tr>\n<td>RAM<\/td>\n<td>4 GB de RAM para Mac<\/td>\n<\/tr>\n<tr>\n<td>Usuarios apoyados<\/td>\n<td>1 usuario, 1 dispositivo<\/td>\n<\/tr>\n<tr>\n<td>Sistema operativo<\/td>\n<td>macOS (solicitud m\u00ednima Catalina 10.15.7)<\/td>\n<\/tr>\n<tr>\n<td>Otros requisitos<\/td>\n<td>Red de Internet para instalar y configurar el producto<\/td>\n<\/tr>\n<\/table>","protected":false},"featured_media":2763,"template":"","meta":{"inline_featured_image":false},"product_brand":[],"product_cat":[106],"product_tag":[],"class_list":{"0":"post-2494","1":"product","2":"type-product","3":"status-publish","4":"has-post-thumbnail","6":"product_cat-microsoft-office-software","8":"first","9":"instock","10":"sale","11":"virtual","12":"taxable","13":"purchasable","14":"product-type-simple"},"_links":{"self":[{"href":"https:\/\/elitesoftkeys.com\/es\/wp-json\/wp\/v2\/product\/2494","targetHints":{"allow":["GET"]}}],"collection":[{"href":"https:\/\/elitesoftkeys.com\/es\/wp-json\/wp\/v2\/product"}],"about":[{"href":"https:\/\/elitesoftkeys.com\/es\/wp-json\/wp\/v2\/types\/product"}],"version-history":[{"count":0,"href":"https:\/\/elitesoftkeys.com\/es\/wp-json\/wp\/v2\/product\/2494\/revisions"}],"wp:featuredmedia":[{"embeddable":true,"href":"https:\/\/elitesoftkeys.com\/es\/wp-json\/wp\/v2\/media\/2763"}],"wp:attachment":[{"href":"https:\/\/elitesoftkeys.com\/es\/wp-json\/wp\/v2\/media?parent=2494"}],"wp:term":[{"taxonomy":"product_brand","embeddable":true,"href":"https:\/\/elitesoftkeys.com\/es\/wp-json\/wp\/v2\/product_brand?post=2494"},{"taxonomy":"product_cat","embeddable":true,"href":"https:\/\/elitesoftkeys.com\/es\/wp-json\/wp\/v2\/product_cat?post=2494"},{"taxonomy":"product_tag","embeddable":true,"href":"https:\/\/elitesoftkeys.com\/es\/wp-json\/wp\/v2\/product_tag?post=2494"}],"curies":[{"name":"gracias","href":"https:\/\/api.w.org\/{rel}","templated":true}]}}