{"id":2493,"date":"2024-12-21T13:55:31","date_gmt":"2024-12-21T13:55:31","guid":{"rendered":"http:\/\/elitesoftkeys.com\/?product=office-professional-plus-2021-free-antivirus"},"modified":"2025-07-06T14:06:43","modified_gmt":"2025-07-06T14:06:43","slug":"office-professional-plus-2021-free-antivirus","status":"publish","type":"product","link":"https:\/\/elitesoftkeys.com\/es\/producto\/office-professional-plus-2021-free-antivirus\/","title":{"rendered":"Office Professional Plus 2021 + Antivirus gratuito"},"content":{"rendered":"<p>Qu\u00e9 incluye el paquete Office 2021 Professional Plus + McAfee Total Protection 2023<\/p>\n<p>Protege y mejora tu PC con nuestro paquete exclusivo que incluye Office 2021 Professional Plus y McAfee Total Protection 2023. Este paquete es ideal para quienes desean combinar la productividad que ofrece la suite Office con la seguridad de uno de los mejores software antivirus disponibles en el mercado.<\/p>\n<p>Office 2021 Professional Plus: Su soluci\u00f3n completa de productividad<\/p>\n<p>Office 2021 Professional Plus es la suite de aplicaciones esencial para profesionales y empresas que necesitan herramientas avanzadas para administrar documentos, hojas de c\u00e1lculo, presentaciones y m\u00e1s. Con aplicaciones como Word, Excel, PowerPoint, Outlook, Access y Publisher, tendr\u00e1 todo lo necesario para gestionar su trabajo eficientemente.<\/p>\n<p>Beneficios de Office 2021 Professional Plus<\/p>\n<p>Aplicaciones integrales: acceda a las \u00faltimas versiones de todas las aplicaciones de Office.<\/p>\n<p>Amplia compatibilidad: Office Professional Plus 2021 es compatible con Windows 10 y Windows 11, lo que garantiza una experiencia fluida y sin inconvenientes.<\/p>\n<p>Actualizaciones peri\u00f3dicas: reciba las \u00faltimas actualizaciones para mantener su software actualizado.<\/p>\n<p>Solucionador de problemas de Office Professional Plus 2021<\/p>\n<p>\u00bfNecesita ayuda? Nuestro paquete incluye soporte para la resoluci\u00f3n de problemas de Office Professional Plus 2021, lo que le garantiza asistencia oportuna si tiene dificultades para instalar o usar sus aplicaciones.<\/p>\n<p>McAfee Total Protection 2023: Tu seguridad en l\u00ednea<\/p>\n<p>McAfee Total Protection 2023 es un antivirus l\u00edder en la industria, dise\u00f1ado para proteger su PC contra virus, malware, ransomware y otras amenazas en l\u00ednea. Esta soluci\u00f3n integral garantiza la seguridad de sus datos personales e informaci\u00f3n confidencial, tanto en casa como en la oficina.<\/p>\n<p>Caracter\u00edsticas de McAfee Total Protection 2023<\/p>\n<p>Protecci\u00f3n avanzada: protege tu dispositivo contra todo el malware principal.<\/p>\n<p>Gesti\u00f3n de contrase\u00f1as: almacene y administre sus contrase\u00f1as de forma segura y sencilla.<\/p>\n<p>Control parental: mantenga a su familia segura con las herramientas de control parental incluidas.<\/p>\n<p>IMPORTANTE: para obtener m\u00e1s informaci\u00f3n y conocer las diferentes configuraciones de productos, la cantidad de dispositivos y la duraci\u00f3n de la licencia, haga clic aqu\u00ed para acceder a la p\u00e1gina de Mcafee Total Protection 2023<\/p>\n<p>Compatibilidad con Office Professional Plus 2021 y seguridad total con Mcafee<\/p>\n<p>Combinar Office 2021 Professional Plus con McAfee Total Protection 2023 significa que no solo tendr\u00e1 acceso a potentes herramientas de productividad, sino que tambi\u00e9n se asegurar\u00e1 de que su PC est\u00e9 protegida contra las principales amenazas en l\u00ednea.<\/p>\n<p>Beneficios de comprar el paquete<\/p>\n<p>Productividad y seguridad: combine las funciones avanzadas de Office 2021 con McAfee Total Protection.<\/p>\n<p>Facilidad de instalaci\u00f3n: Reciba instrucciones detalladas para instalar ambos productos de forma r\u00e1pida y sencilla.<\/p>\n<p>Soporte integral: acceda a recursos de soporte para resolver problemas de Office Professional Plus 2021 y para instalar y usar McAfee.<\/p>\n<p>No pierdas la oportunidad de mejorar tu productividad y proteger tu dispositivo con nuestro paquete Office 2021 Professional Plus y McAfee Total Protection 2023. C\u00f3mpralo ahora y descubre todos los beneficios de tener estas dos herramientas esenciales a tu disposici\u00f3n.<\/p>","protected":false},"excerpt":{"rendered":"<table style='border-collapse: collapse; width: 100%;'>\n<tr>\n<th>Propiedad<\/th>\n<th>Valor<\/th>\n<\/tr>\n<tr>\n<td>Procesador<\/td>\n<td>Procesador de 2 n\u00facleos a 1,6 GHz<\/td>\n<\/tr>\n<tr>\n<td>Disco duro<\/td>\n<td>4 GB de espacio disponible en disco<\/td>\n<\/tr>\n<tr>\n<td>RAM<\/td>\n<td>4 GB (64 bits), 2 GB (32 bits) de RAM<\/td>\n<\/tr>\n<tr>\n<td>Sistema operativo<\/td>\n<td>Windows 10 o m\u00e1s reciente<\/td>\n<\/tr>\n<tr>\n<td>Otros requisitos<\/td>\n<td>acceso a Internet<\/td>\n<\/tr>\n<\/table>","protected":false},"featured_media":2845,"template":"","meta":{"inline_featured_image":false},"product_brand":[],"product_cat":[106],"product_tag":[],"class_list":{"0":"post-2493","1":"product","2":"type-product","3":"status-publish","4":"has-post-thumbnail","6":"product_cat-microsoft-office-software","8":"first","9":"instock","10":"sale","11":"virtual","12":"taxable","13":"purchasable","14":"product-type-simple"},"_links":{"self":[{"href":"https:\/\/elitesoftkeys.com\/es\/wp-json\/wp\/v2\/product\/2493","targetHints":{"allow":["GET"]}}],"collection":[{"href":"https:\/\/elitesoftkeys.com\/es\/wp-json\/wp\/v2\/product"}],"about":[{"href":"https:\/\/elitesoftkeys.com\/es\/wp-json\/wp\/v2\/types\/product"}],"version-history":[{"count":0,"href":"https:\/\/elitesoftkeys.com\/es\/wp-json\/wp\/v2\/product\/2493\/revisions"}],"wp:featuredmedia":[{"embeddable":true,"href":"https:\/\/elitesoftkeys.com\/es\/wp-json\/wp\/v2\/media\/2845"}],"wp:attachment":[{"href":"https:\/\/elitesoftkeys.com\/es\/wp-json\/wp\/v2\/media?parent=2493"}],"wp:term":[{"taxonomy":"product_brand","embeddable":true,"href":"https:\/\/elitesoftkeys.com\/es\/wp-json\/wp\/v2\/product_brand?post=2493"},{"taxonomy":"product_cat","embeddable":true,"href":"https:\/\/elitesoftkeys.com\/es\/wp-json\/wp\/v2\/product_cat?post=2493"},{"taxonomy":"product_tag","embeddable":true,"href":"https:\/\/elitesoftkeys.com\/es\/wp-json\/wp\/v2\/product_tag?post=2493"}],"curies":[{"name":"gracias","href":"https:\/\/api.w.org\/{rel}","templated":true}]}}