{"id":2492,"date":"2024-12-21T13:55:31","date_gmt":"2024-12-21T13:55:31","guid":{"rendered":"http:\/\/elitesoftkeys.com\/?product=microsoft-project-pro-2021"},"modified":"2025-07-06T14:06:43","modified_gmt":"2025-07-06T14:06:43","slug":"microsoft-project-pro-2021","status":"publish","type":"product","link":"https:\/\/elitesoftkeys.com\/es\/producto\/microsoft-project-pro-2021\/","title":{"rendered":"Microsoft Project Pro 2021"},"content":{"rendered":"<p>Compra \u00fanica para 1 PC<\/p>\n<p>N\u00famero de instalaciones: 1<\/p>\n<p>Compatible con Windows 11 y Windows 10<\/p>\n<p>Sincronizar con Project Online y Project Serve<\/p>\n<p>Admite el canal de servicio a largo plazo (LTSC) y es compatible con Office LTSC y Office 2021<\/p>\n<p>Project Professional 2021 es un software de gesti\u00f3n de proyectos que permite a los usuarios planificar, realizar el seguimiento y administrar proyectos y recursos en una plataforma centralizada.<\/p>\n<p>Beneficios clave de Project Professional 2021:<\/p>\n<p>Las plantillas predise\u00f1adas ayudan a iniciar el proyecto f\u00e1cilmente<\/p>\n<p>Las hojas de horas permiten registrar el tiempo dedicado al trabajo dentro y fuera del proyecto para diversas funciones como n\u00f3mina, facturaci\u00f3n, etc.<\/p>\n<p>El seguimiento del progreso permite a los participantes clave realizar un seguimiento del progreso del proyecto en comparaci\u00f3n con el plan de referencia.<\/p>\n<p>Los gr\u00e1ficos como Gantt permiten crear cronogramas complejos y visualizar la relaci\u00f3n entre tareas.<\/p>\n<p>La colaboraci\u00f3n se mejora gracias a la capacidad de encontrar miembros del proyecto en el plan del proyecto y contactarlos.<\/p>\n<p>Informes como Burndown y Resource Overview brindan a las partes interesadas informaci\u00f3n sobre la eficacia del proyecto.<\/p>\n<p>\u00bfCu\u00e1l es la diferencia entre Project Professional 2021 y Project Professional 2019?<\/p>\n<p>El Proyecto Est\u00e1ndar 2021 incluye las siguientes caracter\u00edsticas:<\/p>\n<p>Aplicaci\u00f3n de escritorio de Project completamente instalada y actualizada<\/p>\n<p>Una licencia cubre una PC por persona. Gestione los cronogramas y costos del proyecto.<\/p>\n<p>Gestionar tareas, informes e inteligencia empresarial.<\/p>\n<p>Project Professional 2021 incluye:<\/p>\n<p>Todas las caracter\u00edsticas de Project Standard 2019, m\u00e1s<\/p>\n<p>Administrar recursos<\/p>\n<p>Sincronizar con Project Online y Project Server<\/p>\n<p>Env\u00ede hojas de horas para registrar el tiempo empleado en proyectos y fuera de ellos para n\u00f3minas, facturaci\u00f3n y otros fines comerciales.<\/p>\n<p>\u00bfCu\u00e1l es la diferencia entre Project Professional 2021 y Project Professional 2019?<\/p>\n<p>Microsoft Project 2021 ofrece todo lo que la versi\u00f3n 2019 tiene para ofrecer, incluidos los siguientes beneficios:<\/p>\n<p>Interfaz de usuario: una interfaz de usuario actualizada con un aspecto moderno, que la hace m\u00e1s intuitiva y f\u00e1cil de usar.<\/p>\n<p>Caracter\u00edsticas: Varias funciones nuevas, como la posibilidad de crear y gestionar m\u00faltiples cronogramas, informes mejorados y mejores herramientas de colaboraci\u00f3n. Tambi\u00e9n incluye funciones como el resaltado de rutas de tareas y una nueva vista del tablero de tareas.<\/p>\n<p>Compatibilidad: dise\u00f1ado para funcionar con versiones m\u00e1s nuevas de productos de Microsoft, como Microsoft Teams y SharePoint<\/p>","protected":false},"excerpt":{"rendered":"<table style='border-collapse: collapse; width: 100%;'>\n<tr>\n<th>Propiedad<\/th>\n<th>Valor<\/th>\n<\/tr>\n<tr>\n<td>Plataforma<\/td>\n<td>Ventanas<\/td>\n<\/tr>\n<tr>\n<td>Procesador<\/td>\n<td>Procesador de 2 n\u00facleos a 1,6 GHz<\/td>\n<\/tr>\n<tr>\n<td>Disco duro<\/td>\n<td>4 GB de espacio disponible en disco<\/td>\n<\/tr>\n<tr>\n<td>RAM<\/td>\n<td>4 GB (64 bits), 2 GB (32 bits) de RAM<\/td>\n<\/tr>\n<tr>\n<td>Sistema operativo<\/td>\n<td>Windows 11, Windows 10, Windows Server 2019<\/td>\n<\/tr>\n<tr>\n<td>Otros requisitos<\/td>\n<td>Conexi\u00f3n a Internet para instalar y configurar el software<\/td>\n<\/tr>\n<\/table>","protected":false},"featured_media":2843,"template":"","meta":{"inline_featured_image":false},"product_brand":[],"product_cat":[106],"product_tag":[],"class_list":{"0":"post-2492","1":"product","2":"type-product","3":"status-publish","4":"has-post-thumbnail","6":"product_cat-microsoft-office-software","8":"first","9":"instock","10":"sale","11":"virtual","12":"taxable","13":"purchasable","14":"product-type-simple"},"_links":{"self":[{"href":"https:\/\/elitesoftkeys.com\/es\/wp-json\/wp\/v2\/product\/2492","targetHints":{"allow":["GET"]}}],"collection":[{"href":"https:\/\/elitesoftkeys.com\/es\/wp-json\/wp\/v2\/product"}],"about":[{"href":"https:\/\/elitesoftkeys.com\/es\/wp-json\/wp\/v2\/types\/product"}],"version-history":[{"count":0,"href":"https:\/\/elitesoftkeys.com\/es\/wp-json\/wp\/v2\/product\/2492\/revisions"}],"wp:featuredmedia":[{"embeddable":true,"href":"https:\/\/elitesoftkeys.com\/es\/wp-json\/wp\/v2\/media\/2843"}],"wp:attachment":[{"href":"https:\/\/elitesoftkeys.com\/es\/wp-json\/wp\/v2\/media?parent=2492"}],"wp:term":[{"taxonomy":"product_brand","embeddable":true,"href":"https:\/\/elitesoftkeys.com\/es\/wp-json\/wp\/v2\/product_brand?post=2492"},{"taxonomy":"product_cat","embeddable":true,"href":"https:\/\/elitesoftkeys.com\/es\/wp-json\/wp\/v2\/product_cat?post=2492"},{"taxonomy":"product_tag","embeddable":true,"href":"https:\/\/elitesoftkeys.com\/es\/wp-json\/wp\/v2\/product_tag?post=2492"}],"curies":[{"name":"gracias","href":"https:\/\/api.w.org\/{rel}","templated":true}]}}