{"id":2490,"date":"2024-12-21T13:55:30","date_gmt":"2024-12-21T13:55:30","guid":{"rendered":"http:\/\/elitesoftkeys.com\/?product=office-professional-plus-2016-lifetime-license"},"modified":"2025-07-06T14:06:43","modified_gmt":"2025-07-06T14:06:43","slug":"office-professional-plus-2016-lifetime-license","status":"publish","type":"product","link":"https:\/\/elitesoftkeys.com\/es\/producto\/office-professional-plus-2016-lifetime-license\/","title":{"rendered":"Office Professional Plus 2016 \u2013 Licencia de por vida"},"content":{"rendered":"<p>IMPORTANTE: Esta versi\u00f3n de Office Professional Plus 2016 no es para Mac. Haga clic aqu\u00ed para Office Hogar y Empresas 2016 para la versi\u00f3n Mac de Office.<\/p>\n<p>Las caracter\u00edsticas de Microsoft Office Professional Plus 2016<\/p>\n<p>La edici\u00f3n Professional Plus 2016 incluye todas las aplicaciones cl\u00e1sicas de Microsoft, como Word, Excel, PowerPoint, Outlook, OneNote, Publisher, Access y Skype Empresarial. Dise\u00f1ada para usarse exclusivamente en Windows 10 o versiones posteriores, esta edici\u00f3n est\u00e1 disponible mediante una sola compra, a diferencia de los modelos de suscripci\u00f3n como Microsoft 365. En la pr\u00e1ctica, la licencia de Office Professional Plus 2016 no caduca y permanece v\u00e1lida mientras satisfaga sus necesidades.<\/p>\n<p>\u00bfCu\u00e1l es la diferencia entre Office 2016 Plus Pro y Microsoft 365?<\/p>\n<p>Office 2016 es una compra \u00fanica, lo que significa que pagas un \u00fanico pago inicial para obtener las aplicaciones de Microsoft para un equipo. Una de las ventajas de elegir Office 2016 es que estas licencias no caducan. El derecho a usar esta licencia es perpetuo, a diferencia de Microsoft 365\/Office 365. Solo tendr\u00e1s que pagar si quieres actualizar a la siguiente versi\u00f3n principal; de lo contrario, puedes usarla todo el tiempo que quieras. Microsoft 365 es una suscripci\u00f3n que incluye aplicaciones como Word, Excel, PowerPoint, OneNote, Outlook, Publisher y Access (Publisher y Access solo est\u00e1n disponibles para PC), adem\u00e1s de servicios como 1 TB de espacio de almacenamiento en OneDrive y 60 minutos de Skype al mes. Para acceder a los datos y aplicaciones de Microsoft, debes renovar tu suscripci\u00f3n anualmente.<\/p>\n<p>Descarga e instalaci\u00f3n de Microsoft Office Professional Plus 2016<\/p>\n<p>Tras la compra, recibir\u00e1 su clave de producto de Office 2016 por correo electr\u00f3nico, junto con gu\u00edas sencillas e instrucciones del proceso. Si tiene alguna pregunta, ofrecemos soporte t\u00e9cnico gratuito a trav\u00e9s del chat en vivo, correo electr\u00f3nico o WhatsApp.<\/p>\n<p>\u00bfPor qu\u00e9 elegir EliteSoftKeys para comprar licencias de software?<\/p>\n<p>EliteSoftKeys es su distribuidor de confianza de licencias de software original al mejor precio. Ofrecemos:<\/p>\n<p>S\u00f3lo software aut\u00e9ntico: como distribuidor certificado de Adobe y Microsoft, garantizamos la calidad y autenticidad de cada producto.<\/p>\n<p>Precios imbatibles: Nuestros precios competitivos son posibles gracias a la reventa de licencias \u201cde segunda mano\u201d, una pr\u00e1ctica legalmente permitida por una sentencia del TJUE de 3 de julio de 2012.<\/p>\n<p>Excelente servicio al cliente: Nuestro equipo de atenci\u00f3n al cliente multiling\u00fce, disponible los 7 d\u00edas de la semana, tiene una calificaci\u00f3n promedio de 4.9\/5 basada en rese\u00f1as en plataformas como Trustpilot, Trusted Shops y Google Reviews.<\/p>\n<p>Opciones de pago seguras: elija entre una amplia gama de m\u00e9todos de pago seguros, incluidos Apple Pay, Google Pay y tarjetas de cr\u00e9dito.<\/p>\n<p>Preguntas frecuentes sobre Office 2016 Pro Plus<\/p>\n<p>\u00bfC\u00f3mo s\u00e9 si mi computadora puede ejecutar Office 2016 Professional Plus en Windows?<\/p>\n<p>Puede consultar la secci\u00f3n \u201cRequisitos\u201d de esta p\u00e1gina para comprobar las especificaciones t\u00e9cnicas, o visitar el sitio web del fabricante, p\u00f3ngase en contacto con nosotros si desea obtener toda la informaci\u00f3n que necesita.<\/p>\n<p>\u00bfC\u00f3mo recibo mi licencia despu\u00e9s de comprar Office Professional Plus 2016?<\/p>\n<p>Despu\u00e9s de completar su compra, le enviaremos una clave de activaci\u00f3n de licencia por correo electr\u00f3nico.<\/p>\n<p>\u00bfQu\u00e9 puedo hacer si no puedo activar mi paquete de Office?<\/p>\n<p>No hay problema, \u00a1siempre estamos disponibles para ayudarte! Si no puedes activar tu licencia por cualquier motivo, contacta con nuestro equipo de soporte t\u00e9cnico gratuito (que aparece en el sitio web) e incluye detalles y capturas de pantalla del problema. Lo solucionaremos de inmediato.<\/p>\n<p>\u00bfTengo que pagar una licencia de Office 2016 cada a\u00f1o?<\/p>\n<p>\u00a1Para nada! Las versiones que se venden en www.EliteSoftKeys.com pertenecen a la categor\u00eda &quot;Licencia de por vida de Office&quot;, por lo que, a diferencia de las suscripciones anuales cl\u00e1sicas de Office 365, no pagar\u00e1 cargos adicionales ni futuros por su uso.<\/p>","protected":false},"excerpt":{"rendered":"<table style='border-collapse: collapse; width: 100%;'>\n<tr>\n<th>Propiedad<\/th>\n<th>Valor<\/th>\n<\/tr>\n<tr>\n<td>Procesador<\/td>\n<td>Procesador de 2 n\u00facleos a 1,6 GHz<\/td>\n<\/tr>\n<tr>\n<td>Disco duro<\/td>\n<td>4 GB de espacio disponible en disco<\/td>\n<\/tr>\n<tr>\n<td>RAM<\/td>\n<td>4 GB (64 bits), 2 GB (32 bits) de RAM<\/td>\n<\/tr>\n<tr>\n<td>Sistema operativo<\/td>\n<td>Windows 10 o m\u00e1s reciente<\/td>\n<\/tr>\n<tr>\n<td>Otros requisitos<\/td>\n<td>acceso a Internet<\/td>\n<\/tr>\n<\/table>","protected":false},"featured_media":2852,"template":"","meta":{"inline_featured_image":false},"product_brand":[],"product_cat":[106],"product_tag":[],"class_list":{"0":"post-2490","1":"product","2":"type-product","3":"status-publish","4":"has-post-thumbnail","6":"product_cat-microsoft-office-software","8":"first","9":"instock","10":"sale","11":"virtual","12":"taxable","13":"purchasable","14":"product-type-simple"},"_links":{"self":[{"href":"https:\/\/elitesoftkeys.com\/es\/wp-json\/wp\/v2\/product\/2490","targetHints":{"allow":["GET"]}}],"collection":[{"href":"https:\/\/elitesoftkeys.com\/es\/wp-json\/wp\/v2\/product"}],"about":[{"href":"https:\/\/elitesoftkeys.com\/es\/wp-json\/wp\/v2\/types\/product"}],"version-history":[{"count":0,"href":"https:\/\/elitesoftkeys.com\/es\/wp-json\/wp\/v2\/product\/2490\/revisions"}],"wp:featuredmedia":[{"embeddable":true,"href":"https:\/\/elitesoftkeys.com\/es\/wp-json\/wp\/v2\/media\/2852"}],"wp:attachment":[{"href":"https:\/\/elitesoftkeys.com\/es\/wp-json\/wp\/v2\/media?parent=2490"}],"wp:term":[{"taxonomy":"product_brand","embeddable":true,"href":"https:\/\/elitesoftkeys.com\/es\/wp-json\/wp\/v2\/product_brand?post=2490"},{"taxonomy":"product_cat","embeddable":true,"href":"https:\/\/elitesoftkeys.com\/es\/wp-json\/wp\/v2\/product_cat?post=2490"},{"taxonomy":"product_tag","embeddable":true,"href":"https:\/\/elitesoftkeys.com\/es\/wp-json\/wp\/v2\/product_tag?post=2490"}],"curies":[{"name":"gracias","href":"https:\/\/api.w.org\/{rel}","templated":true}]}}