{"id":2487,"date":"2024-12-21T13:55:30","date_gmt":"2024-12-21T13:55:30","guid":{"rendered":"http:\/\/elitesoftkeys.com\/?product=microsoft-365-personal"},"modified":"2025-07-06T14:06:41","modified_gmt":"2025-07-06T14:06:41","slug":"microsoft-365-personal","status":"publish","type":"product","link":"https:\/\/elitesoftkeys.com\/es\/producto\/microsoft-365-personal\/","title":{"rendered":"Microsoft 365 Personal"},"content":{"rendered":"<p>Para 1 usuario<\/p>\n<p>\u00daselo en hasta 5 dispositivos simult\u00e1neamente<\/p>\n<p>Compatible con PC, Mac, iPhone, iPad y dispositivos Android.<\/p>\n<p>1 TB de almacenamiento en la nube<\/p>\n<p>Microsoft 365 Personal es un servicio de suscripci\u00f3n de Microsoft que proporciona acceso a diversas aplicaciones de productividad, como Word, Excel, PowerPoint, Outlook, OneNote, Publisher y Access. Tambi\u00e9n incluye 1 TB de almacenamiento en la nube de OneDrive y acceso a Microsoft Teams para comunicaci\u00f3n y colaboraci\u00f3n. La suscripci\u00f3n est\u00e1 pensada para un solo usuario y se puede instalar en un m\u00e1ximo de cinco dispositivos. Microsoft 365 Personal est\u00e1 dise\u00f1ado para ayudar a los usuarios a ser m\u00e1s productivos y mantenerse conectados, tanto si trabajan desde casa como si est\u00e1n fuera de ella.<\/p>\n<p>\u00bfCu\u00e1l es la diferencia entre Microsoft Office 2019\/2021 y Microsoft 365?<\/p>\n<p>Costos:<\/p>\n<p>Office Professional Plus 2021 requiere un pago \u00fanico por la licencia perpetua. Sin embargo, esto significa que no recibir\u00e1 futuras actualizaciones ni nuevas funciones sin adquirir una nueva versi\u00f3n.<\/p>\n<p>Microsoft 365, por otro lado, ofrece un modelo de suscripci\u00f3n que permite distribuir el costo a lo largo del tiempo. Aunque parezca un gasto continuo, siempre tendr\u00e1 acceso a las \u00faltimas actualizaciones, funciones y parches de seguridad sin costos adicionales. A largo plazo, esta soluci\u00f3n puede ser m\u00e1s rentable.<\/p>\n<p>Accesibilidad y flexibilidad:<\/p>\n<p>Con Office 2021, la instalaci\u00f3n est\u00e1 limitada a un solo dispositivo. Si desea usar Office en varios dispositivos, deber\u00e1 adquirir licencias adicionales.<\/p>\n<p>Microsoft 365 te permite instalar aplicaciones de Office en varios dispositivos (PC, Mac, tabletas y smartphones), lo que te permite trabajar sin problemas en todos ellos. Esta flexibilidad es incre\u00edblemente pr\u00e1ctica para usuarios con varios dispositivos o que trabajan de forma remota.<\/p>\n<p>Servicios en la nube y colaboraci\u00f3n:<\/p>\n<p>Office 2021 se basa principalmente en el escritorio y carece de funciones de colaboraci\u00f3n e integraci\u00f3n en la nube.<\/p>\n<p>Microsoft 365 incluye servicios en la nube como almacenamiento en OneDrive, correo electr\u00f3nico de Outlook, Teams para la colaboraci\u00f3n y acceso a versiones en l\u00ednea de las aplicaciones de Office. Estas herramientas en la nube mejoran la productividad, permiten la colaboraci\u00f3n en tiempo real y garantizan el acceso continuo a los archivos desde cualquier lugar con conexi\u00f3n a internet.<\/p>\n<p>Seguridad y actualizaciones:<\/p>\n<p>Con Office 2021, la instalaci\u00f3n manual de actualizaciones y parches puede llevar mucho tiempo y, si se descuida, puede dejar el sistema vulnerable.<\/p>\n<p>Microsoft 365 incluye funciones de seguridad integradas y proporciona actualizaciones autom\u00e1ticas, lo que garantiza una protecci\u00f3n constante contra las \u00faltimas amenazas y vulnerabilidades sin ning\u00fan esfuerzo de su parte.<\/p>\n<p>Beneficios adicionales:<\/p>\n<p>Los suscriptores de Microsoft 365 a menudo reciben beneficios adicionales, como minutos gratis de Skype, descuentos en Microsoft Store y acceso a funciones premium en varios servicios de Microsoft.<\/p>\n<p>En conclusi\u00f3n, mientras que Office 2021 Professional Plus ofrece una opci\u00f3n de compra \u00fanica, Microsoft 365 ofrece una soluci\u00f3n m\u00e1s completa y con visi\u00f3n de futuro, con actualizaciones continuas, integraci\u00f3n en la nube, herramientas de colaboraci\u00f3n y funciones de seguridad. El modelo de suscripci\u00f3n le garantiza estar siempre equipado con la \u00faltima tecnolog\u00eda y ofrece mayor flexibilidad y valor por su inversi\u00f3n.<\/p>","protected":false},"excerpt":{"rendered":"<table style=\"border-collapse: collapse; width: 100%;\">\n<tbody>\n<tr>\n<th>Propiedad<\/th>\n<th>Valor<\/th>\n<\/tr>\n<tr>\n<td>Plataforma<\/td>\n<td>Windows, macOS, iOS, Android<\/td>\n<\/tr>\n<tr>\n<td>Procesador<\/td>\n<td>PC con procesador de 1 GHZ o m\u00e1s r\u00e1pido\/Mac con procesador Intel<\/td>\n<\/tr>\n<tr>\n<td>Disco duro<\/td>\n<td>4 GB de memoria libre en disco<\/td>\n<\/tr>\n<tr>\n<td>RAM<\/td>\n<td>4 GB de RAM para Mac \/ 2 GB (64 bits) para Windows<\/td>\n<\/tr>\n<tr>\n<td>Sistema operativo<\/td>\n<td>Windows 11, Windows 10, Windows 8.1 \/ MacOS (Ventura 13.2, Monterey 12.5, BigSur 11.7) \/ iOS 15.0 o superior \/ Android 6.0 o superior<\/td>\n<\/tr>\n<tr>\n<td>Otros requisitos<\/td>\n<td>Conexi\u00f3n a Internet para la instalaci\u00f3n y activaci\u00f3n de productos de Microsoft y acceso a servicios en l\u00ednea.<\/td>\n<\/tr>\n<\/tbody>\n<\/table>","protected":false},"featured_media":2759,"template":"","meta":{"inline_featured_image":false},"product_brand":[],"product_cat":[106],"product_tag":[],"class_list":{"0":"post-2487","1":"product","2":"type-product","3":"status-publish","4":"has-post-thumbnail","6":"product_cat-microsoft-office-software","8":"first","9":"instock","10":"sale","11":"virtual","12":"taxable","13":"purchasable","14":"product-type-simple"},"_links":{"self":[{"href":"https:\/\/elitesoftkeys.com\/es\/wp-json\/wp\/v2\/product\/2487","targetHints":{"allow":["GET"]}}],"collection":[{"href":"https:\/\/elitesoftkeys.com\/es\/wp-json\/wp\/v2\/product"}],"about":[{"href":"https:\/\/elitesoftkeys.com\/es\/wp-json\/wp\/v2\/types\/product"}],"version-history":[{"count":0,"href":"https:\/\/elitesoftkeys.com\/es\/wp-json\/wp\/v2\/product\/2487\/revisions"}],"wp:featuredmedia":[{"embeddable":true,"href":"https:\/\/elitesoftkeys.com\/es\/wp-json\/wp\/v2\/media\/2759"}],"wp:attachment":[{"href":"https:\/\/elitesoftkeys.com\/es\/wp-json\/wp\/v2\/media?parent=2487"}],"wp:term":[{"taxonomy":"product_brand","embeddable":true,"href":"https:\/\/elitesoftkeys.com\/es\/wp-json\/wp\/v2\/product_brand?post=2487"},{"taxonomy":"product_cat","embeddable":true,"href":"https:\/\/elitesoftkeys.com\/es\/wp-json\/wp\/v2\/product_cat?post=2487"},{"taxonomy":"product_tag","embeddable":true,"href":"https:\/\/elitesoftkeys.com\/es\/wp-json\/wp\/v2\/product_tag?post=2487"}],"curies":[{"name":"gracias","href":"https:\/\/api.w.org\/{rel}","templated":true}]}}