{"id":2486,"date":"2024-12-21T13:55:30","date_gmt":"2024-12-21T13:55:30","guid":{"rendered":"http:\/\/elitesoftkeys.com\/?product=office-home-business-2019-mac"},"modified":"2025-07-06T14:06:40","modified_gmt":"2025-07-06T14:06:40","slug":"office-home-business-2019-mac","status":"publish","type":"product","link":"https:\/\/elitesoftkeys.com\/es\/producto\/office-home-business-2019-mac\/","title":{"rendered":"Office Hogar y Empresas 2019 para Mac"},"content":{"rendered":"<p>IMPORTANTE: Esta versi\u00f3n de Office Hogar y Empresas 2019 es para Mac. Haga clic aqu\u00ed para Office Professional plus 2019 para la versi\u00f3n Windows de Office.<\/p>\n<p>Microsoft Office 2019 para Mac: caracter\u00edsticas y aplicaciones incluidas<\/p>\n<p>Office Hogar y Empresas 2019 es una versi\u00f3n de la suite de productividad de Microsoft que incluye aplicaciones esenciales para uso personal y empresarial. Esta versi\u00f3n est\u00e1 dise\u00f1ada para usarse en un solo dispositivo y est\u00e1 disponible como compra \u00fanica, a diferencia de un modelo de suscripci\u00f3n como Microsoft 365.<\/p>\n<p>Office Hogar y Empresas 2019 incluye aplicaciones como Word, Excel, PowerPoint, Outlook y OneNote, comunes tanto en entornos personales como empresariales. Esta versi\u00f3n es ideal para peque\u00f1as empresas o usuarios dom\u00e9sticos que necesitan crear documentos profesionales, administrar el correo electr\u00f3nico y los calendarios, y organizar su trabajo.<\/p>\n<p>\u00bfCu\u00e1l es la diferencia entre Office Hogar y Empresas 2019 y Microsoft 365?<\/p>\n<p>Office 2019 es una compra \u00fanica, lo que significa que pagas un \u00fanico pago inicial para obtener las aplicaciones de Microsoft para un solo ordenador. Una de las ventajas de elegir Office 2019 es que esta licencia no caduca. El derecho a usarla es perpetuo, a diferencia de Microsoft 365\/Office 365. Solo tienes que pagar si quieres actualizar a la siguiente versi\u00f3n principal; de lo contrario, puedes usarla todo el tiempo que quieras.<\/p>\n<p>Microsoft 365 es una suscripci\u00f3n que incluye aplicaciones como Word, Excel, PowerPoint, OneNote, Outlook, Publisher y Access (Publisher y Access solo est\u00e1n disponibles para PC), adem\u00e1s de servicios como 1 TB de almacenamiento en OneDrive y 60 minutos de Skype al mes. Para acceder a los datos y aplicaciones de Microsoft, debe renovar su suscripci\u00f3n anualmente.<\/p>\n<p>Microsoft Office 2019 para Mac: descarga e instalaci\u00f3n<\/p>\n<p>Tras la compra, le proporcionaremos la clave de producto necesaria para descargar Office 2019. Tambi\u00e9n recibir\u00e1 una gu\u00eda detallada que explica c\u00f3mo descargar el software de Office, instalarlo en su dispositivo y activarlo con la clave de producto. Si tiene alguna pregunta, ofrecemos soporte t\u00e9cnico gratuito por chat en vivo, correo electr\u00f3nico o WhatsApp.<\/p>\n<p>\u00bfPor qu\u00e9 elegir EliteSoftKeys para comprar licencias de software?<\/p>\n<p>EliteSoftKeys es un distribuidor de software de confianza que garantiza una experiencia de compra r\u00e1pida y sencilla para sus clientes. As\u00ed es como cumplimos nuestra promesa:<\/p>\n<p>Software aut\u00e9ntico: Solo ofrecemos software aut\u00e9ntico de marcas l\u00edderes. Como distribuidor certificado de Adobe y Microsoft, garantizamos la calidad y autenticidad de cada producto.<\/p>\n<p>Precios inmejorables: Disfrute de descuentos de hasta el 70 % sobre el precio de venta al p\u00fablico. Nuestros precios competitivos son posibles gracias a la reventa de licencias de segunda mano, una pr\u00e1ctica legalmente permitida por una sentencia del TJUE de 3 de julio de 2012.<\/p>\n<p>Servicio al cliente excepcional: Nuestro equipo de atenci\u00f3n al cliente multiling\u00fce, disponible las 24 horas, es muy apreciado. En plataformas como Trustpilot, Trusted Shop y Google Review, mantenemos una impresionante calificaci\u00f3n promedio de 4.9\/5 basada en decenas de rese\u00f1as de clientes.<\/p>\n<p>Opciones de pago seguro: elija entre una amplia gama de m\u00e9todos de pago seguros, incluidos Google Pay y tarjetas de cr\u00e9dito, para simplificar su proceso de compra.<\/p>\n<p>Preguntas frecuentes sobre Office Hogar y Empresas 2019 para Mac<\/p>\n<p>\u00bfC\u00f3mo recibo mi licencia despu\u00e9s de comprar Microsoft Office 2019 Hogar y Empresas para Mac?<\/p>\n<p>Despu\u00e9s de completar su compra, le enviaremos una clave de activaci\u00f3n de licencia por correo electr\u00f3nico.<\/p>\n<p>\u00bfC\u00f3mo descargo, instalo y activo Office Hogar y Empresas 2019 para Mac?<\/p>\n<p>\u00a1Te proporcionaremos todo lo que necesitas! Tras la compra, recibir\u00e1s tu clave digital con manuales sencillos de proceso adjuntos.<\/p>\n<p>Si tiene m\u00e1s preguntas, ofrecemos soporte t\u00e9cnico gratuito en las referencias de contacto que figuran en www.EliteSoftKeys.com.<\/p>\n<p>\u00bfQu\u00e9 puedo hacer si no puedo activar mi paquete de Office?<\/p>\n<p>Si no puede activar su licencia por cualquier motivo, p\u00f3ngase en contacto con nuestro soporte t\u00e9cnico gratuito indicado en el sitio web e incluya detalles y capturas de pantalla del problema. Lo solucionaremos de inmediato.<\/p>\n<p>\u00bfTengo que pagar una licencia de Office Hogar y Empresas 2019 para Mac cada a\u00f1o?<\/p>\n<p>\u00a1Para nada! Las versiones que se venden en www.EliteSoftKeys.com pertenecen a la categor\u00eda de &quot;licencia vitalicia de Office&quot;, por lo que, a diferencia de las suscripciones anuales cl\u00e1sicas de Office 365, no pagar\u00e1 ninguna tarifa adicional ni futura por su uso.<\/p>","protected":false},"excerpt":{"rendered":"<table style='border-collapse: collapse; width: 100%;'>\n<tr>\n<th>Propiedad<\/th>\n<th>Valor<\/th>\n<\/tr>\n<tr>\n<td>Plataforma<\/td>\n<td>Macos<\/td>\n<\/tr>\n<tr>\n<td>RAM<\/td>\n<td>4 GB de RAM para Mac<\/td>\n<\/tr>\n<tr>\n<td>Usuarios apoyados<\/td>\n<td>1 usuario, 1 dispositivo<\/td>\n<\/tr>\n<tr>\n<td>Sistema operativo<\/td>\n<td>macOS (Ventura 13.2, Monterey 12.5, BigSur 11.7)<\/td>\n<\/tr>\n<tr>\n<td>Otros requisitos<\/td>\n<td>Red de Internet para instalar y configurar el producto<\/td>\n<\/tr>\n<\/table>","protected":false},"featured_media":2850,"template":"","meta":{"inline_featured_image":false},"product_brand":[],"product_cat":[106],"product_tag":[],"class_list":{"0":"post-2486","1":"product","2":"type-product","3":"status-publish","4":"has-post-thumbnail","6":"product_cat-microsoft-office-software","8":"first","9":"instock","10":"sale","11":"virtual","12":"taxable","13":"purchasable","14":"product-type-simple"},"_links":{"self":[{"href":"https:\/\/elitesoftkeys.com\/es\/wp-json\/wp\/v2\/product\/2486","targetHints":{"allow":["GET"]}}],"collection":[{"href":"https:\/\/elitesoftkeys.com\/es\/wp-json\/wp\/v2\/product"}],"about":[{"href":"https:\/\/elitesoftkeys.com\/es\/wp-json\/wp\/v2\/types\/product"}],"version-history":[{"count":0,"href":"https:\/\/elitesoftkeys.com\/es\/wp-json\/wp\/v2\/product\/2486\/revisions"}],"wp:featuredmedia":[{"embeddable":true,"href":"https:\/\/elitesoftkeys.com\/es\/wp-json\/wp\/v2\/media\/2850"}],"wp:attachment":[{"href":"https:\/\/elitesoftkeys.com\/es\/wp-json\/wp\/v2\/media?parent=2486"}],"wp:term":[{"taxonomy":"product_brand","embeddable":true,"href":"https:\/\/elitesoftkeys.com\/es\/wp-json\/wp\/v2\/product_brand?post=2486"},{"taxonomy":"product_cat","embeddable":true,"href":"https:\/\/elitesoftkeys.com\/es\/wp-json\/wp\/v2\/product_cat?post=2486"},{"taxonomy":"product_tag","embeddable":true,"href":"https:\/\/elitesoftkeys.com\/es\/wp-json\/wp\/v2\/product_tag?post=2486"}],"curies":[{"name":"gracias","href":"https:\/\/api.w.org\/{rel}","templated":true}]}}