{"id":2485,"date":"2024-12-21T13:55:30","date_gmt":"2024-12-21T13:55:30","guid":{"rendered":"http:\/\/elitesoftkeys.com\/?product=office-professional-plus-2021-windows-11-pro"},"modified":"2025-07-06T14:06:40","modified_gmt":"2025-07-06T14:06:40","slug":"office-professional-plus-2021-windows-11-pro","status":"publish","type":"product","link":"https:\/\/elitesoftkeys.com\/es\/producto\/office-professional-plus-2021-windows-11-pro\/","title":{"rendered":"Office Professional Plus 2021 + Windows 11 Pro"},"content":{"rendered":"<p>Descripci\u00f3n del Producto<\/p>\n<p>Obtenga lo \u00faltimo en rendimiento y productividad con nuestro paquete exclusivo que incluye Office Professional Plus 2021 y Windows 11 Pro. Este paquete es perfecto para profesionales y empresas que buscan actualizar su software con las \u00faltimas versiones disponibles.<\/p>\n<p>Qu\u00e9 incluye el paquete Office<\/p>\n<p>El paquete Microsoft Office Professional Plus 2021 incluye un conjunto completo de aplicaciones indispensables para su trabajo diario. Se beneficiar\u00e1 de las versiones completas de<\/p>\n<p>Palabra 2021<\/p>\n<p>Excel 2021<\/p>\n<p>PowerPoint 2021<\/p>\n<p>Perspectivas para 2021<\/p>\n<p>Acceso 2021<\/p>\n<p>Editorial 2021<\/p>\n<p>OneNote 2021<\/p>\n<p>Con la licencia de Microsoft Office Professional Plus 2021, obtendr\u00e1 acceso a herramientas avanzadas para la gesti\u00f3n de datos, la creaci\u00f3n de presentaciones atractivas y la comunicaci\u00f3n profesional.<\/p>\n<p>Descarga y clave de Office Professional Plus 2021<\/p>\n<p>Una vez adquirido el paquete, puede descargar f\u00e1cilmente Office 2021 desde el sitio web oficial y activarlo con la clave de Office 2021 Professional Plus incluida. La instalaci\u00f3n es r\u00e1pida y sencilla, y podr\u00e1 empezar a trabajar de inmediato.<\/p>\n<p>Windows 11 Pro: La mejor opci\u00f3n para tu PC<\/p>\n<p>Actual\u00edzate al sistema operativo m\u00e1s moderno y seguro con Windows 11 Pro. Esta versi\u00f3n ofrece numerosas ventajas sobre Home, como funciones de seguridad avanzadas y herramientas de gesti\u00f3n empresarial. Si est\u00e1s pensando en actualizar de Windows 11 Home a Pro, este paquete es la soluci\u00f3n ideal.<\/p>\n<p>Diferencia entre Windows 11 Home y Pro<\/p>\n<p>La principal diferencia entre Windows 11 Home y Pro radica en las funciones adicionales de seguridad y gesti\u00f3n empresarial que ofrece la versi\u00f3n Pro. Con la licencia de Windows 11 Pro, podr\u00e1s disfrutar de BitLocker, compatibilidad con dominios y otras funciones avanzadas que no est\u00e1n disponibles en la versi\u00f3n Home.<\/p>\n<p>Actualizar a Windows 11<\/p>\n<p>Si usas una versi\u00f3n anterior de Windows, es hora de actualizar a Windows 11. Nuestro paquete te ofrece todo lo que necesitas para actualizar de forma f\u00e1cil y segura, garantizando una transici\u00f3n fluida al nuevo sistema operativo.<\/p>\n<p>IMPORTANTE: para obtener m\u00e1s informaci\u00f3n y detalles sobre los productos individuales, haga clic aqu\u00ed para Windows 11 Pro y aqu\u00ed para Office Pro Plus 2021<\/p>\n<p>Beneficios de comprar el paquete<\/p>\n<p>Conveniencia: ahorre dinero comprando ambos software en un solo paquete.<\/p>\n<p>Compatibilidad: aseg\u00farese de que todas sus herramientas sean compatibles y est\u00e9n optimizadas para las \u00faltimas versiones.<\/p>\n<p>Facilidad de instalaci\u00f3n: reciba instrucciones detalladas para descargar e instalar ambos productos.<\/p>\n<p>No pierdas la oportunidad de mejorar tu productividad y seguridad inform\u00e1tica con nuestro paquete Microsoft Office 2021 Pro y Windows 11 Pro. C\u00f3mpralo ahora y descubre todos los beneficios de tener las \u00faltimas versiones del software de Microsoft a tu alcance.<\/p>","protected":false},"excerpt":{"rendered":"<table style='border-collapse: collapse; width: 100%;'>\n<tr>\n<th>Propiedad<\/th>\n<th>Valor<\/th>\n<\/tr>\n<tr>\n<td>Procesador<\/td>\n<td>Procesador de 2 n\u00facleos a 1,6 GHz<\/td>\n<\/tr>\n<tr>\n<td>Disco duro<\/td>\n<td>4 GB de espacio disponible en disco<\/td>\n<\/tr>\n<tr>\n<td>RAM<\/td>\n<td>4 GB (64 bits), 2 GB (32 bits) de RAM<\/td>\n<\/tr>\n<tr>\n<td>Sistema operativo<\/td>\n<td>Windows 10 o m\u00e1s reciente<\/td>\n<\/tr>\n<tr>\n<td>Otros requisitos<\/td>\n<td>acceso a Internet<\/td>\n<\/tr>\n<\/table>","protected":false},"featured_media":2848,"template":"","meta":{"inline_featured_image":false},"product_brand":[],"product_cat":[106],"product_tag":[],"class_list":{"0":"post-2485","1":"product","2":"type-product","3":"status-publish","4":"has-post-thumbnail","6":"product_cat-microsoft-office-software","8":"first","9":"instock","10":"sale","11":"virtual","12":"taxable","13":"purchasable","14":"product-type-simple"},"_links":{"self":[{"href":"https:\/\/elitesoftkeys.com\/es\/wp-json\/wp\/v2\/product\/2485","targetHints":{"allow":["GET"]}}],"collection":[{"href":"https:\/\/elitesoftkeys.com\/es\/wp-json\/wp\/v2\/product"}],"about":[{"href":"https:\/\/elitesoftkeys.com\/es\/wp-json\/wp\/v2\/types\/product"}],"version-history":[{"count":0,"href":"https:\/\/elitesoftkeys.com\/es\/wp-json\/wp\/v2\/product\/2485\/revisions"}],"wp:featuredmedia":[{"embeddable":true,"href":"https:\/\/elitesoftkeys.com\/es\/wp-json\/wp\/v2\/media\/2848"}],"wp:attachment":[{"href":"https:\/\/elitesoftkeys.com\/es\/wp-json\/wp\/v2\/media?parent=2485"}],"wp:term":[{"taxonomy":"product_brand","embeddable":true,"href":"https:\/\/elitesoftkeys.com\/es\/wp-json\/wp\/v2\/product_brand?post=2485"},{"taxonomy":"product_cat","embeddable":true,"href":"https:\/\/elitesoftkeys.com\/es\/wp-json\/wp\/v2\/product_cat?post=2485"},{"taxonomy":"product_tag","embeddable":true,"href":"https:\/\/elitesoftkeys.com\/es\/wp-json\/wp\/v2\/product_tag?post=2485"}],"curies":[{"name":"gracias","href":"https:\/\/api.w.org\/{rel}","templated":true}]}}