{"id":17158,"date":"2025-07-08T14:06:25","date_gmt":"2025-07-08T14:06:25","guid":{"rendered":"https:\/\/elitesoftkeys.com\/?post_type=product&#038;p=17158"},"modified":"2026-01-06T22:10:27","modified_gmt":"2026-01-06T22:10:27","slug":"adobe-creative-cloud-all-apps-graphic-design-software-ai-powered-features-vector-illustration-layout-image-editing-pc-mac-12-month-subscription-with-auto-renewal","status":"publish","type":"product","link":"https:\/\/elitesoftkeys.com\/es\/producto\/adobe-creative-cloud-all-apps-graphic-design-software-ai-powered-features-vector-illustration-layout-image-editing-pc-mac-12-month-subscription-with-auto-renewal\/","title":{"rendered":"Adobe Creative Cloud Todas las aplicaciones 1 a\u00f1o PC\/Mac"},"content":{"rendered":"<p><img decoding=\"async\" class=\"wp-image-17163 aligncenter\" src=\"https:\/\/elitesoftkeys.com\/wp-content\/uploads\/2025\/07\/Adobe-CERTIFIED-1-300x122.webp\" alt=\"\" width=\"244\" height=\"99\" \/><\/p>\n<p>&nbsp;<\/p>\n<p><strong>Esta es una suscripci\u00f3n COMPLETA y GENUINA de Adobe Creative Cloud por 12 meses.<\/strong> La suscripci\u00f3n se a\u00f1adir\u00e1 a su cuenta personal de Adobe una vez realizado el pedido. Indique su direcci\u00f3n de correo electr\u00f3nico de Adobe en la p\u00e1gina de pago.<\/p>\n<h4><strong>Caracter\u00edsticas<\/strong><\/h4>\n<ul>\n<li>Acceso para 1 usuario en 2 dispositivos<\/li>\n<li>80 GB de almacenamiento en la nube con Adobe<\/li>\n<li>Funciona en el sitio web oficial de Adobe Creative Cloud o en las aplicaciones de escritorio<\/li>\n<li>1 a\u00f1o de garant\u00eda<\/li>\n<li>Todas las aplicaciones de Adobe Creative Suite: Photoshop, Lightroom, Lightroom Classic, Adobe Express, Adobe Firefly, Premiere Pro, Illustrator, Adobe Fresco, Dreamweaver, Acrobat Pro, Media Encoder, Bridge, Character Animator, Audition, Dimension, Photoshop Express, Animate, Aero, After Effects, InDesign.<\/li>\n<\/ul>\n<p>&nbsp;<\/p>\n<p><img fetchpriority=\"high\" decoding=\"async\" class=\"wp-image-17164 aligncenter\" src=\"https:\/\/elitesoftkeys.com\/wp-content\/uploads\/2025\/07\/Screenshot-2025-07-08-at-15.00.27-300x165.png\" alt=\"\" width=\"1069\" height=\"588\" srcset=\"https:\/\/elitesoftkeys.com\/wp-content\/uploads\/2025\/07\/Screenshot-2025-07-08-at-15.00.27-1024x563.png 1024w, https:\/\/elitesoftkeys.com\/wp-content\/uploads\/2025\/07\/Screenshot-2025-07-08-at-15.00.27-768x422.png 768w, https:\/\/elitesoftkeys.com\/wp-content\/uploads\/2025\/07\/Screenshot-2025-07-08-at-15.00.27-640x352.png 640w, https:\/\/elitesoftkeys.com\/wp-content\/uploads\/2025\/07\/Screenshot-2025-07-08-at-15.00.27-400x220.png 400w, https:\/\/elitesoftkeys.com\/wp-content\/uploads\/2025\/07\/Screenshot-2025-07-08-at-15.00.27-600x330.png 600w\" sizes=\"(max-width: 1069px) 100vw, 1069px\" \/><\/p>\n<p>&nbsp;<\/p>\n<p><strong>Puede ser dif\u00edcil encontrar un descuento en Adobe Creative Cloud,<\/strong> Pero recientemente hemos visto a Adobe ofrecer varias ofertas para ayudar a aliviar la carga financiera que enfrentan actualmente los creativos de todo el mundo. As\u00ed que, si has estado pensando en invertir en el software, hoy podr\u00eda ser el d\u00eda para hacerlo.<\/p>\n<p>&nbsp;<\/p>\n<p>Las aplicaciones de Adobe se han convertido en el software creativo preferido de muchos artistas y dise\u00f1adores a lo largo de los a\u00f1os, y no sin una buena raz\u00f3n. <strong>La suite est\u00e1 llena de aplicaciones que te ayudar\u00e1n a maximizar tu creatividad,<\/strong> No importa tu disciplina.<\/p>\n<p>&nbsp;<\/p>\n<p>Existe Photoshop para edici\u00f3n de im\u00e1genes en computadoras de escritorio y iPad, Illustrator para crear ilustraciones espectaculares (y tambi\u00e9n estamos desarrollando una versi\u00f3n para iPad), Adobe InDesign para crear dise\u00f1os de p\u00e1gina espectaculares, Adobe XD para todas tus necesidades de prototipado, Adobe Fresco para pintura digital en cualquier lugar y mucho, mucho m\u00e1s. El paquete de software de Adobe ha sido durante mucho tiempo el est\u00e1ndar de la industria, as\u00ed que si eres dise\u00f1ador gr\u00e1fico, dise\u00f1ador web, artista, fot\u00f3grafo, dise\u00f1ador de animaci\u00f3n o editor de video, es probable que necesites familiarizarte con al menos algunos de sus programas. <strong>Las aplicaciones tambi\u00e9n se actualizan constantemente, por lo que siguen mejorando.<\/strong><\/p>\n<p>&nbsp;<\/p>\n<p><strong>Los mejores descuentos de Adobe Creative Cloud ahora mismo<\/strong> Son ideales para cualquier persona con un inter\u00e9s m\u00ednimo en la creatividad. Tanto si eres un estudiante que da sus primeros pasos en la industria como un profesional que busca un plan de Adobe Creative Cloud para reducir tus gastos mensuales, tenemos lo que necesitas.<\/p>\n<p>&nbsp;<\/p>\n<h4><strong>Adobe Creative Cloud: sue\u00f1a en grande<\/strong><\/h4>\n<p>Adobe Creative Cloud es una colecci\u00f3n de aplicaciones y servicios desarrollados por Adobe Inc. que proporciona a los suscriptores acceso a un grupo de software utilizado para dise\u00f1o gr\u00e1fico, fotograf\u00eda, desarrollo web, edici\u00f3n de v\u00eddeo, junto con un conjunto de aplicaciones m\u00f3viles y tambi\u00e9n algunos servicios en la nube opcionales.<\/p>\n<p>&nbsp;<\/p>\n<h4><strong>Aplicaciones principales incluidas<\/strong><\/h4>\n<p><strong>Photoshop<\/strong><br \/>\nCree hermosos gr\u00e1ficos, fotograf\u00edas y arte en cualquier lugar.<\/p>\n<p><strong>Ilustrador<\/strong><br \/>\nCrea hermosos dibujos e ilustraciones vectoriales.<\/p>\n<p><strong>InDesign<\/strong><br \/>\nDise\u00f1o y maquetaci\u00f3n de p\u00e1ginas para medios impresos y digitales.<\/p>\n<p><strong>Lightroom<\/strong><br \/>\nEdite, organice, almacene y comparta fotos desde cualquier lugar.<\/p>\n<p><strong>Lightroom Classic<\/strong><br \/>\nEdici\u00f3n de fotos enfocada en el escritorio<\/p>\n<p><strong>Acr\u00f3bata<\/strong><br \/>\nLa soluci\u00f3n PDF completa para trabajar en cualquier lugar (incluye acceso de escritorio, web y m\u00f3vil).<\/p>\n<p><strong>Animar<\/strong><br \/>\nDise\u00f1e animaciones vectoriales interactivas para m\u00faltiples plataformas.<\/p>\n<p><strong>Tejedor de sue\u00f1os<\/strong><br \/>\nDise\u00f1ar y desarrollar sitios web modernos y responsivos.<\/p>\n<p><strong>Premiere Pro<\/strong><br \/>\nEdici\u00f3n profesional de v\u00eddeos y pel\u00edculas.<\/p>\n<p><strong>Fuentes de Adobe<\/strong><br \/>\nFuentes ilimitadas a tu alcance.<\/p>\n<p><strong>Efectos posteriores<\/strong><br \/>\nCree gr\u00e1ficos en movimiento y efectos visuales para pel\u00edculas, televisi\u00f3n, v\u00eddeos y la web.<\/p>\n<p><strong>Audici\u00f3n<\/strong><br \/>\nGrabaci\u00f3n, mezcla y restauraci\u00f3n de audio.<\/p>\n<p><strong>En copia<\/strong><br \/>\nRealice ediciones de texto y modificaciones de dise\u00f1o sin afectar los dise\u00f1os.<\/p>\n<p><strong>Puente<\/strong><br \/>\nBridge es un potente administrador de activos creativos que le permite obtener una vista previa, organizar, editar y publicar m\u00faltiples activos creativos de forma r\u00e1pida y sencilla.<\/p>\n<p>&nbsp;<\/p>\n<p><strong>y m\u00e1s\u2026 (encuentre la lista completa de aplicaciones a continuaci\u00f3n):<\/strong><\/p>\n<p>Todas las aplicaciones de Adobe Creative Suite: Photoshop, Lightroom, Lightroom Classic, Adobe Express, Adobe Firefly, Premiere Pro, Illustrator, Adobe Fresco, Dreamweaver, Acrobat Pro, Media Encoder, Bridge, Character Animator, Audition, Dimension, Photoshop Express, Animate, Aero, After Effects, InDesign.<\/p>","protected":false},"excerpt":{"rendered":"<p><strong>Tenga en cuenta antes de comprar:<\/strong><br \/>\nCompatible con\u00a0 <i class=\"fab fa-windows\"><\/i> o <i class=\"fab fa-apple\"><\/i><br \/>\nPuedes usarlo con tu cuenta personal de Adobe.<\/p>\n<p>Este es un <strong>Suscripci\u00f3n COMPLETA y GENUINA a Adobe Creative Cloud por 12 meses.<\/strong> La suscripci\u00f3n se a\u00f1adir\u00e1 a su cuenta personal de Adobe una vez realizado el pedido. Indique su direcci\u00f3n de correo electr\u00f3nico de Adobe en la p\u00e1gina de pago.<\/p>\n<p><strong>Todas las aplicaciones de Adobe Creative Suite:<\/strong> Photoshop, Lightroom, Lightroom Classic, Adobe Express, Adobe Firefly, Premiere Pro, Illustrator, Adobe Fresco, Dreamweaver, Acrobat Pro, Media Encoder, Bridge, Character Animator, Audition, Dimension, Photoshop Express, Animate, Aero, After Effects, InDesign.<\/p>","protected":false},"featured_media":17181,"template":"","meta":{"inline_featured_image":false},"product_brand":[],"product_cat":[116],"product_tag":[],"class_list":{"0":"post-17158","1":"product","2":"type-product","3":"status-publish","4":"has-post-thumbnail","6":"product_cat-photo-editing-software","8":"first","9":"instock","10":"sale","11":"virtual","12":"taxable","13":"purchasable","14":"product-type-simple"},"_links":{"self":[{"href":"https:\/\/elitesoftkeys.com\/es\/wp-json\/wp\/v2\/product\/17158","targetHints":{"allow":["GET"]}}],"collection":[{"href":"https:\/\/elitesoftkeys.com\/es\/wp-json\/wp\/v2\/product"}],"about":[{"href":"https:\/\/elitesoftkeys.com\/es\/wp-json\/wp\/v2\/types\/product"}],"version-history":[{"count":0,"href":"https:\/\/elitesoftkeys.com\/es\/wp-json\/wp\/v2\/product\/17158\/revisions"}],"wp:featuredmedia":[{"embeddable":true,"href":"https:\/\/elitesoftkeys.com\/es\/wp-json\/wp\/v2\/media\/17181"}],"wp:attachment":[{"href":"https:\/\/elitesoftkeys.com\/es\/wp-json\/wp\/v2\/media?parent=17158"}],"wp:term":[{"taxonomy":"product_brand","embeddable":true,"href":"https:\/\/elitesoftkeys.com\/es\/wp-json\/wp\/v2\/product_brand?post=17158"},{"taxonomy":"product_cat","embeddable":true,"href":"https:\/\/elitesoftkeys.com\/es\/wp-json\/wp\/v2\/product_cat?post=17158"},{"taxonomy":"product_tag","embeddable":true,"href":"https:\/\/elitesoftkeys.com\/es\/wp-json\/wp\/v2\/product_tag?post=17158"}],"curies":[{"name":"gracias","href":"https:\/\/api.w.org\/{rel}","templated":true}]}}